{"id":29140,"date":"2025-09-12T09:16:44","date_gmt":"2025-09-12T09:16:44","guid":{"rendered":"https:\/\/boreait.com\/hr\/?post_type=product&#038;p=29140"},"modified":"2025-09-13T15:17:36","modified_gmt":"2025-09-13T15:17:36","slug":"lenovo-thinkpad-x280-originalna-wifi-kartica-8265ngw-851592-001-dijelovi-bezicnog-lan-prijenosnog-racunala","status":"publish","type":"product","link":"https:\/\/boreait.com\/hr\/product\/lenovo-thinkpad-x280-originalna-wifi-kartica-8265ngw-851592-001-dijelovi-bezicnog-lan-prijenosnog-racunala\/","title":{"rendered":"Lenovo ThinkPad X280 originalna WiFi kartica 8265NGW 851592-001 dijelovi be\u017ei\u010dnog LAN prijenosnog ra\u010dunala"},"content":{"rendered":"<p data-start=\"550\" data-end=\"872\">Ova <strong data-start=\"555\" data-end=\"610\">originalna WiFi be\u017ei\u010dna LAN kartica Lenovo ThinkPad X280<\/strong> (Intel 8265NGW, FRU: 851592-001) savr\u0161en je zamjenski dio za obnavljanje ili nadogradnju be\u017ei\u010dne veze va\u0161eg prijenosnog ra\u010dunala. Dizajniran za seriju X280, pru\u017ea brze i stabilne performanse, osiguravaju\u0107i glatko pregledavanje, strujanje i radnu produktivnost.<\/p>\n<ul data-start=\"874\" data-end=\"1134\">\n<li data-start=\"874\" data-end=\"923\">\n<p data-start=\"876\" data-end=\"923\"><strong data-start=\"876\" data-end=\"900\">Kompatibilnost robne marke:<\/strong> Lenovo ThinkPad X280<\/p>\n<\/li>\n<li data-start=\"924\" data-end=\"971\">\n<p data-start=\"926\" data-end=\"971\"><strong data-start=\"926\" data-end=\"943\">Brojevi dijelova:<\/strong> Intel 8265NGW, 851592-001<\/p>\n<\/li>\n<li data-start=\"972\" data-end=\"1014\">\n<p data-start=\"974\" data-end=\"1014\"><strong data-start=\"974\" data-end=\"987\">Funkcija:<\/strong> be\u017ei\u010dna LAN \/ WiFi kartica<\/p>\n<\/li>\n<li data-start=\"1015\" data-end=\"1070\">\n<p data-start=\"1017\" data-end=\"1070\"><strong data-start=\"1017\" data-end=\"1031\">Stanje:<\/strong> Originalni i potpuno testirani dio prijenosnog ra\u010dunala<\/p>\n<\/li>\n<li data-start=\"1071\" data-end=\"1134\">\n<p data-start=\"1073\" data-end=\"1134\"><strong data-start=\"1073\" data-end=\"1084\">Fotografije:<\/strong> Prave slike stvarnog dijela koji \u0107ete dobiti<\/p>\n<\/li>\n<\/ul>\n<p data-start=\"1136\" data-end=\"1355\">Ovaj dio za prijenosno ra\u010dunalo idealan je ako je va\u0161a trenutna WiFi kartica neispravna, o\u0161te\u0107ena ili je treba nadograditi. Imajte na umu da upute za instalaciju nisu uklju\u010dene, ali ako trebate upute, slobodno nam po\u0161aljite poruku za pomo\u0107.<\/p>\n<p data-start=\"1357\" data-end=\"1479\">\u2714 100% originalni dio prijenosnog ra\u010dunala Lenovo<br data-start=\"1390\" data-end=\"1393\" \/>\u2714 Testirana kvaliteta i izvedba<br data-start=\"1429\" data-end=\"1432\" \/>\u2714 Dostava \u0161irom svijeta dostupna iz na\u0161e trgovine<\/p>\n","protected":false},"excerpt":{"rendered":"<p>Nadogradite svoj Lenovo ThinkPad X280 ovom originalnom Intel 8265NGW WiFi karticom (FRU 851592-001). Pouzdana be\u017ei\u010dna LAN izvedba, ispitana i spremna za instalaciju.<\/p>\n","protected":false},"featured_media":29212,"template":"","meta":[],"product_brand":[],"product_cat":[62],"product_tag":[61],"class_list":{"0":"post-29140","1":"product","2":"type-product","3":"status-publish","4":"has-post-thumbnail","6":"product_cat-motherboards-board-parts","7":"product_tag-lenovo","9":"first","10":"instock","11":"taxable","12":"shipping-taxable","13":"purchasable","14":"product-type-simple"},"_links":{"self":[{"href":"https:\/\/boreait.com\/hr\/wp-json\/wp\/v2\/product\/29140","targetHints":{"allow":["GET"]}}],"collection":[{"href":"https:\/\/boreait.com\/hr\/wp-json\/wp\/v2\/product"}],"about":[{"href":"https:\/\/boreait.com\/hr\/wp-json\/wp\/v2\/types\/product"}],"wp:featuredmedia":[{"embeddable":true,"href":"https:\/\/boreait.com\/hr\/wp-json\/wp\/v2\/media\/29212"}],"wp:attachment":[{"href":"https:\/\/boreait.com\/hr\/wp-json\/wp\/v2\/media?parent=29140"}],"wp:term":[{"taxonomy":"product_brand","embeddable":true,"href":"https:\/\/boreait.com\/hr\/wp-json\/wp\/v2\/product_brand?post=29140"},{"taxonomy":"product_cat","embeddable":true,"href":"https:\/\/boreait.com\/hr\/wp-json\/wp\/v2\/product_cat?post=29140"},{"taxonomy":"product_tag","embeddable":true,"href":"https:\/\/boreait.com\/hr\/wp-json\/wp\/v2\/product_tag?post=29140"}],"curies":[{"name":"wp","href":"https:\/\/api.w.org\/{rel}","templated":true}]}}