{"id":29139,"date":"2025-09-12T09:16:44","date_gmt":"2025-09-12T09:16:44","guid":{"rendered":"https:\/\/boreait.com\/hr\/?post_type=product&#038;p=29139"},"modified":"2025-09-13T15:18:30","modified_gmt":"2025-09-13T15:18:30","slug":"lenovo-thinkpad-x280-set-sarki-lijevo-i-desno-01yn067-01yn066-am16p000810","status":"publish","type":"product","link":"https:\/\/boreait.com\/hr\/product\/lenovo-thinkpad-x280-set-sarki-lijevo-i-desno-01yn067-01yn066-am16p000810\/","title":{"rendered":"Lenovo ThinkPad X280 set \u0161arki lijevo i desno |  01YN067 01YN066 AM16P000810"},"content":{"rendered":"<p data-start=\"539\" data-end=\"785\">Vratite funkcionalnost svog Lenovo ThinkPad X280 ovim <strong data-start=\"604\" data-end=\"626\">originalnim setom \u0161arki<\/strong>. Ove \u0161arke (lijevo i desno) visoko su kvalitetni dijelovi prijenosnog ra\u010dunala dizajnirani posebno za seriju X280, osiguravaju\u0107i savr\u0161eno pristajanje i dugotrajnu izvedbu.<\/p>\n<p data-start=\"787\" data-end=\"1043\">\u2714\ufe0f <strong data-start=\"790\" data-end=\"811\">Kompatibilni model:<\/strong> Lenovo ThinkPad X280<br data-start=\"832\" data-end=\"835\" \/>\u2714\ufe0f <strong data-start=\"838\" data-end=\"851\">Uklju\u010deno:<\/strong> lijevo \u0161arka + desna \u0161arka \/ Brojevi dijelova: 01YN067 01YN066 AM16P000810<br data-start=\"876\" data-end=\"879\" \/>\u2714\ufe0f <strong data-start=\"882\" data-end=\"896\">Stanje:<\/strong> Originalno, potpuno testirano i u izvrsnom radnom stanju<br data-start=\"955\" data-end=\"958\" \/>\u2714\ufe0f <strong data-start=\"961\" data-end=\"969\">Upotreba:<\/strong> Zamjena za o\u0161te\u0107ene ili istro\u0161ene \u0161arke, obnavljanje stabilne potpore zaslona<\/p>\n<p data-start=\"1045\" data-end=\"1308\">Ako je zaslon va\u0161eg prijenosnog ra\u010dunala labav, klimav ili ga je te\u0161ko prilagoditi, zamjena \u0161arki je naju\u010dinkovitije rje\u0161enje. Ovaj set poma\u017ee vam da vratite svoj ure\u0111aj na izvornu \u010dvrstu konstrukciju, olak\u0161avaju\u0107i svakodnevnu upotrebu bez brige o pomicanju zaslona.<\/p>\n<ul data-start=\"1310\" data-end=\"1683\">\n<li data-start=\"1310\" data-end=\"1407\">\n<p data-start=\"1312\" data-end=\"1407\"><strong data-start=\"1312\" data-end=\"1334\">Zajam\u010dena kvaliteta<\/strong>: Ovo su autenti\u010dni dijelovi prijenosnog ra\u010dunala za Lenovo, a ne generi\u010dke zamjene.<\/p>\n<\/li>\n<li data-start=\"1408\" data-end=\"1471\">\n<p data-start=\"1410\" data-end=\"1471\"><strong data-start=\"1410\" data-end=\"1432\">Dostava diljem svijeta<\/strong>: Dostavljamo diljem Europe i diljem svijeta.<\/p>\n<\/li>\n<li data-start=\"1472\" data-end=\"1595\">\n<p data-start=\"1474\" data-end=\"1595\"><strong data-start=\"1474\" data-end=\"1494\">Korisni\u010dka podr\u0161ka<\/strong>: upute za instalaciju nisu uklju\u010dene, ali ako trebate smjernice, mo\u017eete nam poslati poruku u bilo kojem trenutku.<\/p>\n<\/li>\n<li data-start=\"1596\" data-end=\"1683\">\n<p data-start=\"1598\" data-end=\"1683\"><strong data-start=\"1598\" data-end=\"1613\">Prave fotografije<\/strong>: Sve slike u popisu prikazuju stvarne \u0161arke koje \u0107ete dobiti.<\/p>\n<\/li>\n<\/ul>\n<p data-start=\"1685\" data-end=\"1791\">Nadogradite i popravite svoj ThinkPad X280 s povjerenjem \u2013 izdr\u017eljive \u0161arke zna\u010de du\u017ei \u017eivot va\u0161eg prijenosnog ra\u010dunala.<\/p>\n","protected":false},"excerpt":{"rendered":"<p data-start=\"348\" data-end=\"488\">Komplet originalnih \u0161arki Lenovo ThinkPad X280 (lijevo &amp; desno). Savr\u0161eni zamjenski dijelovi prijenosnog ra\u010dunala za vra\u0107anje glatkog kretanja zaslona i trajnosti.<\/p>\n","protected":false},"featured_media":29211,"template":"","meta":[],"product_brand":[],"product_cat":[54],"product_tag":[61],"class_list":{"0":"post-29139","1":"product","2":"type-product","3":"status-publish","4":"has-post-thumbnail","6":"product_cat-screen-hinge","7":"product_tag-lenovo","9":"first","10":"instock","11":"taxable","12":"shipping-taxable","13":"purchasable","14":"product-type-simple"},"_links":{"self":[{"href":"https:\/\/boreait.com\/hr\/wp-json\/wp\/v2\/product\/29139","targetHints":{"allow":["GET"]}}],"collection":[{"href":"https:\/\/boreait.com\/hr\/wp-json\/wp\/v2\/product"}],"about":[{"href":"https:\/\/boreait.com\/hr\/wp-json\/wp\/v2\/types\/product"}],"wp:featuredmedia":[{"embeddable":true,"href":"https:\/\/boreait.com\/hr\/wp-json\/wp\/v2\/media\/29211"}],"wp:attachment":[{"href":"https:\/\/boreait.com\/hr\/wp-json\/wp\/v2\/media?parent=29139"}],"wp:term":[{"taxonomy":"product_brand","embeddable":true,"href":"https:\/\/boreait.com\/hr\/wp-json\/wp\/v2\/product_brand?post=29139"},{"taxonomy":"product_cat","embeddable":true,"href":"https:\/\/boreait.com\/hr\/wp-json\/wp\/v2\/product_cat?post=29139"},{"taxonomy":"product_tag","embeddable":true,"href":"https:\/\/boreait.com\/hr\/wp-json\/wp\/v2\/product_tag?post=29139"}],"curies":[{"name":"wp","href":"https:\/\/api.w.org\/{rel}","templated":true}]}}