{"id":29125,"date":"2025-09-12T09:16:12","date_gmt":"2025-09-12T09:16:12","guid":{"rendered":"https:\/\/boreait.com\/hr\/?post_type=product&#038;p=29125"},"modified":"2025-09-13T15:20:28","modified_gmt":"2025-09-13T15:20:28","slug":"lenovo-thinkpad-l580-15-6-oslonac-za-ruku-za-prijenosno-racunalo-ap165000200-zamjenski-dio-bez-dodirne-podloge","status":"publish","type":"product","link":"https:\/\/boreait.com\/hr\/product\/lenovo-thinkpad-l580-15-6-oslonac-za-ruku-za-prijenosno-racunalo-ap165000200-zamjenski-dio-bez-dodirne-podloge\/","title":{"rendered":"Lenovo ThinkPad L580 15.6&#8243; oslonac za ruku za prijenosno ra\u010dunalo AP165000200 Zamjenski dio (bez dodirne podloge)"},"content":{"rendered":"<p data-start=\"515\" data-end=\"716\">Nadogradite ili popravite svoj Lenovo ThinkPad L580 ovim originalnim <strong data-start=\"578\" data-end=\"621\">15,6-in\u010dnim osloncem za dlanove prijenosnog ra\u010dunala (AP165000200)<\/strong>. Ovaj oslonac za dlanove originalni je Lenovo dio, dizajniran da savr\u0161eno odgovara ThinkPad L580 seriji.<\/p>\n<p data-start=\"718\" data-end=\"739\">\ud83d\udc49 <strong data-start=\"721\" data-end=\"737\">Klju\u010dni detalji:<\/strong><\/p>\n<ul data-start=\"740\" data-end=\"1031\">\n<li data-start=\"740\" data-end=\"789\">\n<p data-start=\"742\" data-end=\"789\"><strong data-start=\"742\" data-end=\"766\">Kompatibilnost modela:<\/strong> Lenovo ThinkPad L580<\/p>\n<\/li>\n<li data-start=\"790\" data-end=\"822\">\n<p data-start=\"792\" data-end=\"822\"><strong data-start=\"792\" data-end=\"808\">Broj dijela:<\/strong> AP165000200<\/p>\n<\/li>\n<li data-start=\"823\" data-end=\"858\">\n<p data-start=\"825\" data-end=\"858\"><strong data-start=\"825\" data-end=\"834\">Veli\u010dina:<\/strong> oslonac za dlan prijenosnog ra\u010dunala 15,6&#8243;<\/p>\n<\/li>\n<li data-start=\"859\" data-end=\"903\">\n<p data-start=\"861\" data-end=\"903\"><strong data-start=\"861\" data-end=\"875\">Stanje:<\/strong> Originalni zamjenski dio<\/p>\n<\/li>\n<li data-start=\"904\" data-end=\"952\">\n<p data-start=\"906\" data-end=\"952\"><strong data-start=\"906\" data-end=\"919\">Dodirna podloga:<\/strong> <em data-start=\"920\" data-end=\"934\">Nije uklju\u010deno<\/em> (samo oslonac za dlan)<\/p>\n<\/li>\n<li data-start=\"953\" data-end=\"1031\">\n<p data-start=\"955\" data-end=\"1031\"><strong data-start=\"955\" data-end=\"966\">Fotografije:<\/strong> Sve su slike stvarne slike stvarnog dijela koji \u0107ete dobiti<\/p>\n<\/li>\n<\/ul>\n<p data-start=\"1033\" data-end=\"1204\">Ovaj naslon za ruku idealan je izbor za popravak o\u0161te\u0107enih ili istro\u0161enih dijelova prijenosnog ra\u010dunala. Poma\u017ee vratiti izgled i funkcionalnost va\u0161eg ThinkPada, osiguravaju\u0107i dugotrajnu upotrebu.<\/p>\n<p data-start=\"1206\" data-end=\"1340\">\ud83d\udca1 Napomena: upute za instalaciju nisu uklju\u010dene. Ako trebate smjernice, slobodno nam se obratite i rado \u0107emo vam pomo\u0107i.<\/p>\n<p data-start=\"1342\" data-end=\"1417\">\u2714 Dostupna je dostava diljem svijeta.<br data-start=\"1373\" data-end=\"1376\" \/>\u2714 Prodava\u010d od povjerenja \u2013 kupujte s povjerenjem.<\/p>\n","protected":false},"excerpt":{"rendered":"<p>Originalni Lenovo ThinkPad L580 15.6&#8243; oslonac za dlanove prijenosnog ra\u010dunala (AP165000200), zamjenski dio bez touchpada. Prikazane prave fotografije.<\/p>\n","protected":false},"featured_media":29192,"template":"","meta":[],"product_brand":[],"product_cat":[51],"product_tag":[61],"class_list":{"0":"post-29125","1":"product","2":"type-product","3":"status-publish","4":"has-post-thumbnail","6":"product_cat-laptop-housing","7":"product_tag-lenovo","9":"first","10":"instock","11":"taxable","12":"shipping-taxable","13":"purchasable","14":"product-type-simple"},"_links":{"self":[{"href":"https:\/\/boreait.com\/hr\/wp-json\/wp\/v2\/product\/29125","targetHints":{"allow":["GET"]}}],"collection":[{"href":"https:\/\/boreait.com\/hr\/wp-json\/wp\/v2\/product"}],"about":[{"href":"https:\/\/boreait.com\/hr\/wp-json\/wp\/v2\/types\/product"}],"wp:featuredmedia":[{"embeddable":true,"href":"https:\/\/boreait.com\/hr\/wp-json\/wp\/v2\/media\/29192"}],"wp:attachment":[{"href":"https:\/\/boreait.com\/hr\/wp-json\/wp\/v2\/media?parent=29125"}],"wp:term":[{"taxonomy":"product_brand","embeddable":true,"href":"https:\/\/boreait.com\/hr\/wp-json\/wp\/v2\/product_brand?post=29125"},{"taxonomy":"product_cat","embeddable":true,"href":"https:\/\/boreait.com\/hr\/wp-json\/wp\/v2\/product_cat?post=29125"},{"taxonomy":"product_tag","embeddable":true,"href":"https:\/\/boreait.com\/hr\/wp-json\/wp\/v2\/product_tag?post=29125"}],"curies":[{"name":"wp","href":"https:\/\/api.w.org\/{rel}","templated":true}]}}