{"id":29118,"date":"2025-09-12T09:15:45","date_gmt":"2025-09-12T09:15:45","guid":{"rendered":"https:\/\/boreait.com\/hr\/?post_type=product&#038;p=29118"},"modified":"2025-09-13T15:17:37","modified_gmt":"2025-09-13T15:17:37","slug":"mikrofonska-ploca-mic-za-lenovo-thinkpad-l480-l580-l490-l590-serije-5c50z85817","status":"publish","type":"product","link":"https:\/\/boreait.com\/hr\/product\/mikrofonska-ploca-mic-za-lenovo-thinkpad-l480-l580-l490-l590-serije-5c50z85817\/","title":{"rendered":"Mikrofonska plo\u010da MIC za Lenovo ThinkPad L480 L580 L490 L590 serije 5C50Z85817"},"content":{"rendered":"<p data-start=\"564\" data-end=\"787\">Nadogradite ili popravite svoj Lenovo ThinkPad ovom <strong data-start=\"613\" data-end=\"694\">originalnom zamjenskom plo\u010dom mikrofona MIC (Broj dijela: 5C50Z85817 \/ NS-B464)<\/strong>. Ovaj visokokvalitetni <strong data-start=\"714\" data-end=\"729\">dio prijenosnog ra\u010dunala<\/strong> kompatibilan je s vi\u0161e ThinkPad modela, uklju\u010duju\u0107i:<\/p>\n<ul data-start=\"789\" data-end=\"928\">\n<li data-start=\"789\" data-end=\"823\">\n<p data-start=\"791\" data-end=\"823\"><strong data-start=\"791\" data-end=\"821\">ThinkPad L480 (20LS, 20LT)<\/strong><\/p>\n<\/li>\n<li data-start=\"824\" data-end=\"858\">\n<p data-start=\"826\" data-end=\"858\"><strong data-start=\"826\" data-end=\"856\">ThinkPad L580 (20LW, 20LX)<\/strong><\/p>\n<\/li>\n<li data-start=\"859\" data-end=\"893\">\n<p data-start=\"861\" data-end=\"893\"><strong data-start=\"861\" data-end=\"891\">ThinkPad L490 (20Q5, 20Q6)<\/strong><\/p>\n<\/li>\n<li data-start=\"894\" data-end=\"928\">\n<p data-start=\"896\" data-end=\"928\"><strong data-start=\"896\" data-end=\"926\">ThinkPad L590 (20Q7, 20Q8)<\/strong><\/p>\n<\/li>\n<\/ul>\n<p data-start=\"930\" data-end=\"1081\">\u2714\ufe0f Dizajnirano za pouzdanu audio izvedbu<br data-start=\"972\" data-end=\"975\" \/>\u2714\ufe0f 100% testirano i potpuno funkcionalno<br data-start=\"1010\" data-end=\"1013\" \/>\u2714\ufe0f Idealna zamjena ako mikrofon va\u0161eg prijenosnog ra\u010dunala prestane raditi<\/p>\n<p data-start=\"1083\" data-end=\"1223\">\ud83d\udca1 Napomena: upute za instalaciju nisu uklju\u010dene. Ako trebate pomo\u0107 oko zamjene, slobodno nam po\u0161aljite poruku za smjernice.<\/p>\n<p data-start=\"1225\" data-end=\"1343\">\ud83d\udcf8 Sve fotografije proizvoda <strong data-start=\"1251\" data-end=\"1292\">stvarne su slike stvarnog dijela prijenosnog ra\u010dunala<\/strong> koji \u0107ete dobiti, \u010dime se osigurava transparentnost i povjerenje.<\/p>\n<p data-start=\"1345\" data-end=\"1534\">Ova plo\u010da mikrofona originalno je, trajno rje\u0161enje za vra\u0107anje funkcija snimanja i glasovnog \u010davrljanja va\u0161eg ThinkPada. <strong data-start=\"1473\" data-end=\"1488\">dio prijenosnog ra\u010dunala<\/strong> koji morate imati za odr\u017eavanje produktivnosti va\u0161eg ure\u0111aja.<\/p>\n","protected":false},"excerpt":{"rendered":"<p>Originalna zamjena plo\u010de mikrofona MIC za modele Lenovo ThinkPad L480, L580, L490 i L590. Savr\u0161en dio prijenosnog ra\u010dunala za jasan audio ulaz.<\/p>\n","protected":false},"featured_media":29191,"template":"","meta":[],"product_brand":[],"product_cat":[62],"product_tag":[61],"class_list":{"0":"post-29118","1":"product","2":"type-product","3":"status-publish","4":"has-post-thumbnail","6":"product_cat-motherboards-board-parts","7":"product_tag-lenovo","9":"first","10":"instock","11":"taxable","12":"shipping-taxable","13":"purchasable","14":"product-type-simple"},"_links":{"self":[{"href":"https:\/\/boreait.com\/hr\/wp-json\/wp\/v2\/product\/29118","targetHints":{"allow":["GET"]}}],"collection":[{"href":"https:\/\/boreait.com\/hr\/wp-json\/wp\/v2\/product"}],"about":[{"href":"https:\/\/boreait.com\/hr\/wp-json\/wp\/v2\/types\/product"}],"wp:featuredmedia":[{"embeddable":true,"href":"https:\/\/boreait.com\/hr\/wp-json\/wp\/v2\/media\/29191"}],"wp:attachment":[{"href":"https:\/\/boreait.com\/hr\/wp-json\/wp\/v2\/media?parent=29118"}],"wp:term":[{"taxonomy":"product_brand","embeddable":true,"href":"https:\/\/boreait.com\/hr\/wp-json\/wp\/v2\/product_brand?post=29118"},{"taxonomy":"product_cat","embeddable":true,"href":"https:\/\/boreait.com\/hr\/wp-json\/wp\/v2\/product_cat?post=29118"},{"taxonomy":"product_tag","embeddable":true,"href":"https:\/\/boreait.com\/hr\/wp-json\/wp\/v2\/product_tag?post=29118"}],"curies":[{"name":"wp","href":"https:\/\/api.w.org\/{rel}","templated":true}]}}