{"id":29107,"date":"2025-09-12T09:15:22","date_gmt":"2025-09-12T09:15:22","guid":{"rendered":"https:\/\/boreait.com\/hr\/?post_type=product&#038;p=29107"},"modified":"2025-09-13T15:17:37","modified_gmt":"2025-09-13T15:17:37","slug":"originalna-hp-wifi-bezicna-lan-kartica-8265ngw-851592-001-intel-ac-dijelovi-prijenosnog-racunala","status":"publish","type":"product","link":"https:\/\/boreait.com\/hr\/product\/originalna-hp-wifi-bezicna-lan-kartica-8265ngw-851592-001-intel-ac-dijelovi-prijenosnog-racunala\/","title":{"rendered":"Originalna HP WiFi be\u017ei\u010dna LAN kartica 8265NGW 851592-001 Intel AC dijelovi prijenosnog ra\u010dunala"},"content":{"rendered":"<p data-start=\"523\" data-end=\"848\">Ova <strong data-start=\"528\" data-end=\"599\">originalna HP WiFi kartica za be\u017ei\u010dni LAN 8265NGW (Broj dijela: 851592-001)<\/strong> dizajnirana je za pru\u017eanje pouzdane i brze be\u017ei\u010dne veze za va\u0161e HP prijenosno ra\u010dunalo. Bez obzira mijenjate li neispravnu karticu ili nadogra\u0111ujete za pobolj\u0161ane performanse, ovaj Intelov dvopojasni AC adapter osigurava glatko pregledavanje, strujanje i povezivanje.<\/p>\n<ul data-start=\"850\" data-end=\"1124\">\n<li data-start=\"850\" data-end=\"878\">\n<p data-start=\"852\" data-end=\"878\"><strong data-start=\"852\" data-end=\"862\">Model:<\/strong> Intel 8265NGW<\/p>\n<\/li>\n<li data-start=\"879\" data-end=\"913\">\n<p data-start=\"881\" data-end=\"913\"><strong data-start=\"881\" data-end=\"900\">HP broj dijela:<\/strong> 851592-001<\/p>\n<\/li>\n<li data-start=\"914\" data-end=\"950\">\n<p data-start=\"916\" data-end=\"950\"><strong data-start=\"916\" data-end=\"925\">Vrsta:<\/strong> WiFi kartica za be\u017ei\u010dni LAN<\/p>\n<\/li>\n<li data-start=\"951\" data-end=\"1045\">\n<p data-start=\"953\" data-end=\"1045\"><strong data-start=\"953\" data-end=\"971\">Kompatibilnost:<\/strong> Radi sa \u0161irokim rasponom HP prijenosnih ra\u010dunala koja podr\u017eavaju standard 8265NGW<\/p>\n<\/li>\n<li data-start=\"1046\" data-end=\"1124\">\n<p data-start=\"1048\" data-end=\"1124\"><strong data-start=\"1048\" data-end=\"1062\">Uvjet:<\/strong> Originalni dio \u2013 fotografije su prave kartice koju \u0107ete dobiti<\/p>\n<\/li>\n<\/ul>\n<p data-start=\"1126\" data-end=\"1340\">Ova je kartica bitan <strong data-start=\"1152\" data-end=\"1167\">dio prijenosnog ra\u010dunala<\/strong> za svakoga tko ima problema s WiFi-om ili mu je potrebna pouzdana zamjena. Instaliranje originalne WiFi kartice poma\u017ee u odr\u017eavanju izvorne izvedbe i kompatibilnosti prijenosnog ra\u010dunala.<\/p>\n<p data-start=\"1342\" data-end=\"1357\">\ud83d\udccc <strong data-start=\"1345\" data-end=\"1355\">Napomene:<\/strong><\/p>\n<ul data-start=\"1358\" data-end=\"1517\">\n<li data-start=\"1358\" data-end=\"1449\">\n<p data-start=\"1360\" data-end=\"1449\">Nisu navedene upute za instalaciju, ali nam mo\u017eete poslati poruku ako trebate upute.<\/p>\n<\/li>\n<li data-start=\"1450\" data-end=\"1517\">\n<p data-start=\"1452\" data-end=\"1517\">Prikazane fotografije stvarne su slike proizvoda koji \u0107ete dobiti.<\/p>\n<\/li>\n<\/ul>\n","protected":false},"excerpt":{"rendered":"<p>Nadogradite povezivost prijenosnog ra\u010dunala s ovom originalnom HP WiFi karticom za be\u017ei\u010dni LAN (8265NGW, 851592-001). Pouzdan, brz i savr\u0161en za stabilnu be\u017ei\u010dnu izvedbu.<\/p>\n","protected":false},"featured_media":29173,"template":"","meta":[],"product_brand":[],"product_cat":[62],"product_tag":[60],"class_list":{"0":"post-29107","1":"product","2":"type-product","3":"status-publish","4":"has-post-thumbnail","6":"product_cat-motherboards-board-parts","7":"product_tag-hp","9":"first","10":"instock","11":"taxable","12":"shipping-taxable","13":"purchasable","14":"product-type-simple"},"_links":{"self":[{"href":"https:\/\/boreait.com\/hr\/wp-json\/wp\/v2\/product\/29107","targetHints":{"allow":["GET"]}}],"collection":[{"href":"https:\/\/boreait.com\/hr\/wp-json\/wp\/v2\/product"}],"about":[{"href":"https:\/\/boreait.com\/hr\/wp-json\/wp\/v2\/types\/product"}],"wp:featuredmedia":[{"embeddable":true,"href":"https:\/\/boreait.com\/hr\/wp-json\/wp\/v2\/media\/29173"}],"wp:attachment":[{"href":"https:\/\/boreait.com\/hr\/wp-json\/wp\/v2\/media?parent=29107"}],"wp:term":[{"taxonomy":"product_brand","embeddable":true,"href":"https:\/\/boreait.com\/hr\/wp-json\/wp\/v2\/product_brand?post=29107"},{"taxonomy":"product_cat","embeddable":true,"href":"https:\/\/boreait.com\/hr\/wp-json\/wp\/v2\/product_cat?post=29107"},{"taxonomy":"product_tag","embeddable":true,"href":"https:\/\/boreait.com\/hr\/wp-json\/wp\/v2\/product_tag?post=29107"}],"curies":[{"name":"wp","href":"https:\/\/api.w.org\/{rel}","templated":true}]}}