{"id":29097,"date":"2025-09-12T09:14:52","date_gmt":"2025-09-12T09:14:52","guid":{"rendered":"https:\/\/boreait.com\/hr\/?post_type=product&#038;p=29097"},"modified":"2025-09-13T15:17:38","modified_gmt":"2025-09-13T15:17:38","slug":"lenovo-thinkpad-l580-l590-usb-audio-ploca-el580-ns-b462-dijelovi-prijenosnog-racunala","status":"publish","type":"product","link":"https:\/\/boreait.com\/hr\/product\/lenovo-thinkpad-l580-l590-usb-audio-ploca-el580-ns-b462-dijelovi-prijenosnog-racunala\/","title":{"rendered":"Lenovo ThinkPad L580 L590 USB audio plo\u010da EL580 NS-B462 dijelovi prijenosnog ra\u010dunala"},"content":{"rendered":"<p data-start=\"625\" data-end=\"790\">Nadogradite ili popravite svoj Lenovo ThinkPad ovom originalnom <strong data-start=\"683\" data-end=\"716\">USB audio plo\u010dom EL580 NS-B462<\/strong>, dizajniranom za kompatibilnost s <strong data-start=\"754\" data-end=\"787\">ThinkPad L580 i L590 serije<\/strong>.<\/p>\n<p data-start=\"792\" data-end=\"1004\">Ova plo\u010da pru\u017ea pouzdanu <strong data-start=\"821\" data-end=\"851\">USB i audio vezu<\/strong>, osiguravaju\u0107i glatku izvedbu za svakodnevnu upotrebu. Svi su dijelovi pa\u017eljivo testirani i fotografirani, tako da \u0107ete dobiti to\u010dno ono \u0161to vidite na popisu.<\/p>\n<p data-start=\"1006\" data-end=\"1028\"><strong data-start=\"1006\" data-end=\"1026\">Pojedinosti o proizvodu:<\/strong><\/p>\n<ul data-start=\"1029\" data-end=\"1299\">\n<li data-start=\"1029\" data-end=\"1079\">\n<p data-start=\"1031\" data-end=\"1079\">Kompatibilni modeli: Lenovo ThinkPad L580 \/ L590<\/p>\n<\/li>\n<li data-start=\"1080\" data-end=\"1110\">\n<p data-start=\"1082\" data-end=\"1110\">Broj dijela: EL580 NS-B462<\/p>\n<\/li>\n<li data-start=\"1111\" data-end=\"1181\">\n<p data-start=\"1113\" data-end=\"1181\">Funkcija: USB i modul audio priklju\u010dka za besprijekorno povezivanje ure\u0111aja<\/p>\n<\/li>\n<li data-start=\"1182\" data-end=\"1232\">\n<p data-start=\"1184\" data-end=\"1232\">Stanje: originalan, potpuno testiran, radni dio<\/p>\n<\/li>\n<li data-start=\"1233\" data-end=\"1299\">\n<p data-start=\"1235\" data-end=\"1299\">Kategorija: <strong data-start=\"1245\" data-end=\"1261\">dijelovi prijenosnog ra\u010dunala<\/strong> \u2013 savr\u0161eno za zamjenu ili popravak<\/p>\n<\/li>\n<\/ul>\n<p data-start=\"1301\" data-end=\"1449\">\u2714\ufe0f Prave fotografije to\u010dno one plo\u010de koju \u0107ete dobiti<br data-start=\"1351\" data-end=\"1354\" \/>\u2714\ufe0f Dostava diljem svijeta iz Europe<br data-start=\"1387\" data-end=\"1390\" \/>\u2714\ufe0f Trebate dodatnu pomo\u0107? Uvijek nam mo\u017eete poslati poruku za podr\u0161ku<\/p>\n<p data-start=\"1451\" data-end=\"1598\">Ovo je visokokvalitetni zamjenski dio za profesionalce, servisne radionice i pojedince koji \u017eele vratiti punu funkcionalnost na svoj ThinkPad.<\/p>\n","protected":false},"excerpt":{"rendered":"<p data-start=\"440\" data-end=\"574\">Zamjenska <strong data-start=\"452\" data-end=\"485\">USB audio plo\u010da EL580 NS-B462<\/strong> za prijenosna ra\u010dunala Lenovo ThinkPad L580 i L590. 100% originalan dio, ispitan i spreman za kori\u0161tenje.<\/p>\n","protected":false},"featured_media":29163,"template":"","meta":[],"product_brand":[],"product_cat":[62],"product_tag":[61],"class_list":{"0":"post-29097","1":"product","2":"type-product","3":"status-publish","4":"has-post-thumbnail","6":"product_cat-motherboards-board-parts","7":"product_tag-lenovo","9":"first","10":"instock","11":"taxable","12":"shipping-taxable","13":"purchasable","14":"product-type-simple"},"_links":{"self":[{"href":"https:\/\/boreait.com\/hr\/wp-json\/wp\/v2\/product\/29097","targetHints":{"allow":["GET"]}}],"collection":[{"href":"https:\/\/boreait.com\/hr\/wp-json\/wp\/v2\/product"}],"about":[{"href":"https:\/\/boreait.com\/hr\/wp-json\/wp\/v2\/types\/product"}],"wp:featuredmedia":[{"embeddable":true,"href":"https:\/\/boreait.com\/hr\/wp-json\/wp\/v2\/media\/29163"}],"wp:attachment":[{"href":"https:\/\/boreait.com\/hr\/wp-json\/wp\/v2\/media?parent=29097"}],"wp:term":[{"taxonomy":"product_brand","embeddable":true,"href":"https:\/\/boreait.com\/hr\/wp-json\/wp\/v2\/product_brand?post=29097"},{"taxonomy":"product_cat","embeddable":true,"href":"https:\/\/boreait.com\/hr\/wp-json\/wp\/v2\/product_cat?post=29097"},{"taxonomy":"product_tag","embeddable":true,"href":"https:\/\/boreait.com\/hr\/wp-json\/wp\/v2\/product_tag?post=29097"}],"curies":[{"name":"wp","href":"https:\/\/api.w.org\/{rel}","templated":true}]}}