{"id":29068,"date":"2025-09-12T09:13:36","date_gmt":"2025-09-12T09:13:36","guid":{"rendered":"https:\/\/boreait.com\/hr\/?post_type=product&#038;p=29068"},"modified":"2025-09-13T15:17:38","modified_gmt":"2025-09-13T15:17:38","slug":"hp-elitebook-840-850-845-740-745-g5-g6-ploca-s-gumbom-za-ukljucivanje-prijenosnog-racunala-6050a2926001","status":"publish","type":"product","link":"https:\/\/boreait.com\/hr\/product\/hp-elitebook-840-850-845-740-745-g5-g6-ploca-s-gumbom-za-ukljucivanje-prijenosnog-racunala-6050a2926001\/","title":{"rendered":"HP EliteBook 840 850 845 740 745 G5 G6 plo\u010da s gumbom za uklju\u010divanje prijenosnog ra\u010dunala 6050A2926001"},"content":{"rendered":"<p data-start=\"515\" data-end=\"717\">Ovo je <strong data-start=\"525\" data-end=\"551\">originalni dio HP prijenosnog ra\u010dunala<\/strong> \u2013 zamjenska <strong data-start=\"568\" data-end=\"605\">plo\u010da s gumbom za uklju\u010divanje (preklopna plo\u010da)<\/strong> kompatibilna s vi\u0161e HP EliteBook modela, uklju\u010duju\u0107i <strong data-start=\"662\" data-end=\"714\">840 G5\/G6, 850 G5\/G6, 845 G5, 740 G5 i 745 G5<\/strong>.<\/p>\n<ul data-start=\"722\" data-end=\"898\">\n<li data-start=\"722\" data-end=\"755\">\n<p data-start=\"724\" data-end=\"755\"><strong data-start=\"724\" data-end=\"739\">Broj dijela<\/strong>: 6050A2926001<\/p>\n<\/li>\n<li data-start=\"756\" data-end=\"824\">\n<p data-start=\"758\" data-end=\"824\"><strong data-start=\"758\" data-end=\"771\">Stanje<\/strong>: Originalno, potpuno testirano i u dobrom radnom stanju<\/p>\n<\/li>\n<li data-start=\"825\" data-end=\"898\">\n<p data-start=\"827\" data-end=\"898\"><strong data-start=\"827\" data-end=\"844\">Kompatibilnost<\/strong>: Dizajnirano za prijenosna ra\u010dunala serije HP EliteBook G5 i G6<\/p>\n<\/li>\n<\/ul>\n<p data-start=\"900\" data-end=\"1054\">Bez obzira na to je li plo\u010da gumba za uklju\u010divanje va\u0161eg prijenosnog ra\u010dunala prestala reagirati, o\u0161te\u0107ena ili neispravna, ova zamjenska plo\u010da osigurava ponovno pouzdano uklju\u010divanje va\u0161eg ure\u0111aja.<\/p>\n<p data-start=\"1056\" data-end=\"1241\">\u2714 100% originalni HP dio<br data-start=\"1078\" data-end=\"1081\" \/>\u2714 Savr\u0161eno odgovara za vi\u0161e EliteBook modela<br data-start=\"1124\" data-end=\"1127\" \/>\u2714 Idealno za popravak i zamjenu neispravnih sklopnih plo\u010da<br data-start=\"1185\" data-end=\"1188\" \/>\u2714 Fotografije su <strong data-start=\"1208\" data-end=\"1222\">to\u010dnog dijela<\/strong> koji \u0107ete dobiti<\/p>\n<p data-start=\"1243\" data-end=\"1407\"><strong data-start=\"1243\" data-end=\"1258\">Napomena<\/strong>: Ovaj popis je samo za plo\u010du s gumbom za uklju\u010divanje. Upute za instalaciju nisu uklju\u010dene, ali ako trebate pomo\u0107, slobodno nam po\u0161aljite poruku.<\/p>\n","protected":false},"excerpt":{"rendered":"<p data-start=\"316\" data-end=\"466\">Zamjenska plo\u010da s gumbom za uklju\u010divanje prijenosnog ra\u010dunala za seriju HP EliteBook 840, 850, 845, 740 i 745 G5\/G6. Originalni dio, ispitan iu dobrom radnom stanju.<\/p>\n","protected":false},"featured_media":29132,"template":"","meta":[],"product_brand":[],"product_cat":[62],"product_tag":[60],"class_list":{"0":"post-29068","1":"product","2":"type-product","3":"status-publish","4":"has-post-thumbnail","6":"product_cat-motherboards-board-parts","7":"product_tag-hp","9":"first","10":"instock","11":"taxable","12":"shipping-taxable","13":"purchasable","14":"product-type-simple"},"_links":{"self":[{"href":"https:\/\/boreait.com\/hr\/wp-json\/wp\/v2\/product\/29068","targetHints":{"allow":["GET"]}}],"collection":[{"href":"https:\/\/boreait.com\/hr\/wp-json\/wp\/v2\/product"}],"about":[{"href":"https:\/\/boreait.com\/hr\/wp-json\/wp\/v2\/types\/product"}],"wp:featuredmedia":[{"embeddable":true,"href":"https:\/\/boreait.com\/hr\/wp-json\/wp\/v2\/media\/29132"}],"wp:attachment":[{"href":"https:\/\/boreait.com\/hr\/wp-json\/wp\/v2\/media?parent=29068"}],"wp:term":[{"taxonomy":"product_brand","embeddable":true,"href":"https:\/\/boreait.com\/hr\/wp-json\/wp\/v2\/product_brand?post=29068"},{"taxonomy":"product_cat","embeddable":true,"href":"https:\/\/boreait.com\/hr\/wp-json\/wp\/v2\/product_cat?post=29068"},{"taxonomy":"product_tag","embeddable":true,"href":"https:\/\/boreait.com\/hr\/wp-json\/wp\/v2\/product_tag?post=29068"}],"curies":[{"name":"wp","href":"https:\/\/api.w.org\/{rel}","templated":true}]}}