{"id":29057,"date":"2025-09-12T09:13:10","date_gmt":"2025-09-12T09:13:10","guid":{"rendered":"https:\/\/boreait.com\/hr\/?post_type=product&#038;p=29057"},"modified":"2025-09-13T15:17:39","modified_gmt":"2025-09-13T15:17:39","slug":"intel-8265ngw-dual-band-wireless-ac-8265-2x2-wifi-kartica-m-2-802-11ac-dijelovi-prijenosnog-racunala","status":"publish","type":"product","link":"https:\/\/boreait.com\/hr\/product\/intel-8265ngw-dual-band-wireless-ac-8265-2x2-wifi-kartica-m-2-802-11ac-dijelovi-prijenosnog-racunala\/","title":{"rendered":"Intel 8265NGW Dual Band Wireless-AC 8265 2&#215;2 WiFi kartica M.2 802.11ac dijelovi prijenosnog ra\u010dunala"},"content":{"rendered":"<p data-start=\"633\" data-end=\"984\"><strong data-start=\"637\" data-end=\"686\">Intel 8265NGW Dual Band Wireless-AC WiFi kartica<\/strong> je originalni <strong data-start=\"700\" data-end=\"715\">dio prijenosnog ra\u010dunala<\/strong> dizajniran za pobolj\u0161anje be\u017ei\u010dne veze i ukupne performanse. Izra\u0111ena s Intelovom 802.11ac tehnologijom, ova kartica podr\u017eava dvopojasne veze (2,4 GHz i 5 GHz) s brzinama do 867 Mbps, \u0161to je \u010dini idealnom za glatko strujanje, brza preuzimanja i stabilno pregledavanje.<\/p>\n<p data-start=\"986\" data-end=\"1244\">Opremljen <strong data-start=\"1002\" data-end=\"1031\">konfiguracijom antene 2&#215;2<\/strong>, 8265NGW osigurava sna\u017ene i dosljedne be\u017ei\u010dne signale \u010dak i u prometnim okru\u017eenjima. Tako\u0111er dolazi s integriranim Bluetoothom, \u0161to omogu\u0107uje besprijekorno uparivanje sa slu\u0161alicama, tipkovnicama i drugim be\u017ei\u010dnim ure\u0111ajima.<\/p>\n<p data-start=\"1246\" data-end=\"1462\">Ova kartica koristi <strong data-start=\"1265\" data-end=\"1289\">faktor forme M.2 2230<\/strong>, \u0161to je \u010dini kompatibilnom sa \u0161irokim rasponom prijenosnih ra\u010dunala koja podr\u017eavaju M.2 utore. To je pouzdana zamjena ili nadogradnja za korisnike koji \u017eele pobolj\u0161ati svoje be\u017ei\u010dno iskustvo.<\/p>\n<p data-start=\"1464\" data-end=\"1485\">\u2705 <strong data-start=\"1466\" data-end=\"1483\">Klju\u010dne zna\u010dajke:<\/strong><\/p>\n<ul data-start=\"1486\" data-end=\"1688\">\n<li data-start=\"1486\" data-end=\"1539\">\n<p data-start=\"1488\" data-end=\"1539\">Model: Intel Dual Band Wireless-AC 8265 (8265NGW)<\/p>\n<\/li>\n<li data-start=\"1540\" data-end=\"1563\">\n<p data-start=\"1542\" data-end=\"1563\">Su\u010delje: M.2 2230<\/p>\n<\/li>\n<li data-start=\"1564\" data-end=\"1618\">\n<p data-start=\"1566\" data-end=\"1618\">WiFi standard: 802.11ac, dvopojasni (2,4 GHz i 5 GHz)<\/p>\n<\/li>\n<li data-start=\"1619\" data-end=\"1644\">\n<p data-start=\"1621\" data-end=\"1644\">Brzina: do 867 Mbps<\/p>\n<\/li>\n<li data-start=\"1645\" data-end=\"1661\">\n<p data-start=\"1647\" data-end=\"1661\">Antena: 2&#215;2<\/p>\n<\/li>\n<li data-start=\"1662\" data-end=\"1688\">\n<p data-start=\"1664\" data-end=\"1688\">Bluetooth podr\u0161ka: Da<\/p>\n<\/li>\n<\/ul>\n<p data-start=\"1690\" data-end=\"1715\">\ud83d\udccc <strong data-start=\"1693\" data-end=\"1713\">Va\u017ene napomene:<\/strong><\/p>\n<ul data-start=\"1716\" data-end=\"1937\">\n<li data-start=\"1716\" data-end=\"1759\">\n<p data-start=\"1718\" data-end=\"1759\">Ovaj popis je samo za WiFi karticu.<\/p>\n<\/li>\n<li data-start=\"1760\" data-end=\"1849\">\n<p data-start=\"1762\" data-end=\"1849\">Upute za instalaciju nisu dane, ali ako trebate pomo\u0107, mo\u017eete nam poslati poruku.<\/p>\n<\/li>\n<li data-start=\"1850\" data-end=\"1937\">\n<p data-start=\"1852\" data-end=\"1937\">Sve fotografije u ovom popisu su <strong data-start=\"1883\" data-end=\"1898\">prave fotografije<\/strong> stvarnog dijela koji \u0107ete dobiti.<\/p>\n<\/li>\n<\/ul>\n<p data-start=\"1939\" data-end=\"2067\">Intel 8265NGW odli\u010dan je izbor ako trebate pouzdan <strong data-start=\"2003\" data-end=\"2018\">dio za prijenosno ra\u010dunalo<\/strong> za nadogradnju ili zamjenu be\u017ei\u010dne kartice.<\/p>\n","protected":false},"excerpt":{"rendered":"<p>Nadogradite povezivost prijenosnog ra\u010dunala s Intel 8265NGW Dual Band Wireless-AC karticom. Uz 802.11ac WiFi, Bluetooth podr\u0161ku i M.2 su\u010delje, pru\u017ea brze, pouzdane performanse za svakodnevnu upotrebu.<\/p>\n","protected":false},"featured_media":29122,"template":"","meta":[],"product_brand":[],"product_cat":[62],"product_tag":[60],"class_list":{"0":"post-29057","1":"product","2":"type-product","3":"status-publish","4":"has-post-thumbnail","6":"product_cat-motherboards-board-parts","7":"product_tag-hp","9":"first","10":"instock","11":"taxable","12":"shipping-taxable","13":"purchasable","14":"product-type-simple"},"_links":{"self":[{"href":"https:\/\/boreait.com\/hr\/wp-json\/wp\/v2\/product\/29057","targetHints":{"allow":["GET"]}}],"collection":[{"href":"https:\/\/boreait.com\/hr\/wp-json\/wp\/v2\/product"}],"about":[{"href":"https:\/\/boreait.com\/hr\/wp-json\/wp\/v2\/types\/product"}],"wp:featuredmedia":[{"embeddable":true,"href":"https:\/\/boreait.com\/hr\/wp-json\/wp\/v2\/media\/29122"}],"wp:attachment":[{"href":"https:\/\/boreait.com\/hr\/wp-json\/wp\/v2\/media?parent=29057"}],"wp:term":[{"taxonomy":"product_brand","embeddable":true,"href":"https:\/\/boreait.com\/hr\/wp-json\/wp\/v2\/product_brand?post=29057"},{"taxonomy":"product_cat","embeddable":true,"href":"https:\/\/boreait.com\/hr\/wp-json\/wp\/v2\/product_cat?post=29057"},{"taxonomy":"product_tag","embeddable":true,"href":"https:\/\/boreait.com\/hr\/wp-json\/wp\/v2\/product_tag?post=29057"}],"curies":[{"name":"wp","href":"https:\/\/api.w.org\/{rel}","templated":true}]}}