{"id":29056,"date":"2025-09-12T09:13:10","date_gmt":"2025-09-12T09:13:10","guid":{"rendered":"https:\/\/boreait.com\/hr\/?post_type=product&#038;p=29056"},"modified":"2025-09-13T15:19:43","modified_gmt":"2025-09-13T15:19:43","slug":"obrub-tipkovnice-za-dijelove-prijenosnog-racunala-dell-latitude-e6320-e6420-cn-02kj1g","status":"publish","type":"product","link":"https:\/\/boreait.com\/hr\/product\/obrub-tipkovnice-za-dijelove-prijenosnog-racunala-dell-latitude-e6320-e6420-cn-02kj1g\/","title":{"rendered":"Obrub tipkovnice za dijelove prijenosnog ra\u010dunala Dell Latitude E6320 E6420 CN-02KJ1G"},"content":{"rendered":"<p>Ovo je originalni okvir tipkovnice dizajniran za prijenosna ra\u010dunala Dell Latitude E6320 i E6420. Dolazi s originalnim brojem dijela CN-02KJ1G i slu\u017ei kao pouzdana zamjena za vra\u0107anje izgleda i pristajanja podru\u010dju tipkovnice va\u0161eg prijenosnog ra\u010dunala.<\/p>\n<p>\u2714 Kompatibilni modeli: Dell Latitude E6320, Dell Latitude E6420<\/p>\n<p>\u2714 Broj dijela: CN-02KJ1G<\/p>\n<p>\u2714 Kategorija: Dijelovi prijenosnih ra\u010dunala \u2013 Okvir tipkovnice<\/p>\n<p>Bez obzira je li va\u0161 trenutni okvir napuknut, istro\u0161en ili nedostaje, ovaj zamjenski dio nudi savr\u0161eno pristajanje i izdr\u017eljivu kvalitetu. Dobiva se iz originalnih dijelova prijenosnog ra\u010dunala Dell, osiguravaju\u0107i kompatibilnost i performanse profesionalne razine.<\/p>\n<p>Fotografije u ovom popisu stvarne su slike okvira koji \u0107ete dobiti, tako da mo\u017eete kupovati s povjerenjem. Upute za instalaciju nisu uklju\u010dene, ali ako trebate daljnje upute, slobodno nam po\u0161aljite poruku i rado \u0107emo vam pomo\u0107i.<\/p>\n<p>Nadogradite svoj Dell Latitude ovim bitnim dijelom prijenosnog ra\u010dunala i odr\u017eavajte svoj ure\u0111aj u vrhunskoj formi.<\/p>\n","protected":false},"excerpt":{"rendered":"<p>Originalni okvir tipkovnice za prijenosna ra\u010dunala Dell Latitude E6320 \/ E6420. dio br. CN-02KJ1G. Visokokvalitetni zamjenski dio za prijenosno ra\u010dunalo sa stvarnim fotografijama to\u010dno onog artikla koji \u0107ete dobiti.<\/p>\n","protected":false},"featured_media":29120,"template":"","meta":[],"product_brand":[],"product_cat":[70],"product_tag":[52],"class_list":{"0":"post-29056","1":"product","2":"type-product","3":"status-publish","4":"has-post-thumbnail","6":"product_cat-laptop-keyboard","7":"product_tag-dell","9":"first","10":"instock","11":"taxable","12":"shipping-taxable","13":"purchasable","14":"product-type-simple"},"_links":{"self":[{"href":"https:\/\/boreait.com\/hr\/wp-json\/wp\/v2\/product\/29056","targetHints":{"allow":["GET"]}}],"collection":[{"href":"https:\/\/boreait.com\/hr\/wp-json\/wp\/v2\/product"}],"about":[{"href":"https:\/\/boreait.com\/hr\/wp-json\/wp\/v2\/types\/product"}],"wp:featuredmedia":[{"embeddable":true,"href":"https:\/\/boreait.com\/hr\/wp-json\/wp\/v2\/media\/29120"}],"wp:attachment":[{"href":"https:\/\/boreait.com\/hr\/wp-json\/wp\/v2\/media?parent=29056"}],"wp:term":[{"taxonomy":"product_brand","embeddable":true,"href":"https:\/\/boreait.com\/hr\/wp-json\/wp\/v2\/product_brand?post=29056"},{"taxonomy":"product_cat","embeddable":true,"href":"https:\/\/boreait.com\/hr\/wp-json\/wp\/v2\/product_cat?post=29056"},{"taxonomy":"product_tag","embeddable":true,"href":"https:\/\/boreait.com\/hr\/wp-json\/wp\/v2\/product_tag?post=29056"}],"curies":[{"name":"wp","href":"https:\/\/api.w.org\/{rel}","templated":true}]}}