{"id":29049,"date":"2025-09-12T09:12:46","date_gmt":"2025-09-12T09:12:46","guid":{"rendered":"https:\/\/boreait.com\/hr\/?post_type=product&#038;p=29049"},"modified":"2025-09-13T15:19:44","modified_gmt":"2025-09-13T15:19:44","slug":"tipkovnica-dell-latitude-e6420-njemacki-njemacki-nsk-dv0bc-0416g-dijelovi-prijenosnog-racunala","status":"publish","type":"product","link":"https:\/\/boreait.com\/hr\/product\/tipkovnica-dell-latitude-e6420-njemacki-njemacki-nsk-dv0bc-0416g-dijelovi-prijenosnog-racunala\/","title":{"rendered":"Tipkovnica Dell Latitude E6420 njema\u010dki njema\u010dki NSK-DV0BC 0416G dijelovi prijenosnog ra\u010dunala"},"content":{"rendered":"<p data-start=\"606\" data-end=\"799\">Ova <strong data-start=\"611\" data-end=\"658\">njema\u010dka tipkovnica Dell Latitude E6420<\/strong> (brojevi dijelova NSK-DV0BC, 0416G, CN-00416G) je visokokvalitetni zamjenski dio za prijenosno ra\u010dunalo dizajniran za vra\u0107anje pune funkcionalnosti va\u0161eg prijenosnog ra\u010dunala.<\/p>\n<p data-start=\"801\" data-end=\"822\">\u2705 <strong data-start=\"803\" data-end=\"820\">Klju\u010dne zna\u010dajke:<\/strong><\/p>\n<ul data-start=\"823\" data-end=\"1090\">\n<li data-start=\"823\" data-end=\"869\">\n<p data-start=\"825\" data-end=\"869\">Kompatibilno sa serijom Dell Latitude E6420<\/p>\n<\/li>\n<li data-start=\"870\" data-end=\"948\">\n<p data-start=\"872\" data-end=\"948\">Njema\u010dki\/njema\u010dki raspored<\/p>\n<\/li>\n<li data-start=\"870\" data-end=\"948\">\n<p data-start=\"872\" data-end=\"948\">Originalni brojevi dijelova: NSK-DV0BC, 0G0416G, CN-00416G<\/p>\n<\/li>\n<li data-start=\"1006\" data-end=\"1052\">\n<p data-start=\"1008\" data-end=\"1052\">Izdr\u017eljiva konstrukcija za dugotrajne performanse<\/p>\n<\/li>\n<li data-start=\"1053\" data-end=\"1090\">\n<p data-start=\"1055\" data-end=\"1090\">Savr\u0161eno pristajanje i jednostavna instalacija<\/p>\n<\/li>\n<\/ul>\n<p data-start=\"1092\" data-end=\"1220\">Ova je zamjenska tipkovnica idealna ako je va\u0161a originalna Latitude E6420 tipkovnica o\u0161te\u0107ena, nedostaju joj tipke ili vi\u0161e ne reagira.<\/p>\n<p data-start=\"1222\" data-end=\"1243\">\ud83d\udca1 <strong data-start=\"1225\" data-end=\"1241\">Napomena:<\/strong><\/p>\n<ul data-start=\"1244\" data-end=\"1431\">\n<li data-start=\"1244\" data-end=\"1336\">\n<p data-start=\"1246\" data-end=\"1336\">Upute za instalaciju nisu uklju\u010dene. Ako trebate pomo\u0107, uvijek nas mo\u017eete kontaktirati.<\/p>\n<\/li>\n<li data-start=\"1337\" data-end=\"1431\">\n<p data-start=\"1339\" data-end=\"1431\">Sve fotografije u ovom popisu <strong data-start=\"1370\" data-end=\"1385\">prave su slike<\/strong> dijelova prijenosnog ra\u010dunala koje \u0107ete dobiti.<\/p>\n<\/li>\n<\/ul>\n<p data-start=\"1433\" data-end=\"1602\">Bilo da popravljate prijenosno ra\u010dunalo ili ga nadogra\u0111ujete, ova originalna njema\u010dka tipkovnica osigurat \u0107e glatko tipkanje i profesionalni izgled za va\u0161 Dell Latitude E6420.<\/p>\n","protected":false},"excerpt":{"rendered":"<p>Nadogradite svoj Dell Latitude E6420 ovom originalnom njema\u010dkom tipkovnicom (NSK-DV0BC \/ 0416G). Savr\u0161en zamjenski dio prijenosnog ra\u010dunala za glatko tipkanje i pouzdan rad.<\/p>\n","protected":false},"featured_media":29114,"template":"","meta":[],"product_brand":[],"product_cat":[70],"product_tag":[52],"class_list":{"0":"post-29049","1":"product","2":"type-product","3":"status-publish","4":"has-post-thumbnail","6":"product_cat-laptop-keyboard","7":"product_tag-dell","9":"first","10":"instock","11":"taxable","12":"shipping-taxable","13":"purchasable","14":"product-type-simple"},"_links":{"self":[{"href":"https:\/\/boreait.com\/hr\/wp-json\/wp\/v2\/product\/29049","targetHints":{"allow":["GET"]}}],"collection":[{"href":"https:\/\/boreait.com\/hr\/wp-json\/wp\/v2\/product"}],"about":[{"href":"https:\/\/boreait.com\/hr\/wp-json\/wp\/v2\/types\/product"}],"wp:featuredmedia":[{"embeddable":true,"href":"https:\/\/boreait.com\/hr\/wp-json\/wp\/v2\/media\/29114"}],"wp:attachment":[{"href":"https:\/\/boreait.com\/hr\/wp-json\/wp\/v2\/media?parent=29049"}],"wp:term":[{"taxonomy":"product_brand","embeddable":true,"href":"https:\/\/boreait.com\/hr\/wp-json\/wp\/v2\/product_brand?post=29049"},{"taxonomy":"product_cat","embeddable":true,"href":"https:\/\/boreait.com\/hr\/wp-json\/wp\/v2\/product_cat?post=29049"},{"taxonomy":"product_tag","embeddable":true,"href":"https:\/\/boreait.com\/hr\/wp-json\/wp\/v2\/product_tag?post=29049"}],"curies":[{"name":"wp","href":"https:\/\/api.w.org\/{rel}","templated":true}]}}