{"id":29048,"date":"2025-09-12T09:12:46","date_gmt":"2025-09-12T09:12:46","guid":{"rendered":"https:\/\/boreait.com\/hr\/?post_type=product&#038;p=29048"},"modified":"2025-09-13T15:20:32","modified_gmt":"2025-09-13T15:20:32","slug":"originalni-dell-latitude-e6420-donji-metalni-poklopac-vrata-025v3n-am0fd000600-dijelovi-prijenosnog-racunala","status":"publish","type":"product","link":"https:\/\/boreait.com\/hr\/product\/originalni-dell-latitude-e6420-donji-metalni-poklopac-vrata-025v3n-am0fd000600-dijelovi-prijenosnog-racunala\/","title":{"rendered":"Originalni Dell Latitude E6420 donji metalni poklopac vrata 025V3N AM0FD000600 dijelovi prijenosnog ra\u010dunala"},"content":{"rendered":"<p data-start=\"536\" data-end=\"758\">Ovo je <strong data-start=\"547\" data-end=\"603\">originalna donja metalna pokrovna vrata Dell Latitude E6420<\/strong>, broj dijela <strong data-start=\"617\" data-end=\"641\">025V3N \/ AM0FD000600<\/strong>. To je originalna Dell komponenta, dizajnirana da savr\u0161eno pristaje i vrati va\u0161em prijenosnom ra\u010dunalu izvorni izgled i izdr\u017eljivost.<\/p>\n<p data-start=\"760\" data-end=\"1004\">Izra\u0111en od \u010dvrstog metala, ovaj donji poklopac \u0161titi unutarnje komponente va\u0161eg Dell Latitude E6420, osiguravaju\u0107i sigurnost i stabilnost. To je izvrsna zamjenska opcija ako je va\u0161a trenutna donja plo\u010da slomljena, izgrebana ili nedostaje.<\/p>\n<p data-start=\"1006\" data-end=\"1028\"><strong data-start=\"1006\" data-end=\"1026\">Pojedinosti o proizvodu:<\/strong><\/p>\n<ul data-start=\"1029\" data-end=\"1258\">\n<li data-start=\"1029\" data-end=\"1074\">\n<p data-start=\"1031\" data-end=\"1074\"><strong data-start=\"1031\" data-end=\"1052\">Kompatibilni model:<\/strong> Dell Latitude E6420<\/p>\n<\/li>\n<li data-start=\"1075\" data-end=\"1116\">\n<p data-start=\"1077\" data-end=\"1116\"><strong data-start=\"1077\" data-end=\"1094\">Brojevi dijelova:<\/strong> 025V3N, AM0FD000600<\/p>\n<\/li>\n<li data-start=\"1117\" data-end=\"1161\">\n<p data-start=\"1119\" data-end=\"1161\"><strong data-start=\"1119\" data-end=\"1132\">Materijal:<\/strong> izdr\u017eljiva metalna konstrukcija<\/p>\n<\/li>\n<li data-start=\"1162\" data-end=\"1200\">\n<p data-start=\"1164\" data-end=\"1200\"><strong data-start=\"1164\" data-end=\"1178\">Stanje:<\/strong> Originalno i testirano<\/p>\n<\/li>\n<li data-start=\"1201\" data-end=\"1258\">\n<p data-start=\"1203\" data-end=\"1258\"><strong data-start=\"1203\" data-end=\"1216\">Kategorija:<\/strong> Dijelovi prijenosnog ra\u010dunala \u2013 donji poklopac\/vrata baze<\/p>\n<\/li>\n<\/ul>\n<p data-start=\"1260\" data-end=\"1453\">\u2714 Prikazane su stvarne fotografije \u2013 dobit \u0107ete to\u010dno onaj dio koji je prikazan na slici.<br data-start=\"1323\" data-end=\"1326\" \/>\u2714 Dostava diljem svijeta dostupna je iz na\u0161e trgovine.<br data-start=\"1372\" data-end=\"1375\" \/>\u2714 Ako trebate dodatnu pomo\u0107 u prepoznavanju dijela, slobodno da nam po\u0161aljete poruku.<\/p>\n<p data-start=\"1455\" data-end=\"1586\"><strong data-start=\"1455\" data-end=\"1464\">Napomena:<\/strong> upute za instalaciju nisu uklju\u010dene. Ako vam je potrebna pomo\u0107, mo\u017eete nas kontaktirati i rado \u0107emo vam pomo\u0107i da vas uputimo.<\/p>\n","protected":false},"excerpt":{"rendered":"<p>Neka va\u0161 Dell Latitude E6420 bude za\u0161ti\u0107en i kompletan s ovim originalnim donjim metalnim poklopcem (broj dijela 025V3N \/ AM0FD000600). 100% originalan i testiran, idealna zamjena za o\u0161te\u0107ene ili nedostaju\u0107e dijelove prijenosnog ra\u010dunala.<\/p>\n","protected":false},"featured_media":29112,"template":"","meta":[],"product_brand":[],"product_cat":[51],"product_tag":[52],"class_list":{"0":"post-29048","1":"product","2":"type-product","3":"status-publish","4":"has-post-thumbnail","6":"product_cat-laptop-housing","7":"product_tag-dell","9":"first","10":"instock","11":"taxable","12":"shipping-taxable","13":"purchasable","14":"product-type-simple"},"_links":{"self":[{"href":"https:\/\/boreait.com\/hr\/wp-json\/wp\/v2\/product\/29048","targetHints":{"allow":["GET"]}}],"collection":[{"href":"https:\/\/boreait.com\/hr\/wp-json\/wp\/v2\/product"}],"about":[{"href":"https:\/\/boreait.com\/hr\/wp-json\/wp\/v2\/types\/product"}],"wp:featuredmedia":[{"embeddable":true,"href":"https:\/\/boreait.com\/hr\/wp-json\/wp\/v2\/media\/29112"}],"wp:attachment":[{"href":"https:\/\/boreait.com\/hr\/wp-json\/wp\/v2\/media?parent=29048"}],"wp:term":[{"taxonomy":"product_brand","embeddable":true,"href":"https:\/\/boreait.com\/hr\/wp-json\/wp\/v2\/product_brand?post=29048"},{"taxonomy":"product_cat","embeddable":true,"href":"https:\/\/boreait.com\/hr\/wp-json\/wp\/v2\/product_cat?post=29048"},{"taxonomy":"product_tag","embeddable":true,"href":"https:\/\/boreait.com\/hr\/wp-json\/wp\/v2\/product_tag?post=29048"}],"curies":[{"name":"wp","href":"https:\/\/api.w.org\/{rel}","templated":true}]}}