{"id":29047,"date":"2025-09-12T09:12:46","date_gmt":"2025-09-12T09:12:46","guid":{"rendered":"https:\/\/boreait.com\/hr\/?post_type=product&#038;p=29047"},"modified":"2025-09-13T15:17:40","modified_gmt":"2025-09-13T15:17:40","slug":"dell-latitude-e6420-led-ploca-s-kabelom-gm8g1-0gm8g1-ls-6595p-dijelovi-prijenosnog-racunala","status":"publish","type":"product","link":"https:\/\/boreait.com\/hr\/product\/dell-latitude-e6420-led-ploca-s-kabelom-gm8g1-0gm8g1-ls-6595p-dijelovi-prijenosnog-racunala\/","title":{"rendered":"Dell Latitude E6420 LED plo\u010da s kabelom GM8G1 0GM8G1 LS-6595P dijelovi prijenosnog ra\u010dunala"},"content":{"rendered":"<p data-start=\"688\" data-end=\"955\">Nadogradite ili popravite svoj Dell Latitude E6420 ovom <strong data-start=\"741\" data-end=\"774\">originalnom LED plo\u010dom s kabelom<\/strong>, brojevima dijelova <strong data-start=\"789\" data-end=\"820\">GM8G1, 0GM8G1 i LS-6595P<\/strong>. Ovo je autenti\u010dna Dell zamjenska komponenta, idealna za vra\u0107anje funkcionalnosti va\u0161eg prijenosnog ra\u010dunala kada postoje\u0107a LED plo\u010da pokvari.<\/p>\n<p data-start=\"957\" data-end=\"1178\">Bilo da imate posla s LED indikatorom koji ne radi ili problemima s povezivanjem, ovaj dio pru\u017ea pouzdano rje\u0161enje. Kao dio na\u0161eg osiguranja kvalitete, svaka je jedinica pa\u017eljivo testirana kako bi se osigurala ispravna izvedba.<\/p>\n<p data-start=\"1180\" data-end=\"1197\"><strong data-start=\"1180\" data-end=\"1197\">Klju\u010dne zna\u010dajke:<\/strong><\/p>\n<ul data-start=\"1198\" data-end=\"1533\">\n<li data-start=\"1198\" data-end=\"1241\">\n<p data-start=\"1200\" data-end=\"1241\">Kompatibilno s <strong data-start=\"1216\" data-end=\"1239\">Dell Latitude E6420<\/strong><\/p>\n<\/li>\n<li data-start=\"1242\" data-end=\"1302\">\n<p data-start=\"1244\" data-end=\"1302\">Originalni Dell brojevi dijelova: <strong data-start=\"1271\" data-end=\"1300\">GM8G1 \/ 0GM8G1 \/ LS-6595P<\/strong><\/p>\n<\/li>\n<li data-start=\"1303\" data-end=\"1362\">\n<p data-start=\"1305\" data-end=\"1362\">Uklju\u010duje <strong data-start=\"1314\" data-end=\"1338\">LED plo\u010du s kabelom<\/strong> za potpunu instalaciju<\/p>\n<\/li>\n<li data-start=\"1363\" data-end=\"1399\">\n<p data-start=\"1365\" data-end=\"1399\">100% testirano i potpuno funkcionalno<\/p>\n<\/li>\n<li data-start=\"1400\" data-end=\"1470\">\n<p data-start=\"1402\" data-end=\"1470\">Prodaje se kao zamjena za <strong data-start=\"1424\" data-end=\"1439\">dio prijenosnog ra\u010dunala<\/strong> za neispravne ili o\u0161te\u0107ene plo\u010de<\/p>\n<\/li>\n<li data-start=\"1471\" data-end=\"1533\">\n<p data-start=\"1473\" data-end=\"1533\">Pru\u017eene su prave fotografije \u2014 ono \u0161to vidite to \u0107ete i dobiti<\/p>\n<\/li>\n<\/ul>\n<p data-start=\"1535\" data-end=\"1698\"><strong data-start=\"1535\" data-end=\"1551\">Imajte na umu:<\/strong> upute za instalaciju nisu uklju\u010dene, ali ako vam je potrebna pomo\u0107 u prepoznavanju kompatibilnosti ili smjernice za instalaciju, slobodno nam po\u0161aljite poruku.<\/p>\n<p data-start=\"1700\" data-end=\"1854\">Ovaj je proizvod dio na\u0161e \u0161iroke ponude <strong data-start=\"1742\" data-end=\"1758\">dijelova za prijenosna ra\u010dunala<\/strong>, koji vam poma\u017eu da va\u0161 sustav radi glatko bez potrebe za skupim potpunim zamjenama.<\/p>\n","protected":false},"excerpt":{"rendered":"<p>Originalna LED plo\u010da Dell Latitude E6420 s kabelom (GM8G1 \/ 0GM8G1 \/ LS-6595P). Testiran, potpuno funkcionalan i spreman za zamjenu va\u0161eg neispravnog dijela. Uklju\u010dene prave fotografije predmeta.<\/p>\n","protected":false},"featured_media":29111,"template":"","meta":[],"product_brand":[],"product_cat":[62],"product_tag":[52],"class_list":{"0":"post-29047","1":"product","2":"type-product","3":"status-publish","4":"has-post-thumbnail","6":"product_cat-motherboards-board-parts","7":"product_tag-dell","9":"first","10":"instock","11":"taxable","12":"shipping-taxable","13":"purchasable","14":"product-type-simple"},"_links":{"self":[{"href":"https:\/\/boreait.com\/hr\/wp-json\/wp\/v2\/product\/29047","targetHints":{"allow":["GET"]}}],"collection":[{"href":"https:\/\/boreait.com\/hr\/wp-json\/wp\/v2\/product"}],"about":[{"href":"https:\/\/boreait.com\/hr\/wp-json\/wp\/v2\/types\/product"}],"wp:featuredmedia":[{"embeddable":true,"href":"https:\/\/boreait.com\/hr\/wp-json\/wp\/v2\/media\/29111"}],"wp:attachment":[{"href":"https:\/\/boreait.com\/hr\/wp-json\/wp\/v2\/media?parent=29047"}],"wp:term":[{"taxonomy":"product_brand","embeddable":true,"href":"https:\/\/boreait.com\/hr\/wp-json\/wp\/v2\/product_brand?post=29047"},{"taxonomy":"product_cat","embeddable":true,"href":"https:\/\/boreait.com\/hr\/wp-json\/wp\/v2\/product_cat?post=29047"},{"taxonomy":"product_tag","embeddable":true,"href":"https:\/\/boreait.com\/hr\/wp-json\/wp\/v2\/product_tag?post=29047"}],"curies":[{"name":"wp","href":"https:\/\/api.w.org\/{rel}","templated":true}]}}