{"id":29040,"date":"2025-09-12T09:12:21","date_gmt":"2025-09-12T09:12:21","guid":{"rendered":"https:\/\/boreait.com\/hr\/?post_type=product&#038;p=29040"},"modified":"2025-09-13T15:17:42","modified_gmt":"2025-09-13T15:17:42","slug":"bluetooth-modul-owjcjd-za-dijelove-prijenosnog-racunala-dell-latitude-e4310-e6410-e5410-e6510-m4500-e6520-e6420","status":"publish","type":"product","link":"https:\/\/boreait.com\/hr\/product\/bluetooth-modul-owjcjd-za-dijelove-prijenosnog-racunala-dell-latitude-e4310-e6410-e5410-e6510-m4500-e6520-e6420\/","title":{"rendered":"Bluetooth modul OWJCJD za dijelove prijenosnog ra\u010dunala Dell Latitude E4310 E6410 E5410 E6510 M4500 E6520 E6420"},"content":{"rendered":"<p data-start=\"497\" data-end=\"763\">Nadogradite svoj Dell Latitude s ovim <strong data-start=\"534\" data-end=\"569\">originalnim Bluetooth modulom OWJCJD<\/strong>, dizajniranim za besprijekorno be\u017ei\u010dno povezivanje. Ovaj zamjenski dio kompatibilan je sa \u0161irokim rasponom modela Dell Latitude, uklju\u010duju\u0107i <strong data-start=\"705\" data-end=\"760\">E4310, E6410, E5410, E6510, M4500, E6520 i E6420<\/strong>.<\/p>\n<p data-start=\"765\" data-end=\"923\">Bilo da zamjenjujete neispravan modul ili dodajete Bluetooth funkciju, ova komponenta osigurava stabilan rad i jednostavnu integraciju s va\u0161im prijenosnim ra\u010dunalom.<\/p>\n<p data-start=\"925\" data-end=\"949\">\u2714 <strong data-start=\"927\" data-end=\"947\">Pojedinosti o proizvodu:<\/strong><\/p>\n<ul data-start=\"950\" data-end=\"1247\">\n<li data-start=\"950\" data-end=\"984\">\n<p data-start=\"952\" data-end=\"984\">Model: OWJCJD Bluetooth modul<\/p>\n<\/li>\n<li data-start=\"985\" data-end=\"1067\">\n<p data-start=\"987\" data-end=\"1067\">Kompatibilno sa: Dell Latitude E4310, E6410, E5410, E6510, M4500, E6520, E6420<\/p>\n<\/li>\n<li data-start=\"1068\" data-end=\"1130\">\n<p data-start=\"1070\" data-end=\"1130\">Funkcija: dodaje ili vra\u0107a Bluetooth be\u017ei\u010dnu vezu<\/p>\n<\/li>\n<li data-start=\"1131\" data-end=\"1182\">\n<p data-start=\"1133\" data-end=\"1182\">Stanje: testiran, potpuno funkcionalan dio prijenosnog ra\u010dunala<\/p>\n<\/li>\n<li data-start=\"1183\" data-end=\"1247\">\n<p data-start=\"1185\" data-end=\"1247\">Idealno za popravak ili zamjenu neispravnog Bluetooth hardvera<\/p>\n<\/li>\n<\/ul>\n<p data-start=\"1249\" data-end=\"1463\">Napominjemo: upute za instalaciju nisu uklju\u010dene, ali ako trebate pomo\u0107, slobodno nam po\u0161aljite poruku.<br data-start=\"1352\" data-end=\"1355\" \/>Fotografije u popisu su <strong data-start=\"1388\" data-end=\"1420\">stvarnog dijela koji \u0107ete dobiti<\/strong>, tako da znate to\u010dno ono \u0161to kupujete.<\/p>\n<p data-start=\"1465\" data-end=\"1558\">Ovo je pouzdan <strong data-start=\"1484\" data-end=\"1499\">dio za prijenosno ra\u010dunalo<\/strong> za odr\u017eavanje va\u0161eg Dell Latitude a\u017euriranim i povezanim.<\/p>\n","protected":false},"excerpt":{"rendered":"<p>Originalni Dell Bluetooth modul OWJCJD kompatibilan s vi\u0161e prijenosnih ra\u010dunala iz serije Latitude. Pouzdana nadogradnja povezivosti za va\u0161 ure\u0111aj.<\/p>\n","protected":false},"featured_media":29105,"template":"","meta":[],"product_brand":[],"product_cat":[62],"product_tag":[52],"class_list":{"0":"post-29040","1":"product","2":"type-product","3":"status-publish","4":"has-post-thumbnail","6":"product_cat-motherboards-board-parts","7":"product_tag-dell","9":"first","10":"instock","11":"taxable","12":"shipping-taxable","13":"purchasable","14":"product-type-simple"},"_links":{"self":[{"href":"https:\/\/boreait.com\/hr\/wp-json\/wp\/v2\/product\/29040","targetHints":{"allow":["GET"]}}],"collection":[{"href":"https:\/\/boreait.com\/hr\/wp-json\/wp\/v2\/product"}],"about":[{"href":"https:\/\/boreait.com\/hr\/wp-json\/wp\/v2\/types\/product"}],"wp:featuredmedia":[{"embeddable":true,"href":"https:\/\/boreait.com\/hr\/wp-json\/wp\/v2\/media\/29105"}],"wp:attachment":[{"href":"https:\/\/boreait.com\/hr\/wp-json\/wp\/v2\/media?parent=29040"}],"wp:term":[{"taxonomy":"product_brand","embeddable":true,"href":"https:\/\/boreait.com\/hr\/wp-json\/wp\/v2\/product_brand?post=29040"},{"taxonomy":"product_cat","embeddable":true,"href":"https:\/\/boreait.com\/hr\/wp-json\/wp\/v2\/product_cat?post=29040"},{"taxonomy":"product_tag","embeddable":true,"href":"https:\/\/boreait.com\/hr\/wp-json\/wp\/v2\/product_tag?post=29040"}],"curies":[{"name":"wp","href":"https:\/\/api.w.org\/{rel}","templated":true}]}}