{"id":29039,"date":"2025-09-12T09:12:21","date_gmt":"2025-09-12T09:12:21","guid":{"rendered":"https:\/\/boreait.com\/hr\/?post_type=product&#038;p=29039"},"modified":"2025-09-13T15:17:41","modified_gmt":"2025-09-13T15:17:41","slug":"dijelovi-prijenosnog-racunala-dell-latitude-e6420-ls-6593p-s-medijskim-gumbom-s-kabelom-4ghgp","status":"publish","type":"product","link":"https:\/\/boreait.com\/hr\/product\/dijelovi-prijenosnog-racunala-dell-latitude-e6420-ls-6593p-s-medijskim-gumbom-s-kabelom-4ghgp\/","title":{"rendered":"Dijelovi prijenosnog ra\u010dunala Dell Latitude E6420 LS-6593P s medijskim gumbom s kabelom 4GHGP"},"content":{"rendered":"<p data-start=\"583\" data-end=\"873\">Nadogradite ili popravite svoj Dell Latitude E6420 s ovom <strong data-start=\"636\" data-end=\"700\">originalnom LS-6593P plo\u010dom s prekida\u010dem s medijskim gumbom (dio br. 4GHGP)<\/strong>, zajedno s kabelom. Ovaj originalni dio prijenosnog ra\u010dunala Dell osigurava ispravnu funkcionalnost va\u0161ih medijskih gumba, pru\u017eaju\u0107i pouzdan rad i kompatibilnost s va\u0161im sustavom.<\/p>\n<p data-start=\"875\" data-end=\"899\">\u2705 <strong data-start=\"877\" data-end=\"897\">Pojedinosti o proizvodu:<\/strong><\/p>\n<ul data-start=\"900\" data-end=\"1145\">\n<li data-start=\"900\" data-end=\"930\">\n<p data-start=\"902\" data-end=\"930\">Model: Dell Latitude E6420<\/p>\n<\/li>\n<li data-start=\"931\" data-end=\"964\">\n<p data-start=\"933\" data-end=\"964\">Broj dijela: LS-6593P \/ 4GHGP<\/p>\n<\/li>\n<li data-start=\"965\" data-end=\"1011\">\n<p data-start=\"967\" data-end=\"1011\">Vrsta: plo\u010da s medijskim gumbom s kabelom<\/p>\n<\/li>\n<li data-start=\"1012\" data-end=\"1065\">\n<p data-start=\"1014\" data-end=\"1065\">Stanje: Originalno, testirano i potpuno funkcionalno<\/p>\n<\/li>\n<li data-start=\"1066\" data-end=\"1145\">\n<p data-start=\"1068\" data-end=\"1145\">Kompatibilnost: Dizajnirano posebno za prijenosna ra\u010dunala serije Dell Latitude E6420<\/p>\n<\/li>\n<\/ul>\n<p data-start=\"1147\" data-end=\"1172\">\ud83d\udd39 <strong data-start=\"1150\" data-end=\"1170\">Za\u0161to kupovati od nas?<\/strong><\/p>\n<ul data-start=\"1173\" data-end=\"1334\">\n<li data-start=\"1173\" data-end=\"1209\">\n<p data-start=\"1175\" data-end=\"1209\">100% autenti\u010dni dijelovi prijenosnog ra\u010dunala Dell<\/p>\n<\/li>\n<li data-start=\"1210\" data-end=\"1266\">\n<p data-start=\"1212\" data-end=\"1266\">Prikazane fotografije odnose se na stvarni artikl koji \u0107ete dobiti<\/p>\n<\/li>\n<li data-start=\"1267\" data-end=\"1301\">\n<p data-start=\"1269\" data-end=\"1301\">Kvaliteta testirana prije slanja<\/p>\n<\/li>\n<li data-start=\"1302\" data-end=\"1334\">\n<p data-start=\"1304\" data-end=\"1334\">Dostupna dostava diljem svijeta<\/p>\n<\/li>\n<\/ul>\n<p data-start=\"1336\" data-end=\"1497\">\u2139\ufe0f Imajte na umu: upute za instalaciju nisu uklju\u010dene. Ako trebate pomo\u0107 oko kompatibilnosti ili imate pitanja o ovom dijelu, slobodno nam po\u0161aljite poruku.<\/p>\n<p data-start=\"1499\" data-end=\"1646\">Ovo je izvrstan izbor ako trebate zamijeniti neispravnu plo\u010du s prekida\u010dem medijskih gumba i vratiti punu funkcionalnost na svoj Dell Latitude E6420.<\/p>\n","protected":false},"excerpt":{"rendered":"<p>Originalna Dell Latitude E6420 LS-6593P plo\u010da s medijskim gumbom s kabelom (4GHGP). 100% testiran iu dobrom radnom stanju. Originalni dio za prijenosno ra\u010dunalo \u2013 uklju\u010dene prave fotografije artikla.<\/p>\n","protected":false},"featured_media":29104,"template":"","meta":[],"product_brand":[],"product_cat":[62],"product_tag":[52],"class_list":{"0":"post-29039","1":"product","2":"type-product","3":"status-publish","4":"has-post-thumbnail","6":"product_cat-motherboards-board-parts","7":"product_tag-dell","9":"first","10":"instock","11":"taxable","12":"shipping-taxable","13":"purchasable","14":"product-type-simple"},"_links":{"self":[{"href":"https:\/\/boreait.com\/hr\/wp-json\/wp\/v2\/product\/29039","targetHints":{"allow":["GET"]}}],"collection":[{"href":"https:\/\/boreait.com\/hr\/wp-json\/wp\/v2\/product"}],"about":[{"href":"https:\/\/boreait.com\/hr\/wp-json\/wp\/v2\/types\/product"}],"wp:featuredmedia":[{"embeddable":true,"href":"https:\/\/boreait.com\/hr\/wp-json\/wp\/v2\/media\/29104"}],"wp:attachment":[{"href":"https:\/\/boreait.com\/hr\/wp-json\/wp\/v2\/media?parent=29039"}],"wp:term":[{"taxonomy":"product_brand","embeddable":true,"href":"https:\/\/boreait.com\/hr\/wp-json\/wp\/v2\/product_brand?post=29039"},{"taxonomy":"product_cat","embeddable":true,"href":"https:\/\/boreait.com\/hr\/wp-json\/wp\/v2\/product_cat?post=29039"},{"taxonomy":"product_tag","embeddable":true,"href":"https:\/\/boreait.com\/hr\/wp-json\/wp\/v2\/product_tag?post=29039"}],"curies":[{"name":"wp","href":"https:\/\/api.w.org\/{rel}","templated":true}]}}