{"id":29037,"date":"2025-09-12T09:12:21","date_gmt":"2025-09-12T09:12:21","guid":{"rendered":"https:\/\/boreait.com\/hr\/?post_type=product&#038;p=29037"},"modified":"2025-09-13T15:17:41","modified_gmt":"2025-09-13T15:17:41","slug":"intel-centrino-advanced-n-6205-bezicna-wifi-kartica-62205anhmw-pcie-dijelovi-prijenosnog-racunala","status":"publish","type":"product","link":"https:\/\/boreait.com\/hr\/product\/intel-centrino-advanced-n-6205-bezicna-wifi-kartica-62205anhmw-pcie-dijelovi-prijenosnog-racunala\/","title":{"rendered":"Intel Centrino Advanced-N 6205 be\u017ei\u010dna WiFi kartica 62205ANHMW PCIe dijelovi prijenosnog ra\u010dunala"},"content":{"rendered":"<p data-start=\"542\" data-end=\"842\">Nadogradite ili vratite be\u017ei\u010dnu izvedbu prijenosnog ra\u010dunala s <strong data-start=\"605\" data-end=\"684\">Intel Centrino Advanced-N 6205 Wireless PCI Express karticom (model 62205ANHMW)<\/strong>.<br data-start=\"685\" data-end=\"688\" \/>Ovaj originalni Intel modul pru\u017ea <strong data-start=\"723\" data-end=\"769\">brzu, stabilnu i sigurnu WiFi vezu<\/strong>, \u0161to ga \u010dini pouzdanom zamjenom za neispravne ili nedostaju\u0107e be\u017ei\u010dne kartice.<\/p>\n<p data-start=\"844\" data-end=\"863\"><strong data-start=\"844\" data-end=\"861\">Klju\u010dne zna\u010dajke:<\/strong><\/p>\n<ul data-start=\"864\" data-end=\"1206\">\n<li data-start=\"864\" data-end=\"922\">\n<p data-start=\"866\" data-end=\"922\"><strong data-start=\"866\" data-end=\"876\">Model:<\/strong> Intel Centrino Advanced-N 6205 (62205ANHMW)<\/p>\n<\/li>\n<li data-start=\"923\" data-end=\"973\">\n<p data-start=\"925\" data-end=\"973\"><strong data-start=\"925\" data-end=\"939\">Su\u010delje:<\/strong> PCI Express Mini kartica polovi\u010dne veli\u010dine<\/p>\n<\/li>\n<li data-start=\"974\" data-end=\"1018\">\n<p data-start=\"976\" data-end=\"1018\"><strong data-start=\"976\" data-end=\"998\">Dvopojasna podr\u0161ka:<\/strong> 2,4 GHz i 5 GHz<\/p>\n<\/li>\n<li data-start=\"1019\" data-end=\"1065\">\n<p data-start=\"1021\" data-end=\"1065\"><strong data-start=\"1021\" data-end=\"1038\">Brzine do:<\/strong> 300 Mbps (802.11a\/b\/g\/n)<\/p>\n<\/li>\n<li data-start=\"1066\" data-end=\"1149\">\n<p data-start=\"1068\" data-end=\"1149\"><strong data-start=\"1068\" data-end=\"1086\">Kompatibilnost:<\/strong> radi s mnogim markama prijenosnih ra\u010dunala koja podr\u017eavaju PCIe WiFi module<\/p>\n<\/li>\n<li data-start=\"1150\" data-end=\"1206\">\n<p data-start=\"1152\" data-end=\"1206\"><strong data-start=\"1152\" data-end=\"1166\">Stanje:<\/strong> Originalni rabljeni dio, testiran i radi<\/p>\n<\/li>\n<\/ul>\n<p data-start=\"1208\" data-end=\"1334\">Ova be\u017ei\u010dna kartica bitan je <strong data-start=\"1243\" data-end=\"1258\">dio prijenosnog ra\u010dunala<\/strong> za korisnike koji \u017eele pouzdane performanse mre\u017ee bez vanjskih klju\u010deva.<\/p>\n<p data-start=\"1336\" data-end=\"1363\"><strong data-start=\"1336\" data-end=\"1361\">Za\u0161to odabrati ovaj dio?<\/strong><\/p>\n<ul data-start=\"1364\" data-end=\"1539\">\n<li data-start=\"1364\" data-end=\"1437\">\n<p data-start=\"1366\" data-end=\"1437\">Kompaktno i u\u010dinkovito, dizajnirano za prijenosna ra\u010dunala s PCIe mini utorima za kartice<\/p>\n<\/li>\n<li data-start=\"1438\" data-end=\"1493\">\n<p data-start=\"1440\" data-end=\"1493\">Kompatibilno s operativnim sustavima Windows i Linux<\/p>\n<\/li>\n<li data-start=\"1494\" data-end=\"1539\">\n<p data-start=\"1496\" data-end=\"1539\">Lako ga instalira kvalificirani tehni\u010dar<\/p>\n<\/li>\n<\/ul>\n<p data-start=\"1541\" data-end=\"1739\">\ud83d\udd39 Imajte na umu: Ne pru\u017eamo korak-po-korak upute za instalaciju, ali ako trebate savjet, slobodno nam po\u0161aljite poruku.<br data-start=\"1662\" data-end=\"1665\" \/>\ud83d\udd39 Fotografije u ovom popisu odnose se na stvarnu Intel karticu koju \u0107ete dobiti.<\/p>\n","protected":false},"excerpt":{"rendered":"<p>Pouzdana WiFi kartica Intel Centrino Advanced-N 6205 (62205ANHMW). Kompaktni PCIe modul, idealna zamjena za ponovno uspostavljanje be\u017ei\u010dne veze u prijenosnim ra\u010dunalima.<\/p>\n","protected":false},"featured_media":29102,"template":"","meta":[],"product_brand":[],"product_cat":[62],"product_tag":[52],"class_list":{"0":"post-29037","1":"product","2":"type-product","3":"status-publish","4":"has-post-thumbnail","6":"product_cat-motherboards-board-parts","7":"product_tag-dell","9":"first","10":"instock","11":"taxable","12":"shipping-taxable","13":"purchasable","14":"product-type-simple"},"_links":{"self":[{"href":"https:\/\/boreait.com\/hr\/wp-json\/wp\/v2\/product\/29037","targetHints":{"allow":["GET"]}}],"collection":[{"href":"https:\/\/boreait.com\/hr\/wp-json\/wp\/v2\/product"}],"about":[{"href":"https:\/\/boreait.com\/hr\/wp-json\/wp\/v2\/types\/product"}],"wp:featuredmedia":[{"embeddable":true,"href":"https:\/\/boreait.com\/hr\/wp-json\/wp\/v2\/media\/29102"}],"wp:attachment":[{"href":"https:\/\/boreait.com\/hr\/wp-json\/wp\/v2\/media?parent=29037"}],"wp:term":[{"taxonomy":"product_brand","embeddable":true,"href":"https:\/\/boreait.com\/hr\/wp-json\/wp\/v2\/product_brand?post=29037"},{"taxonomy":"product_cat","embeddable":true,"href":"https:\/\/boreait.com\/hr\/wp-json\/wp\/v2\/product_cat?post=29037"},{"taxonomy":"product_tag","embeddable":true,"href":"https:\/\/boreait.com\/hr\/wp-json\/wp\/v2\/product_tag?post=29037"}],"curies":[{"name":"wp","href":"https:\/\/api.w.org\/{rel}","templated":true}]}}