{"id":29031,"date":"2025-09-12T09:11:57","date_gmt":"2025-09-12T09:11:57","guid":{"rendered":"https:\/\/boreait.com\/hr\/?post_type=product&#038;p=29031"},"modified":"2025-09-13T15:17:42","modified_gmt":"2025-09-13T15:17:42","slug":"dell-latitude-e6420-originalna-ploca-modemske-kartice-cn-0yw011-dijelovi-prijenosnog-racunala","status":"publish","type":"product","link":"https:\/\/boreait.com\/hr\/product\/dell-latitude-e6420-originalna-ploca-modemske-kartice-cn-0yw011-dijelovi-prijenosnog-racunala\/","title":{"rendered":"Dell Latitude E6420 Originalna plo\u010da modemske kartice CN-0YW011 Dijelovi prijenosnog ra\u010dunala"},"content":{"rendered":"<p data-start=\"550\" data-end=\"777\">Ovo je <strong data-start=\"560\" data-end=\"612\">originalna Dell Latitude 14&#8243; E6420 plo\u010da modemske kartice<\/strong> s brojem dijela <strong data-start=\"630\" data-end=\"643\">CN-0YW011<\/strong>. Dizajnirana posebno za Latitude E6420 serije, pru\u017ea pouzdanu vezu i jam\u010di kompatibilnost s va\u0161im ure\u0111ajem.<\/p>\n<ul data-start=\"779\" data-end=\"1028\">\n<li data-start=\"779\" data-end=\"821\">\n<p data-start=\"781\" data-end=\"821\"><strong data-start=\"781\" data-end=\"799\">Marka \/ model:<\/strong> Dell Latitude E6420<\/p>\n<\/li>\n<li data-start=\"822\" data-end=\"852\">\n<p data-start=\"824\" data-end=\"852\"><strong data-start=\"824\" data-end=\"840\">Broj dijela:<\/strong> CN-0YW011<\/p>\n<\/li>\n<li data-start=\"853\" data-end=\"892\">\n<p data-start=\"855\" data-end=\"892\"><strong data-start=\"855\" data-end=\"864\">Vrsta:<\/strong> Originalna kartica modema<\/p>\n<\/li>\n<li data-start=\"893\" data-end=\"965\">\n<p data-start=\"895\" data-end=\"965\"><strong data-start=\"895\" data-end=\"909\">Stanje:<\/strong> Originalni dio prijenosnog ra\u010dunala, testiran i u dobrom radnom stanju<\/p>\n<\/li>\n<li data-start=\"966\" data-end=\"1028\">\n<p data-start=\"968\" data-end=\"1028\"><strong data-start=\"968\" data-end=\"986\">Kompatibilnost:<\/strong> Napravljeno za modele Dell Latitude 14&#8243; E6420<\/p>\n<\/li>\n<\/ul>\n<p data-start=\"1030\" data-end=\"1234\">U <strong data-start=\"1033\" data-end=\"1047\">Siggmo<\/strong> specijalizirani smo za visokokvalitetne <strong data-start=\"1079\" data-end=\"1095\">dijelove za prijenosna ra\u010dunala<\/strong> za popravke i zamjene. Sve fotografije u ovom popisu stvarne su slike plo\u010de modemske kartice koju \u0107ete dobiti \u2014 nema slika iz skladi\u0161ta.<\/p>\n<p data-start=\"1236\" data-end=\"1393\">\ud83d\udccc Imajte na umu: ne dajemo upute za instalaciju, ali ako trebate smjernice ili imate pitanja o kompatibilnosti, uvijek nas mo\u017eete kontaktirati.<\/p>\n<p data-start=\"1395\" data-end=\"1544\">Ova originalna plo\u010da Dell modemske kartice savr\u0161ena je zamjena ako je va\u0161 postoje\u0107i dio neispravan, osiguravaju\u0107i da \u0107e va\u0161e prijenosno ra\u010dunalo nastaviti pouzdano raditi.<\/p>\n","protected":false},"excerpt":{"rendered":"<p>Originalna kartica za modem Dell Latitude E6420 od 14&#8243; (CN-0YW011). 100% originalni dio prijenosnog ra\u010dunala, testiran iu radnom stanju. Uklju\u010dene su prave fotografije proizvoda.<\/p>\n","protected":false},"featured_media":29096,"template":"","meta":[],"product_brand":[],"product_cat":[62],"product_tag":[52],"class_list":{"0":"post-29031","1":"product","2":"type-product","3":"status-publish","4":"has-post-thumbnail","6":"product_cat-motherboards-board-parts","7":"product_tag-dell","9":"first","10":"instock","11":"taxable","12":"shipping-taxable","13":"purchasable","14":"product-type-simple"},"_links":{"self":[{"href":"https:\/\/boreait.com\/hr\/wp-json\/wp\/v2\/product\/29031","targetHints":{"allow":["GET"]}}],"collection":[{"href":"https:\/\/boreait.com\/hr\/wp-json\/wp\/v2\/product"}],"about":[{"href":"https:\/\/boreait.com\/hr\/wp-json\/wp\/v2\/types\/product"}],"wp:featuredmedia":[{"embeddable":true,"href":"https:\/\/boreait.com\/hr\/wp-json\/wp\/v2\/media\/29096"}],"wp:attachment":[{"href":"https:\/\/boreait.com\/hr\/wp-json\/wp\/v2\/media?parent=29031"}],"wp:term":[{"taxonomy":"product_brand","embeddable":true,"href":"https:\/\/boreait.com\/hr\/wp-json\/wp\/v2\/product_brand?post=29031"},{"taxonomy":"product_cat","embeddable":true,"href":"https:\/\/boreait.com\/hr\/wp-json\/wp\/v2\/product_cat?post=29031"},{"taxonomy":"product_tag","embeddable":true,"href":"https:\/\/boreait.com\/hr\/wp-json\/wp\/v2\/product_tag?post=29031"}],"curies":[{"name":"wp","href":"https:\/\/api.w.org\/{rel}","templated":true}]}}