{"id":28993,"date":"2025-09-12T09:10:18","date_gmt":"2025-09-12T09:10:18","guid":{"rendered":"https:\/\/boreait.com\/hr\/?post_type=product&#038;p=28993"},"modified":"2025-09-13T15:20:35","modified_gmt":"2025-09-13T15:20:35","slug":"donji-poklopac-baze-prijenosnog-racunala-dell-latitude-e6420-r1x1k-cn-0r1x1k-zamjenski-dio-dijelovi-prijenosnog-racunala","status":"publish","type":"product","link":"https:\/\/boreait.com\/hr\/product\/donji-poklopac-baze-prijenosnog-racunala-dell-latitude-e6420-r1x1k-cn-0r1x1k-zamjenski-dio-dijelovi-prijenosnog-racunala\/","title":{"rendered":"Donji poklopac baze prijenosnog ra\u010dunala Dell Latitude E6420 R1X1K CN-0R1X1K Zamjenski dio \u2013 dijelovi prijenosnog ra\u010dunala"},"content":{"rendered":"<p data-start=\"534\" data-end=\"778\">Osigurajte da va\u0161e prijenosno ra\u010dunalo Dell Latitude E6420 ostane za\u0161ti\u0107eno i funkcionalno uz ovaj originalni donji poklopac. Ovaj zamjenski dio (R1X1K \/ CN-0R1X1K) dizajniran je da savr\u0161eno pristaje va\u0161em prijenosnom ra\u010dunalu, pru\u017eaju\u0107i izdr\u017eljivost i stabilnost va\u0161em ure\u0111aju.<\/p>\n<p data-start=\"780\" data-end=\"805\"><strong data-start=\"780\" data-end=\"803\">Istaknuti proizvodi:<\/strong><\/p>\n<ul data-start=\"806\" data-end=\"1087\">\n<li data-start=\"806\" data-end=\"851\">\n<p data-start=\"808\" data-end=\"851\"><strong data-start=\"808\" data-end=\"829\">Kompatibilni model:<\/strong> Dell Latitude E6420<\/p>\n<\/li>\n<li data-start=\"852\" data-end=\"899\">\n<p data-start=\"854\" data-end=\"899\"><strong data-start=\"854\" data-end=\"870\">Broj dijela:<\/strong> R1X1K \/ 0R1X1K \/ CN-0R1X1K<\/p>\n<\/li>\n<li data-start=\"900\" data-end=\"954\">\n<p data-start=\"902\" data-end=\"954\"><strong data-start=\"902\" data-end=\"916\">Stanje:<\/strong> Potpuno nova, visokokvalitetna zamjena<\/p>\n<\/li>\n<li data-start=\"955\" data-end=\"1019\">\n<p data-start=\"957\" data-end=\"1019\"><strong data-start=\"957\" data-end=\"970\">Materijal:<\/strong> izdr\u017eljiva plastika za za\u0161titu unutarnjih komponenti<\/p>\n<\/li>\n<li data-start=\"1020\" data-end=\"1087\">\n<p data-start=\"1022\" data-end=\"1087\"><strong data-start=\"1022\" data-end=\"1033\">Fotografije:<\/strong> Stvarne slike proizvoda \u2013 ono \u0161to vidite to i dobivate!<\/p>\n<\/li>\n<\/ul>\n<p data-start=\"1089\" data-end=\"1280\">Ovaj donji poklopac prijenosnog ra\u010dunala idealna je zamjena ako je va\u0161 trenutni o\u0161te\u0107en, izgreban ili istro\u0161en. To je dio prijenosnog ra\u010dunala koji morate imati za odr\u017eavanje va\u0161eg Dell Latitude E6420 u vrhunskom stanju.<\/p>\n<p data-start=\"1282\" data-end=\"1391\"><strong data-start=\"1282\" data-end=\"1291\">Napomena:<\/strong> Ne dajemo upute za instalaciju, ali ako trebate pomo\u0107, slobodno nam po\u0161aljite poruku.<\/p>\n<p data-start=\"1393\" data-end=\"1522\">Nadogradite svoje prijenosno ra\u010dunalo danas ovim pouzdanim i originalnim zamjenskim dijelom! Savr\u0161en za popravke, obnovu ili odr\u017eavanje.<\/p>\n","protected":false},"excerpt":{"rendered":"<p>Nadogradite ili popravite svoj Dell Latitude E6420 ovim originalnim donjim poklopcem baze (R1X1K \/ CN-0R1X1K). Zamjenski dio visoke kvalitete, spreman za ugradnju. Prave fotografije uklju\u010dene!<\/p>\n","protected":false},"featured_media":29059,"template":"","meta":[],"product_brand":[],"product_cat":[51],"product_tag":[52],"class_list":{"0":"post-28993","1":"product","2":"type-product","3":"status-publish","4":"has-post-thumbnail","6":"product_cat-laptop-housing","7":"product_tag-dell","9":"first","10":"instock","11":"taxable","12":"shipping-taxable","13":"purchasable","14":"product-type-simple"},"_links":{"self":[{"href":"https:\/\/boreait.com\/hr\/wp-json\/wp\/v2\/product\/28993","targetHints":{"allow":["GET"]}}],"collection":[{"href":"https:\/\/boreait.com\/hr\/wp-json\/wp\/v2\/product"}],"about":[{"href":"https:\/\/boreait.com\/hr\/wp-json\/wp\/v2\/types\/product"}],"wp:featuredmedia":[{"embeddable":true,"href":"https:\/\/boreait.com\/hr\/wp-json\/wp\/v2\/media\/29059"}],"wp:attachment":[{"href":"https:\/\/boreait.com\/hr\/wp-json\/wp\/v2\/media?parent=28993"}],"wp:term":[{"taxonomy":"product_brand","embeddable":true,"href":"https:\/\/boreait.com\/hr\/wp-json\/wp\/v2\/product_brand?post=28993"},{"taxonomy":"product_cat","embeddable":true,"href":"https:\/\/boreait.com\/hr\/wp-json\/wp\/v2\/product_cat?post=28993"},{"taxonomy":"product_tag","embeddable":true,"href":"https:\/\/boreait.com\/hr\/wp-json\/wp\/v2\/product_tag?post=28993"}],"curies":[{"name":"wp","href":"https:\/\/api.w.org\/{rel}","templated":true}]}}