{"id":28992,"date":"2025-09-12T09:10:17","date_gmt":"2025-09-12T09:10:17","guid":{"rendered":"https:\/\/boreait.com\/hr\/?post_type=product&#038;p=28992"},"modified":"2026-02-09T12:11:42","modified_gmt":"2026-02-09T12:11:42","slug":"dell-latitude-e6420-e6320-e6520-tvrdi-disk-caddy-hdd-ssd-adapter-77k4n-dio-prijenosnog-racunala","status":"publish","type":"product","link":"https:\/\/boreait.com\/hr\/product\/dell-latitude-e6420-e6320-e6520-tvrdi-disk-caddy-hdd-ssd-adapter-77k4n-dio-prijenosnog-racunala\/","title":{"rendered":"Dell Latitude E6420 E6320 E6520 tvrdi disk Caddy HDD SSD adapter 77K4N dio prijenosnog ra\u010dunala"},"content":{"rendered":"<p data-start=\"594\" data-end=\"684\"><strong data-start=\"594\" data-end=\"682\">Dell Latitude Hard Drive Caddy \u2013 kompatibilni modeli: E6420, E6320, E6520 (dio 77K4N)<\/strong><\/p>\n<p data-start=\"686\" data-end=\"925\">Osigurajte da va\u0161e prijenosno ra\u010dunalo Dell ima potrebnu podr\u0161ku za pohranu uz ovaj visokokvalitetni nosa\u010d tvrdog diska. Dizajniran posebno za modele Dell Latitude E6420, E6320 i E6520, ovaj nosa\u010d vam omogu\u0107uje jednostavnu instalaciju ili zamjenu va\u0161eg HDD-a ili SSD-a.<\/p>\n<p data-start=\"927\" data-end=\"946\"><strong data-start=\"927\" data-end=\"944\">Klju\u010dne zna\u010dajke:<\/strong><\/p>\n<ul data-start=\"947\" data-end=\"1333\">\n<li data-start=\"947\" data-end=\"1009\">\n<p data-start=\"949\" data-end=\"1009\"><strong data-start=\"949\" data-end=\"973\">Kompatibilnost modela:<\/strong> Dell Latitude E6420, E6320, E6520<\/p>\n<\/li>\n<li data-start=\"1010\" data-end=\"1036\">\n<p data-start=\"1012\" data-end=\"1036\"><strong data-start=\"1012\" data-end=\"1028\">Broj dijela:<\/strong> 77K4N<\/p>\n<\/li>\n<li data-start=\"1037\" data-end=\"1124\">\n<p data-start=\"1039\" data-end=\"1124\"><strong data-start=\"1039\" data-end=\"1062\">Podr\u017eava HDD &amp; SSD:<\/strong> Instalirajte 2,5&#8243; tvrde diskove ili solid-state diskove bez napora<\/p>\n<\/li>\n<li data-start=\"1125\" data-end=\"1202\">\n<p data-start=\"1127\" data-end=\"1202\"><strong data-start=\"1127\" data-end=\"1151\">Originalni dio prijenosnog ra\u010dunala:<\/strong> Originalna Dell komponenta za pouzdan rad<\/p>\n<\/li>\n<li data-start=\"1203\" data-end=\"1248\">\n<p data-start=\"1205\" data-end=\"1248\"><strong data-start=\"1205\" data-end=\"1219\">Stanje:<\/strong> Potpuno testirano, spremno za upotrebu<\/p>\n<\/li>\n<li data-start=\"1249\" data-end=\"1333\">\n<p data-start=\"1251\" data-end=\"1333\"><strong data-start=\"1251\" data-end=\"1267\">Prave fotografije:<\/strong> Slike u ovom popisu prikazuju to\u010dno onu stavku koju \u0107ete dobiti<\/p>\n<\/li>\n<\/ul>\n<p data-start=\"1335\" data-end=\"1347\"><strong data-start=\"1335\" data-end=\"1345\">Napomene:<\/strong><\/p>\n<ul data-start=\"1348\" data-end=\"1540\">\n<li data-start=\"1348\" data-end=\"1446\">\n<p data-start=\"1350\" data-end=\"1446\">Ne dajemo upute za instalaciju, ali ako trebate pomo\u0107, mo\u017eete nam poslati poruku u bilo kojem trenutku.<\/p>\n<\/li>\n<li data-start=\"1447\" data-end=\"1540\">\n<p data-start=\"1449\" data-end=\"1540\">Savr\u0161eno za nadogradnju pohrane, zamjenu o\u0161te\u0107enog nosa\u010da ili izgradnju sustava s dva pogona.<\/p>\n<\/li>\n<\/ul>\n<p data-start=\"1542\" data-end=\"1711\">Pobolj\u0161ajte svoje prijenosno ra\u010dunalo Dell Latitude danas ovim izdr\u017eljivim i potpuno kompatibilnim nosa\u010dem tvrdog diska \u2014 bitnim dijelom za odr\u017eavanje ili nadogradnju pohrane va\u0161eg prijenosnog ra\u010dunala.<\/p>\n","protected":false},"excerpt":{"rendered":"<p>Nadogradite ili zamijenite pohranu svog prijenosnog ra\u010dunala ovim originalnim Dell Latitude nosa\u010dem tvrdog diska. Kompatibilan s modelima E6420, E6320 i E6520, odgovara i HDD-ovima i SSD-ovima. Uklju\u010dene su prave fotografije \u2014 dio koji vidite je dio koji \u0107ete dobiti.<\/p>\n","protected":false},"featured_media":29055,"template":"","meta":[],"product_brand":[],"product_cat":[51],"product_tag":[52],"class_list":{"0":"post-28992","1":"product","2":"type-product","3":"status-publish","4":"has-post-thumbnail","6":"product_cat-laptop-housing","7":"product_tag-dell","9":"first","10":"instock","11":"taxable","12":"shipping-taxable","13":"purchasable","14":"product-type-simple"},"_links":{"self":[{"href":"https:\/\/boreait.com\/hr\/wp-json\/wp\/v2\/product\/28992","targetHints":{"allow":["GET"]}}],"collection":[{"href":"https:\/\/boreait.com\/hr\/wp-json\/wp\/v2\/product"}],"about":[{"href":"https:\/\/boreait.com\/hr\/wp-json\/wp\/v2\/types\/product"}],"wp:featuredmedia":[{"embeddable":true,"href":"https:\/\/boreait.com\/hr\/wp-json\/wp\/v2\/media\/29055"}],"wp:attachment":[{"href":"https:\/\/boreait.com\/hr\/wp-json\/wp\/v2\/media?parent=28992"}],"wp:term":[{"taxonomy":"product_brand","embeddable":true,"href":"https:\/\/boreait.com\/hr\/wp-json\/wp\/v2\/product_brand?post=28992"},{"taxonomy":"product_cat","embeddable":true,"href":"https:\/\/boreait.com\/hr\/wp-json\/wp\/v2\/product_cat?post=28992"},{"taxonomy":"product_tag","embeddable":true,"href":"https:\/\/boreait.com\/hr\/wp-json\/wp\/v2\/product_tag?post=28992"}],"curies":[{"name":"wp","href":"https:\/\/api.w.org\/{rel}","templated":true}]}}