{"id":28975,"date":"2025-09-12T09:09:20","date_gmt":"2025-09-12T09:09:20","guid":{"rendered":"https:\/\/boreait.com\/hr\/?post_type=product&#038;p=28975"},"modified":"2025-09-13T15:20:36","modified_gmt":"2025-09-13T15:20:36","slug":"zamjena-za-hp-elitebook-840-g5-14-oslonac-za-dlan-bez-dodirne-podloge-6070b1210201-l18310-001-dijelovi-prijenosnog-racunala","status":"publish","type":"product","link":"https:\/\/boreait.com\/hr\/product\/zamjena-za-hp-elitebook-840-g5-14-oslonac-za-dlan-bez-dodirne-podloge-6070b1210201-l18310-001-dijelovi-prijenosnog-racunala\/","title":{"rendered":"Zamjena za HP EliteBook 840 G5 14&#8243; oslonac za dlan (bez dodirne podloge) \u2013 6070B1210201 L18310-001 | Dijelovi prijenosnog ra\u010dunala"},"content":{"rendered":"<p data-start=\"513\" data-end=\"719\">Pobolj\u0161ajte svoj HP EliteBook 840 G5 ovim vrhunskim zamjenskim osloncem za dlanove od 14&#8243; (bez touchpada). Dizajniran da vrati udobnost i estetiku va\u0161em prijenosnom ra\u010dunalu, ovaj je dio savr\u0161en za popravke ili nadogradnje.<\/p>\n<p data-start=\"721\" data-end=\"743\"><strong data-start=\"721\" data-end=\"741\">Pojedinosti o proizvodu:<\/strong><\/p>\n<ul data-start=\"744\" data-end=\"943\">\n<li data-start=\"744\" data-end=\"774\">\n<p data-start=\"746\" data-end=\"774\">Model: HP EliteBook 840 G5<\/p>\n<\/li>\n<li data-start=\"775\" data-end=\"812\">\n<p data-start=\"777\" data-end=\"812\">Dio: Oslonac za ruku (bez dodirne podloge)<\/p>\n<\/li>\n<li data-start=\"813\" data-end=\"855\">\n<p data-start=\"815\" data-end=\"855\">Broj dijela: 6070B1210201 \/ L18310-001<\/p>\n<\/li>\n<li data-start=\"856\" data-end=\"875\">\n<p data-start=\"858\" data-end=\"875\">Veli\u010dina: 14 in\u010da<\/p>\n<\/li>\n<li data-start=\"876\" data-end=\"900\">\n<p data-start=\"878\" data-end=\"900\">Stanje: potpuno novo<\/p>\n<\/li>\n<li data-start=\"901\" data-end=\"943\">\n<p data-start=\"903\" data-end=\"943\">Fotografije: uklju\u010dene su stvarne slike proizvoda<\/p>\n<\/li>\n<\/ul>\n<p data-start=\"945\" data-end=\"1142\">Ovaj oslonac za ruku originalni je dio prijenosnog ra\u010dunala, napravljen za izdr\u017eljivost i kompatibilnost. Idealan za zamjenu istro\u0161enih ili o\u0161te\u0107enih oslonaca za dlanove, osigurava da va\u0161e prijenosno ra\u010dunalo zadr\u017ei svoj profesionalni izgled i dojam.<\/p>\n<p data-start=\"1144\" data-end=\"1166\"><strong data-start=\"1144\" data-end=\"1164\">Dodatne informacije:<\/strong><\/p>\n<ul data-start=\"1167\" data-end=\"1345\">\n<li data-start=\"1167\" data-end=\"1200\">\n<p data-start=\"1169\" data-end=\"1200\">Ne uklju\u010duje <strong data-start=\"1174\" data-end=\"1198\">touchpad<\/strong><\/p>\n<\/li>\n<li data-start=\"1201\" data-end=\"1290\">\n<p data-start=\"1203\" data-end=\"1290\">Jednostavna zamjena za iskusne korisnike; ako trebate smjernice, slobodno nam po\u0161aljite poruku.<\/p>\n<\/li>\n<li data-start=\"1291\" data-end=\"1345\">\n<p data-start=\"1293\" data-end=\"1345\">\u0160alje iz Europe s opcijama dostave u cijeli svijet.<\/p>\n<\/li>\n<\/ul>\n<p data-start=\"1347\" data-end=\"1477\">Nadogradite svoj HP EliteBook 840 G5 danas ovim pouzdanim zamjenskim dijelom i neka va\u0161e prijenosno ra\u010dunalo radi i izgleda kao novo!<\/p>\n","protected":false},"excerpt":{"rendered":"<p>Nadogradite ili popravite svoj HP EliteBook 840 G5 ovom originalnom zamjenom za oslonac za dlan od 14&#8243; (bez touchpad-a). Izdr\u017eljiv, visokokvalitetan i spreman za instalaciju. Isporu\u010dene prave fotografije proizvoda.<\/p>\n","protected":false},"featured_media":29044,"template":"","meta":[],"product_brand":[],"product_cat":[51],"product_tag":[60],"class_list":{"0":"post-28975","1":"product","2":"type-product","3":"status-publish","4":"has-post-thumbnail","6":"product_cat-laptop-housing","7":"product_tag-hp","9":"first","10":"instock","11":"taxable","12":"shipping-taxable","13":"purchasable","14":"product-type-simple"},"_links":{"self":[{"href":"https:\/\/boreait.com\/hr\/wp-json\/wp\/v2\/product\/28975","targetHints":{"allow":["GET"]}}],"collection":[{"href":"https:\/\/boreait.com\/hr\/wp-json\/wp\/v2\/product"}],"about":[{"href":"https:\/\/boreait.com\/hr\/wp-json\/wp\/v2\/types\/product"}],"wp:featuredmedia":[{"embeddable":true,"href":"https:\/\/boreait.com\/hr\/wp-json\/wp\/v2\/media\/29044"}],"wp:attachment":[{"href":"https:\/\/boreait.com\/hr\/wp-json\/wp\/v2\/media?parent=28975"}],"wp:term":[{"taxonomy":"product_brand","embeddable":true,"href":"https:\/\/boreait.com\/hr\/wp-json\/wp\/v2\/product_brand?post=28975"},{"taxonomy":"product_cat","embeddable":true,"href":"https:\/\/boreait.com\/hr\/wp-json\/wp\/v2\/product_cat?post=28975"},{"taxonomy":"product_tag","embeddable":true,"href":"https:\/\/boreait.com\/hr\/wp-json\/wp\/v2\/product_tag?post=28975"}],"curies":[{"name":"wp","href":"https:\/\/api.w.org\/{rel}","templated":true}]}}