{"id":28967,"date":"2025-09-12T09:08:54","date_gmt":"2025-09-12T09:08:54","guid":{"rendered":"https:\/\/boreait.com\/hr\/?post_type=product&#038;p=28967"},"modified":"2025-09-13T15:19:24","modified_gmt":"2025-09-13T15:19:24","slug":"hp-elitebook-840-820-830-g5-g6-zamjenski-dio-web-kamere-za-prijenosno-racunalo-originalan-i-testiran","status":"publish","type":"product","link":"https:\/\/boreait.com\/hr\/product\/hp-elitebook-840-820-830-g5-g6-zamjenski-dio-web-kamere-za-prijenosno-racunalo-originalan-i-testiran\/","title":{"rendered":"HP EliteBook 840 820 830 G5 G6 zamjenski dio web kamere za prijenosno ra\u010dunalo \u2013 originalan i testiran"},"content":{"rendered":"<p data-start=\"580\" data-end=\"646\"><strong data-start=\"580\" data-end=\"644\">Kamera za prijenosno ra\u010dunalo HP EliteBook 840 820 830 G5 G6 \u2013 originalni zamjenski dio<\/strong><\/p>\n<p data-start=\"648\" data-end=\"879\">Osigurajte da su va\u0161i videopozivi, konferencije i mre\u017eni sastanci uvijek jasni uz ovu originalnu <strong data-start=\"741\" data-end=\"778\">kameru za prijenosno ra\u010dunalo HP EliteBook 840 820 830 G5 G6<\/strong>. Osmi\u0161ljen posebno za ovaj model, pouzdana je zamjena za neispravnu ili o\u0161te\u0107enu web kameru.<\/p>\n<p data-start=\"881\" data-end=\"900\"><strong data-start=\"881\" data-end=\"898\">Klju\u010dne zna\u010dajke:<\/strong><\/p>\n<ul data-start=\"901\" data-end=\"1176\">\n<li data-start=\"901\" data-end=\"960\">\n<p data-start=\"903\" data-end=\"960\">Kompatibilno s prijenosnim ra\u010dunalima iz serije <strong data-start=\"919\" data-end=\"942\">HP EliteBook\u00a0840 820 830 G5 G6<\/strong>.<\/p>\n<\/li>\n<li data-start=\"961\" data-end=\"1033\">\n<p data-start=\"963\" data-end=\"1033\">Visokokvalitetna web-kamera za videopozive, mre\u017ene sastanke i strujanje.<\/p>\n<\/li>\n<li data-start=\"1034\" data-end=\"1086\">\n<p data-start=\"1036\" data-end=\"1086\">Potpuno testiran iu izvrsnom radnom stanju.<\/p>\n<\/li>\n<li data-start=\"1087\" data-end=\"1119\">\n<p data-start=\"1089\" data-end=\"1119\">Originalni HP-ov zamjenski dio.<\/p>\n<\/li>\n<li data-start=\"1120\" data-end=\"1176\">\n<p data-start=\"1122\" data-end=\"1176\"><strong data-start=\"1122\" data-end=\"1137\">Prave fotografije<\/strong> stvarnog dijela koji \u0107ete dobiti.<\/p>\n<\/li>\n<\/ul>\n<p data-start=\"1178\" data-end=\"1379\">Ovo je savr\u0161eno rje\u0161enje ako va\u0161a ugra\u0111ena kamera ne radi ili vam je potrebna zamjena za popravak. Iako ne pru\u017eamo upute za instalaciju, mo\u017eete nam <strong data-start=\"1341\" data-end=\"1376\">poru\u010diti bilo kada za smjernice<\/strong>.<\/p>\n<p data-start=\"1381\" data-end=\"1521\">Nadogradite iskustvo prijenosnog ra\u010dunala s visokokvalitetnom zamjenskom <strong data-start=\"1444\" data-end=\"1474\">kamerom HP EliteBook 840 820 830 G5 G6<\/strong> i u\u017eivajte u jasnim, pouzdanim video performansama.<\/p>\n<p data-start=\"1523\" data-end=\"1636\">\n","protected":false},"excerpt":{"rendered":"<p data-start=\"298\" data-end=\"526\">Nadogradite ili zamijenite svoju HP EliteBook 840 820 830 G5 G6 web kameru za prijenosno ra\u010dunalo ovom originalnom, potpuno testiranom kamerom. Savr\u0161eno za jasne videopozive i besprijekornu funkcionalnost. Uklju\u010dene prave fotografije dijela. Po\u0161aljite nam poruku ako vam je potrebna dodatna pomo\u0107.<\/p>\n","protected":false},"featured_media":29033,"template":"","meta":[],"product_brand":[],"product_cat":[58],"product_tag":[60],"class_list":{"0":"post-28967","1":"product","2":"type-product","3":"status-publish","4":"has-post-thumbnail","6":"product_cat-laptop-camera","7":"product_tag-hp","9":"first","10":"instock","11":"taxable","12":"shipping-taxable","13":"purchasable","14":"product-type-simple"},"_links":{"self":[{"href":"https:\/\/boreait.com\/hr\/wp-json\/wp\/v2\/product\/28967","targetHints":{"allow":["GET"]}}],"collection":[{"href":"https:\/\/boreait.com\/hr\/wp-json\/wp\/v2\/product"}],"about":[{"href":"https:\/\/boreait.com\/hr\/wp-json\/wp\/v2\/types\/product"}],"wp:featuredmedia":[{"embeddable":true,"href":"https:\/\/boreait.com\/hr\/wp-json\/wp\/v2\/media\/29033"}],"wp:attachment":[{"href":"https:\/\/boreait.com\/hr\/wp-json\/wp\/v2\/media?parent=28967"}],"wp:term":[{"taxonomy":"product_brand","embeddable":true,"href":"https:\/\/boreait.com\/hr\/wp-json\/wp\/v2\/product_brand?post=28967"},{"taxonomy":"product_cat","embeddable":true,"href":"https:\/\/boreait.com\/hr\/wp-json\/wp\/v2\/product_cat?post=28967"},{"taxonomy":"product_tag","embeddable":true,"href":"https:\/\/boreait.com\/hr\/wp-json\/wp\/v2\/product_tag?post=28967"}],"curies":[{"name":"wp","href":"https:\/\/api.w.org\/{rel}","templated":true}]}}