{"id":28952,"date":"2025-09-12T09:08:02","date_gmt":"2025-09-12T09:08:02","guid":{"rendered":"https:\/\/boreait.com\/hr\/?post_type=product&#038;p=28952"},"modified":"2026-02-09T12:10:53","modified_gmt":"2026-02-09T12:10:53","slug":"zamjena-lcd-sarki-za-hp-elitebook-830-840-g5-g6-rano-vlasnistvo","status":"publish","type":"product","link":"https:\/\/boreait.com\/hr\/product\/zamjena-lcd-sarki-za-hp-elitebook-830-840-g5-g6-rano-vlasnistvo\/","title":{"rendered":"Zamjena LCD \u0161arki za HP EliteBook 830 840 G5 G6 | Rano vlasni\u0161tvo"},"content":{"rendered":"<p data-start=\"548\" data-end=\"809\">Nadogradite ili popravite svoj HP EliteBook\u00a0830 840 G5 G6 s na\u0161im <strong data-start=\"600\" data-end=\"627\">visokokvalitetnim LCD \u0161arkama<\/strong>, dizajniranim da vrate glatko kretanje i stabilnost zaslona. Ove zamjenske \u0161arke su <strong data-start=\"716\" data-end=\"754\">izdr\u017eljive i precizno proizvedene<\/strong> kako bi odgovarale izvornim specifikacijama va\u0161eg prijenosnog ra\u010dunala.<\/p>\n<p data-start=\"811\" data-end=\"830\"><strong data-start=\"811\" data-end=\"828\">Klju\u010dne zna\u010dajke:<\/strong><\/p>\n<ul data-start=\"831\" data-end=\"1202\">\n<li data-start=\"831\" data-end=\"882\">\n<p data-start=\"833\" data-end=\"882\">Kompatibilno s <strong data-start=\"849\" data-end=\"872\">HP EliteBook\u00a0<\/strong>830 840 G5 G6 modelima.<\/p>\n<\/li>\n<li data-start=\"883\" data-end=\"963\">\n<p data-start=\"885\" data-end=\"963\">Izra\u0111en od <strong data-start=\"895\" data-end=\"929\">\u010dvrstih, dugotrajnih materijala<\/strong> kako bi se osigurala pouzdana izvedba.<\/p>\n<\/li>\n<li data-start=\"964\" data-end=\"1037\">\n<p data-start=\"966\" data-end=\"1037\"><strong data-start=\"966\" data-end=\"981\">Uklju\u010dene su prave fotografije<\/strong>\u2014 ono \u0161to vidite to\u010dno je ono \u0161to \u0107ete i dobiti.<\/p>\n<\/li>\n<li data-start=\"1038\" data-end=\"1124\">\n<p data-start=\"1040\" data-end=\"1124\">Idealno za <strong data-start=\"1050\" data-end=\"1086\">popravak polomljenih ili olabavljenih \u0161arki<\/strong> ili zamjenu dotrajalih dijelova prijenosnog ra\u010dunala.<\/p>\n<\/li>\n<li data-start=\"1125\" data-end=\"1202\">\n<p data-start=\"1127\" data-end=\"1202\">Jednostavan za instalaciju; ako trebate <strong data-start=\"1156\" data-end=\"1199\">dodatne smjernice, slobodno nam po\u0161aljite poruku<\/strong>.<\/p>\n<\/li>\n<\/ul>\n<p data-start=\"1204\" data-end=\"1454\">Na\u0161i <strong data-start=\"1208\" data-end=\"1224\">dijelovi prijenosnog ra\u010dunala<\/strong> pa\u017eljivo su pregledani i pakirani kako bi sigurno stigli na va\u0161a vrata. Bez obzira jeste li entuzijast za prijenosna ra\u010dunala \u201euradi sam\u201c ili ste profesionalni tehni\u010dar, ove su \u0161arke bitan dio za odr\u017eavanje va\u0161eg EliteBooka u savr\u0161enom radnom stanju.<\/p>\n<p data-start=\"1456\" data-end=\"1584\"><strong data-start=\"1456\" data-end=\"1465\">Napomena:<\/strong> Prodajemo samo dijelove. Upute za zamjenu nisu uklju\u010dene, ali podr\u0161ka je dostupna putem poruka ako je potrebno.<\/p>\n","protected":false},"excerpt":{"rendered":"<p>Premium zamjenske LCD \u0161arke za HP EliteBook\u00a0830 840 G5 G6. Izdr\u017eljivi, visokokvalitetni dijelovi prijenosnog ra\u010dunala. Uklju\u010dene prave fotografije \u0161arki. Savr\u0161en za popravak ili nadogradnju. Po\u0161aljite nam poruku ako trebate upute.<\/p>\n","protected":false},"featured_media":29018,"template":"","meta":[],"product_brand":[],"product_cat":[54],"product_tag":[60],"class_list":{"0":"post-28952","1":"product","2":"type-product","3":"status-publish","4":"has-post-thumbnail","6":"product_cat-screen-hinge","7":"product_tag-hp","9":"first","10":"instock","11":"taxable","12":"shipping-taxable","13":"purchasable","14":"product-type-simple"},"_links":{"self":[{"href":"https:\/\/boreait.com\/hr\/wp-json\/wp\/v2\/product\/28952","targetHints":{"allow":["GET"]}}],"collection":[{"href":"https:\/\/boreait.com\/hr\/wp-json\/wp\/v2\/product"}],"about":[{"href":"https:\/\/boreait.com\/hr\/wp-json\/wp\/v2\/types\/product"}],"wp:featuredmedia":[{"embeddable":true,"href":"https:\/\/boreait.com\/hr\/wp-json\/wp\/v2\/media\/29018"}],"wp:attachment":[{"href":"https:\/\/boreait.com\/hr\/wp-json\/wp\/v2\/media?parent=28952"}],"wp:term":[{"taxonomy":"product_brand","embeddable":true,"href":"https:\/\/boreait.com\/hr\/wp-json\/wp\/v2\/product_brand?post=28952"},{"taxonomy":"product_cat","embeddable":true,"href":"https:\/\/boreait.com\/hr\/wp-json\/wp\/v2\/product_cat?post=28952"},{"taxonomy":"product_tag","embeddable":true,"href":"https:\/\/boreait.com\/hr\/wp-json\/wp\/v2\/product_tag?post=28952"}],"curies":[{"name":"wp","href":"https:\/\/api.w.org\/{rel}","templated":true}]}}