{"id":28942,"date":"2025-09-12T09:07:36","date_gmt":"2025-09-12T09:07:36","guid":{"rendered":"https:\/\/boreait.com\/hr\/?post_type=product&#038;p=28942"},"modified":"2026-02-09T12:10:08","modified_gmt":"2026-02-09T12:10:08","slug":"hp-elitebook-14-hp-840-g1-g2-850-g1-g2-oem-hdd-hard-drive-caddy-s-vijcima-803389-001-dijelovi-prijenosnog-racunala","status":"publish","type":"product","link":"https:\/\/boreait.com\/hr\/product\/hp-elitebook-14-hp-840-g1-g2-850-g1-g2-oem-hdd-hard-drive-caddy-s-vijcima-803389-001-dijelovi-prijenosnog-racunala\/","title":{"rendered":"HP EliteBook 14&#8243; HP 840 G1\/G2 850 G1\/G2 OEM HDD Hard Drive Caddy s vijcima 803389-001 \u2013 Dijelovi prijenosnog ra\u010dunala"},"content":{"rendered":"<p data-start=\"542\" data-end=\"619\"><strong data-start=\"542\" data-end=\"619\">HP EliteBook 14&#8243; HP 840 G1\/G2 850 G1\/G2 OEM HDD nosa\u010d tvrdog diska s vijcima \u2013 dijelovi prijenosnog ra\u010dunala<\/strong><\/p>\n<p data-start=\"621\" data-end=\"896\">Pobrinite se da pohrana va\u0161eg prijenosnog ra\u010dunala bude sigurna i funkcionalna uz ovaj <strong data-start=\"683\" data-end=\"722\">originalni HP OEM HDD nosa\u010d<\/strong>, posebno dizajniran za <strong data-start=\"754\" data-end=\"781\">HP EliteBook 14&#8243;\u00a0<\/strong>HP 840 G1\/G2 850 G1\/G2 Ovaj nosa\u010d vam omogu\u0107uje da ispravno montirate i za\u0161titite svoj tvrdi disk, a da pritom prijenosno ra\u010dunalo radi glatko.<\/p>\n<p data-start=\"898\" data-end=\"917\"><strong data-start=\"898\" data-end=\"915\">Klju\u010dne zna\u010dajke:<\/strong><\/p>\n<ul data-start=\"918\" data-end=\"1207\">\n<li data-start=\"918\" data-end=\"967\">\n<p data-start=\"920\" data-end=\"967\"><strong data-start=\"920\" data-end=\"941\">Kompatibilni model:<\/strong> HP EliteBook 14&#8243; HP 840 G1\/G2 850 G1\/G2<\/p>\n<\/li>\n<li data-start=\"968\" data-end=\"999\">\n<p data-start=\"970\" data-end=\"999\"><strong data-start=\"970\" data-end=\"986\">Broj dijela:<\/strong> 803389-001<\/p>\n<\/li>\n<li data-start=\"1000\" data-end=\"1038\">\n<p data-start=\"1002\" data-end=\"1038\"><strong data-start=\"1002\" data-end=\"1011\">Vrsta:<\/strong> OEM HDD Hard Drive Caddy<\/p>\n<\/li>\n<li data-start=\"1039\" data-end=\"1072\">\n<p data-start=\"1041\" data-end=\"1072\"><strong data-start=\"1041\" data-end=\"1054\">Uklju\u010duje:<\/strong> vijke za pri\u010dvr\u0161\u0107ivanje<\/p>\n<\/li>\n<li data-start=\"1073\" data-end=\"1119\">\n<p data-start=\"1075\" data-end=\"1119\"><strong data-start=\"1075\" data-end=\"1089\">Stanje:<\/strong> Potpuno novi, originalni OEM dio<\/p>\n<\/li>\n<li data-start=\"1120\" data-end=\"1207\">\n<p data-start=\"1122\" data-end=\"1207\"><strong data-start=\"1122\" data-end=\"1133\">Fotografije:<\/strong> uklju\u010dene su stvarne fotografije proizvoda, tako da to\u010dno znate \u0161to \u0107ete dobiti<\/p>\n<\/li>\n<\/ul>\n<p data-start=\"1209\" data-end=\"1443\">Ovaj nosa\u010d tvrdog diska bitan je <strong data-start=\"1247\" data-end=\"1262\">dio prijenosnog ra\u010dunala<\/strong> za svakoga tko mijenja ili nadogra\u0111uje svoju pohranu u HP EliteBook HP 840 G1\/G2 850 G1\/G2. Osigurava da je va\u0161 HDD sigurno postavljen, sprje\u010dava o\u0161te\u0107enja i odr\u017eava optimalne performanse prijenosnog ra\u010dunala.<\/p>\n<p data-start=\"1445\" data-end=\"1561\"><strong data-start=\"1445\" data-end=\"1454\">Napomena:<\/strong> Ne dajemo upute za instalaciju, ali ako trebate pomo\u0107, mo\u017eete nam <strong data-start=\"1536\" data-end=\"1558\">poru\u010diti bilo kada<\/strong>.<\/p>\n<p data-start=\"1563\" data-end=\"1665\">Idealan za svakoga tko \u017eeli odr\u017eavati, popraviti ili nadograditi svoje prijenosno ra\u010dunalo HP EliteBook. Dostava diljem svijeta!<\/p>\n","protected":false},"excerpt":{"rendered":"<p>Nadogradite ili zamijenite svoj tvrdi disk HP EliteBook 14&#8243; HP 840 G1\/G2 850 G1\/G2 sigurno s ovim originalnim OEM HDD nosa\u010dem. Dolazi s vijcima i brojem dijela 803389-001. Uklju\u010dene prave fotografije \u2013 spremne za slanje \u0161irom svijeta!<\/p>\n","protected":false},"featured_media":29009,"template":"","meta":[],"product_brand":[],"product_cat":[51],"product_tag":[60],"class_list":{"0":"post-28942","1":"product","2":"type-product","3":"status-publish","4":"has-post-thumbnail","6":"product_cat-laptop-housing","7":"product_tag-hp","9":"first","10":"instock","11":"taxable","12":"shipping-taxable","13":"purchasable","14":"product-type-simple"},"_links":{"self":[{"href":"https:\/\/boreait.com\/hr\/wp-json\/wp\/v2\/product\/28942","targetHints":{"allow":["GET"]}}],"collection":[{"href":"https:\/\/boreait.com\/hr\/wp-json\/wp\/v2\/product"}],"about":[{"href":"https:\/\/boreait.com\/hr\/wp-json\/wp\/v2\/types\/product"}],"wp:featuredmedia":[{"embeddable":true,"href":"https:\/\/boreait.com\/hr\/wp-json\/wp\/v2\/media\/29009"}],"wp:attachment":[{"href":"https:\/\/boreait.com\/hr\/wp-json\/wp\/v2\/media?parent=28942"}],"wp:term":[{"taxonomy":"product_brand","embeddable":true,"href":"https:\/\/boreait.com\/hr\/wp-json\/wp\/v2\/product_brand?post=28942"},{"taxonomy":"product_cat","embeddable":true,"href":"https:\/\/boreait.com\/hr\/wp-json\/wp\/v2\/product_cat?post=28942"},{"taxonomy":"product_tag","embeddable":true,"href":"https:\/\/boreait.com\/hr\/wp-json\/wp\/v2\/product_tag?post=28942"}],"curies":[{"name":"wp","href":"https:\/\/api.w.org\/{rel}","templated":true}]}}