{"id":28932,"date":"2025-09-12T09:07:09","date_gmt":"2025-09-12T09:07:09","guid":{"rendered":"https:\/\/boreait.com\/hr\/?post_type=product&#038;p=28932"},"modified":"2026-02-09T12:07:07","modified_gmt":"2026-02-09T12:07:07","slug":"originalna-ploca-s-gumbom-za-napajanje-hp-elitebook-745-g2-s-kabelom-zamjenski-dio-za-prijenosno-racunalo-6c50a2560301","status":"publish","type":"product","link":"https:\/\/boreait.com\/hr\/product\/originalna-ploca-s-gumbom-za-napajanje-hp-elitebook-745-g2-s-kabelom-zamjenski-dio-za-prijenosno-racunalo-6c50a2560301\/","title":{"rendered":"Originalna plo\u010da s gumbom za napajanje HP EliteBook 745 G2 s kabelom \u2013 zamjenski dio za prijenosno ra\u010dunalo 6C50A2560301"},"content":{"rendered":"<p data-start=\"531\" data-end=\"727\">Nadogradite ili popravite svoj HP EliteBook 745 G2 ovom <strong data-start=\"584\" data-end=\"630\">originalnom plo\u010dom gumba za uklju\u010divanje (6C50A2560301)<\/strong>. Ovaj visokokvalitetni zamjenski dio osigurava besprijekoran rad funkcije napajanja va\u0161eg prijenosnog ra\u010dunala.<\/p>\n<p data-start=\"729\" data-end=\"751\"><strong data-start=\"729\" data-end=\"749\">Pojedinosti o proizvodu:<\/strong><\/p>\n<ul data-start=\"752\" data-end=\"1000\">\n<li data-start=\"752\" data-end=\"786\">\n<p data-start=\"754\" data-end=\"786\">Model: <strong data-start=\"761\" data-end=\"784\">HP EliteBook 745 G2<\/strong><\/p>\n<\/li>\n<li data-start=\"787\" data-end=\"824\">\n<p data-start=\"789\" data-end=\"824\">Vrsta dijela: <strong data-start=\"800\" data-end=\"822\">Plo\u010da s gumbom za uklju\u010divanje &#8211; s ravnim kabelom<\/strong><\/p>\n<\/li>\n<li data-start=\"825\" data-end=\"862\">\n<p data-start=\"827\" data-end=\"862\">OEM broj dijela: <strong data-start=\"844\" data-end=\"860\">6C50A2560301<\/strong><\/p>\n<\/li>\n<li data-start=\"863\" data-end=\"920\">\n<p data-start=\"865\" data-end=\"920\">Stanje: <strong data-start=\"876\" data-end=\"918\">Originalno, testirano i potpuno funkcionalno<\/strong><\/p>\n<\/li>\n<li data-start=\"921\" data-end=\"1000\">\n<p data-start=\"923\" data-end=\"1000\">Fotografije: <strong data-start=\"931\" data-end=\"998\">Sve fotografije popisa stvarne su fotografije predmeta koji \u0107ete dobiti<\/strong><\/p>\n<\/li>\n<\/ul>\n<p data-start=\"1002\" data-end=\"1199\">Ova plo\u010da s gumbom za uklju\u010divanje i uklju\u010divanje bitan je <strong data-start=\"1042\" data-end=\"1069\">zamjenski dio za prijenosno ra\u010dunalo<\/strong> za odr\u017eavanje ili ponovno uspostavljanje rada va\u0161eg EliteBooka. Prikladan je za sve koji imaju problema s napajanjem svog ure\u0111aja.<\/p>\n<p data-start=\"1201\" data-end=\"1369\">Mi <strong data-start=\"1204\" data-end=\"1248\">ne dajemo upute za instalaciju<\/strong>, ali na\u0161 tim rado \u0107e odgovoriti na sva pitanja. Jednostavno <strong data-start=\"1304\" data-end=\"1325\">po\u0161aljite nam poruku<\/strong> ako trebate vi\u0161e informacija ili smjernica.<\/p>\n<p data-start=\"1371\" data-end=\"1475\">Savr\u0161eno za vlasnike HP-a koji tra\u017ee <strong data-start=\"1405\" data-end=\"1430\">pouzdane dijelove za prijenosna ra\u010dunala<\/strong> isporu\u010dene brzo u Europi i \u0161irom svijeta.<\/p>\n","protected":false},"excerpt":{"rendered":"<p>Originalna plo\u010da HP EliteBook 745 G2 s gumbom za uklju\u010divanje (6C50A2560301) \u2013 visokokvalitetni zamjenski dio za va\u0161e prijenosno ra\u010dunalo. Uklju\u010dene prave fotografije proizvoda. Za bilo kakvu pomo\u0107 oko instalacije, slobodno nam se obratite porukom.<\/p>\n","protected":false},"featured_media":28999,"template":"","meta":[],"product_brand":[],"product_cat":[62],"product_tag":[60],"class_list":{"0":"post-28932","1":"product","2":"type-product","3":"status-publish","4":"has-post-thumbnail","6":"product_cat-motherboards-board-parts","7":"product_tag-hp","9":"first","10":"instock","11":"taxable","12":"shipping-taxable","13":"purchasable","14":"product-type-simple"},"_links":{"self":[{"href":"https:\/\/boreait.com\/hr\/wp-json\/wp\/v2\/product\/28932","targetHints":{"allow":["GET"]}}],"collection":[{"href":"https:\/\/boreait.com\/hr\/wp-json\/wp\/v2\/product"}],"about":[{"href":"https:\/\/boreait.com\/hr\/wp-json\/wp\/v2\/types\/product"}],"wp:featuredmedia":[{"embeddable":true,"href":"https:\/\/boreait.com\/hr\/wp-json\/wp\/v2\/media\/28999"}],"wp:attachment":[{"href":"https:\/\/boreait.com\/hr\/wp-json\/wp\/v2\/media?parent=28932"}],"wp:term":[{"taxonomy":"product_brand","embeddable":true,"href":"https:\/\/boreait.com\/hr\/wp-json\/wp\/v2\/product_brand?post=28932"},{"taxonomy":"product_cat","embeddable":true,"href":"https:\/\/boreait.com\/hr\/wp-json\/wp\/v2\/product_cat?post=28932"},{"taxonomy":"product_tag","embeddable":true,"href":"https:\/\/boreait.com\/hr\/wp-json\/wp\/v2\/product_tag?post=28932"}],"curies":[{"name":"wp","href":"https:\/\/api.w.org\/{rel}","templated":true}]}}