{"id":28924,"date":"2025-09-12T09:06:44","date_gmt":"2025-09-12T09:06:44","guid":{"rendered":"https:\/\/boreait.com\/hr\/?post_type=product&#038;p=28924"},"modified":"2025-09-13T15:20:40","modified_gmt":"2025-09-13T15:20:40","slug":"hp-elitebook-840-g1-g2-donji-poklopac-765809-001-zamjenski-dio-za-prijenosno-racunalo","status":"publish","type":"product","link":"https:\/\/boreait.com\/hr\/product\/hp-elitebook-840-g1-g2-donji-poklopac-765809-001-zamjenski-dio-za-prijenosno-racunalo\/","title":{"rendered":"HP EliteBook 840 G1 G2 donji poklopac 765809-001 &#8211; zamjenski dio za prijenosno ra\u010dunalo"},"content":{"rendered":"<p data-start=\"576\" data-end=\"769\">Zamijenite ili nadogradite svoj HP EliteBook 840 G1\u00a0 \/ G2 ovim visokokvalitetnim donjim poklopcem. Dizajniran posebno za model 840 G2, ovaj dio prijenosnog ra\u010dunala osigurava da va\u0161 ure\u0111aj ostane za\u0161ti\u0107en i \u010dvrst.<\/p>\n<p data-start=\"771\" data-end=\"790\"><strong data-start=\"771\" data-end=\"788\">Klju\u010dne zna\u010dajke:<\/strong><\/p>\n<ul data-start=\"791\" data-end=\"1099\">\n<li data-start=\"791\" data-end=\"863\">\n<p data-start=\"793\" data-end=\"863\">Originalni zamjenski donji poklopac kompatibilan s HP EliteBook 840 G1 G2 \/ 765809-001<\/p>\n<\/li>\n<li data-start=\"864\" data-end=\"936\">\n<p data-start=\"866\" data-end=\"936\">Izdr\u017eljiv i lagan, \u010duva va\u0161e prijenosno ra\u010dunalo od habanja<\/p>\n<\/li>\n<li data-start=\"937\" data-end=\"1020\">\n<p data-start=\"939\" data-end=\"1020\">To\u010dno pristajanje za jednostavnu instalaciju (ako trebate upute, slobodno nam po\u0161aljite poruku)<\/p>\n<\/li>\n<li data-start=\"1021\" data-end=\"1099\">\n<p data-start=\"1023\" data-end=\"1099\">Prave fotografije proizvoda koje \u0107ete dobiti, osiguravaju\u0107i transparentnost i povjerenje<\/p>\n<\/li>\n<\/ul>\n<p data-start=\"1101\" data-end=\"1315\">Ovaj donji poklopac savr\u0161en je za popravak o\u0161te\u0107ene ili istro\u0161ene baze prijenosnog ra\u010dunala, vra\u0107aju\u0107i stabilnost i izgled va\u0161em HP EliteBooku. To je bitan dio prijenosnog ra\u010dunala za svakoga tko odr\u017eava ili popravlja svoj ure\u0111aj.<\/p>\n<p data-start=\"1317\" data-end=\"1422\"><strong data-start=\"1317\" data-end=\"1326\">Napomena:<\/strong> Ne dajemo upute za instalaciju, ali mo\u017eete nam poslati poruku ako vam je potrebna dodatna pomo\u0107.<\/p>\n<p data-start=\"1424\" data-end=\"1559\">Nadogradite svoje prijenosno ra\u010dunalo ve\u0107 danas s ovim pouzdanim donjim poklopcem HP EliteBook 840 G1 i G2 \u2013 nezaobilaznim dijelom prijenosnog ra\u010dunala za dugovje\u010dnost i za\u0161titu.<\/p>\n","protected":false},"excerpt":{"rendered":"<p>Nadogradite ili popravite svoj HP EliteBook 840 G2 s ovim originalnim donjim poklopcem. Izdr\u017eljiv, visokokvalitetan dio za prijenosno ra\u010dunalo sa stvarnim fotografijama proizvoda koji \u0107ete dobiti.<\/p>\n","protected":false},"featured_media":28995,"template":"","meta":[],"product_brand":[],"product_cat":[51],"product_tag":[],"class_list":{"0":"post-28924","1":"product","2":"type-product","3":"status-publish","4":"has-post-thumbnail","6":"product_cat-laptop-housing","8":"first","9":"instock","10":"taxable","11":"shipping-taxable","12":"purchasable","13":"product-type-simple"},"_links":{"self":[{"href":"https:\/\/boreait.com\/hr\/wp-json\/wp\/v2\/product\/28924","targetHints":{"allow":["GET"]}}],"collection":[{"href":"https:\/\/boreait.com\/hr\/wp-json\/wp\/v2\/product"}],"about":[{"href":"https:\/\/boreait.com\/hr\/wp-json\/wp\/v2\/types\/product"}],"wp:featuredmedia":[{"embeddable":true,"href":"https:\/\/boreait.com\/hr\/wp-json\/wp\/v2\/media\/28995"}],"wp:attachment":[{"href":"https:\/\/boreait.com\/hr\/wp-json\/wp\/v2\/media?parent=28924"}],"wp:term":[{"taxonomy":"product_brand","embeddable":true,"href":"https:\/\/boreait.com\/hr\/wp-json\/wp\/v2\/product_brand?post=28924"},{"taxonomy":"product_cat","embeddable":true,"href":"https:\/\/boreait.com\/hr\/wp-json\/wp\/v2\/product_cat?post=28924"},{"taxonomy":"product_tag","embeddable":true,"href":"https:\/\/boreait.com\/hr\/wp-json\/wp\/v2\/product_tag?post=28924"}],"curies":[{"name":"wp","href":"https:\/\/api.w.org\/{rel}","templated":true}]}}