{"id":28901,"date":"2025-09-12T09:04:56","date_gmt":"2025-09-12T09:04:56","guid":{"rendered":"https:\/\/boreait.com\/hr\/?post_type=product&#038;p=28901"},"modified":"2025-09-13T15:20:41","modified_gmt":"2025-09-13T15:20:41","slug":"mat-crna-maska-za-dijelove-prijenosnog-racunala-za-hp-elitebook-840-g1-766324-001-779684-001","status":"publish","type":"product","link":"https:\/\/boreait.com\/hr\/product\/mat-crna-maska-za-dijelove-prijenosnog-racunala-za-hp-elitebook-840-g1-766324-001-779684-001\/","title":{"rendered":"Mat crna maska \u200b\u200bza dijelove prijenosnog ra\u010dunala za HP EliteBook 840 G1 \u2013 766324-001 779684-001"},"content":{"rendered":"<p data-start=\"622\" data-end=\"860\">Tra\u017eite pouzdane <strong data-start=\"643\" data-end=\"659\">dijelove za prijenosno ra\u010dunalo<\/strong> za obnavljanje va\u0161eg HP EliteBook-a? Ovaj <strong data-start=\"695\" data-end=\"728\">mat crni zamjenski poklopac<\/strong> potpuno je kompatibilan sa serijom HP EliteBook 840 G1 i dolazi s originalnim HP brojevima <strong data-start=\"824\" data-end=\"838\">766324-001<\/strong> i <strong data-start=\"843\" data-end=\"857\">779684-001<\/strong>.<\/p>\n<p data-start=\"862\" data-end=\"1286\">\u2714\ufe0f <strong data-start=\"865\" data-end=\"883\">Kompatibilnost:<\/strong> Dizajnirano posebno za HP EliteBook 840 G1.<br data-start=\"930\" data-end=\"933\" \/>\u2714\ufe0f <strong data-start=\"936\" data-end=\"955\">Boja &amp; Zavr\u0161na obrada:<\/strong> Profesionalna mat crna zavr\u0161na obrada za \u010dist, vrhunski izgled.<br data-start=\"1014\" data-end=\"1017\" \/>\u2714\ufe0f <strong data-start=\"1020\" data-end=\"1034\">Stanje:<\/strong> Originalni zamjenski dio, testirana i provjerena kvaliteta.<br data-start=\"1094\" data-end=\"1097\" \/>\u2714\ufe0f <strong data-start=\"1100\" data-end=\"1116\">Prave fotografije:<\/strong> Sve prikazane slike stvarne su fotografije dijelova koje \u0107ete dobiti.<br data-start=\"1182\" data-end=\"1185\" \/>\u2714\ufe0f <strong data-start=\"1188\" data-end=\"1200\">Podr\u0161ka:<\/strong> Iako upute nisu uklju\u010dene, ako trebate smjernice, slobodno nam po\u0161aljite poruku.<\/p>\n<p data-start=\"1288\" data-end=\"1508\">Ovaj je dio odli\u010dan izbor ako je va\u0161 postoje\u0107i poklopac o\u0161te\u0107en, izgreban ili istro\u0161en. Njegovom zamjenom mo\u017eete odr\u017eati izdr\u017eljivost i izgled svog HP EliteBooka, odr\u017eavaju\u0107i ga izgledom i radom kao nov.<\/p>\n","protected":false},"excerpt":{"rendered":"<p>Mat crni zamjenski poklopac kompatibilan s HP EliteBook 840 G1. Originalni HP brojevi dijelova: 766324-001 i 779684-001. Idealno za vra\u0107anje profesionalnog izgleda va\u0161eg prijenosnog ra\u010dunala.<\/p>\n","protected":false},"featured_media":28970,"template":"","meta":[],"product_brand":[],"product_cat":[51],"product_tag":[60],"class_list":{"0":"post-28901","1":"product","2":"type-product","3":"status-publish","4":"has-post-thumbnail","6":"product_cat-laptop-housing","7":"product_tag-hp","9":"first","10":"instock","11":"taxable","12":"shipping-taxable","13":"purchasable","14":"product-type-simple"},"_links":{"self":[{"href":"https:\/\/boreait.com\/hr\/wp-json\/wp\/v2\/product\/28901","targetHints":{"allow":["GET"]}}],"collection":[{"href":"https:\/\/boreait.com\/hr\/wp-json\/wp\/v2\/product"}],"about":[{"href":"https:\/\/boreait.com\/hr\/wp-json\/wp\/v2\/types\/product"}],"wp:featuredmedia":[{"embeddable":true,"href":"https:\/\/boreait.com\/hr\/wp-json\/wp\/v2\/media\/28970"}],"wp:attachment":[{"href":"https:\/\/boreait.com\/hr\/wp-json\/wp\/v2\/media?parent=28901"}],"wp:term":[{"taxonomy":"product_brand","embeddable":true,"href":"https:\/\/boreait.com\/hr\/wp-json\/wp\/v2\/product_brand?post=28901"},{"taxonomy":"product_cat","embeddable":true,"href":"https:\/\/boreait.com\/hr\/wp-json\/wp\/v2\/product_cat?post=28901"},{"taxonomy":"product_tag","embeddable":true,"href":"https:\/\/boreait.com\/hr\/wp-json\/wp\/v2\/product_tag?post=28901"}],"curies":[{"name":"wp","href":"https:\/\/api.w.org\/{rel}","templated":true}]}}