{"id":28900,"date":"2025-09-12T09:04:56","date_gmt":"2025-09-12T09:04:56","guid":{"rendered":"https:\/\/boreait.com\/hr\/?post_type=product&#038;p=28900"},"modified":"2026-02-09T12:06:22","modified_gmt":"2026-02-09T12:06:22","slug":"citac-otisaka-prstiju-hp-elitebook-840-g3-g4-850-740-750-820-720-dijelovi-za-prijenosna-racunala","status":"publish","type":"product","link":"https:\/\/boreait.com\/hr\/product\/citac-otisaka-prstiju-hp-elitebook-840-g3-g4-850-740-750-820-720-dijelovi-za-prijenosna-racunala\/","title":{"rendered":"\u010cita\u010d otisaka prstiju HP EliteBook 840 G3 G4 850 740 750 820 720 \u2013 Dijelovi za prijenosna ra\u010dunala"},"content":{"rendered":"<p data-start=\"695\" data-end=\"1001\">Nadogradite ili zamijenite biometrijsku sigurnost svog HP EliteBooka ovim <strong data-start=\"763\" data-end=\"801\">originalnim modulom \u010dita\u010da otiska prsta<\/strong>, broj dijela <strong data-start=\"815\" data-end=\"831\">6042B0348501<\/strong>. Ova je komponenta posebno dizajnirana za modele HP EliteBook <strong data-start=\"897\" data-end=\"944\">840 G3, 840 G4, 850, 740, 750, 820 i 720<\/strong>, osiguravaju\u0107i punu kompatibilnost i besprijekornu funkcionalnost.<\/p>\n<p data-start=\"1003\" data-end=\"1142\">Bez obzira je li va\u0161 stari \u010dita\u010d neispravan ili ga nema, ovaj je zamjenski dio idealno rje\u0161enje za vra\u0107anje sigurnog pristupa i pogodnosti prijave.<\/p>\n<p data-start=\"1144\" data-end=\"1169\">\ud83d\udd39 <strong data-start=\"1147\" data-end=\"1167\">Pojedinosti o proizvodu:<\/strong><\/p>\n<ul data-start=\"1170\" data-end=\"1475\">\n<li data-start=\"1170\" data-end=\"1203\">\n<p data-start=\"1172\" data-end=\"1203\">Broj dijela: <strong data-start=\"1185\" data-end=\"1201\">6042B0348501<\/strong><\/p>\n<\/li>\n<li data-start=\"1204\" data-end=\"1245\">\n<p data-start=\"1206\" data-end=\"1245\">Vrsta: <strong data-start=\"1212\" data-end=\"1243\">\u010cita\u010d otiska prsta \/ senzor<\/strong><\/p>\n<\/li>\n<li data-start=\"1246\" data-end=\"1321\">\n<p data-start=\"1248\" data-end=\"1321\">Kompatibilni modeli: HP EliteBook 840 G3, 840 G4, 850, 740, 750, 820, 720<\/p>\n<\/li>\n<li data-start=\"1322\" data-end=\"1352\">\n<p data-start=\"1324\" data-end=\"1352\">Kategorija: <strong data-start=\"1334\" data-end=\"1350\">Dijelovi prijenosnih ra\u010dunala<\/strong><\/p>\n<\/li>\n<li data-start=\"1353\" data-end=\"1418\">\n<p data-start=\"1355\" data-end=\"1418\">Stanje: Originalni rezervni dio \u2013 pa\u017eljivo testiran i provjeren<\/p>\n<\/li>\n<li data-start=\"1419\" data-end=\"1475\">\n<p data-start=\"1421\" data-end=\"1475\">Prikazane fotografije odnose se na stvarni artikl koji \u0107ete dobiti<\/p>\n<\/li>\n<\/ul>\n<p data-start=\"1477\" data-end=\"1667\">Ovo je samo hardverski zamjenski dio \u2013 upute za instalaciju nisu uklju\u010dene. Ako trebate pomo\u0107 u identificiranju kompatibilnosti ili smjernica za instalaciju, slobodno nam po\u0161aljite poruku u bilo kojem trenutku.<\/p>\n","protected":false},"excerpt":{"rendered":"<p data-start=\"492\" data-end=\"644\">Pouzdan modul \u010dita\u010da otiska prsta za prijenosna ra\u010dunala HP EliteBook. Originalni rezervni dio za prijenosno ra\u010dunalo, kompatibilan s modelima 840 G3\/G4, 850, 740, 750, 820 i 720.<\/p>\n","protected":false},"featured_media":28964,"template":"","meta":[],"product_brand":[],"product_cat":[62],"product_tag":[60],"class_list":{"0":"post-28900","1":"product","2":"type-product","3":"status-publish","4":"has-post-thumbnail","6":"product_cat-motherboards-board-parts","7":"product_tag-hp","9":"first","10":"instock","11":"taxable","12":"shipping-taxable","13":"purchasable","14":"product-type-simple"},"_links":{"self":[{"href":"https:\/\/boreait.com\/hr\/wp-json\/wp\/v2\/product\/28900","targetHints":{"allow":["GET"]}}],"collection":[{"href":"https:\/\/boreait.com\/hr\/wp-json\/wp\/v2\/product"}],"about":[{"href":"https:\/\/boreait.com\/hr\/wp-json\/wp\/v2\/types\/product"}],"wp:featuredmedia":[{"embeddable":true,"href":"https:\/\/boreait.com\/hr\/wp-json\/wp\/v2\/media\/28964"}],"wp:attachment":[{"href":"https:\/\/boreait.com\/hr\/wp-json\/wp\/v2\/media?parent=28900"}],"wp:term":[{"taxonomy":"product_brand","embeddable":true,"href":"https:\/\/boreait.com\/hr\/wp-json\/wp\/v2\/product_brand?post=28900"},{"taxonomy":"product_cat","embeddable":true,"href":"https:\/\/boreait.com\/hr\/wp-json\/wp\/v2\/product_cat?post=28900"},{"taxonomy":"product_tag","embeddable":true,"href":"https:\/\/boreait.com\/hr\/wp-json\/wp\/v2\/product_tag?post=28900"}],"curies":[{"name":"wp","href":"https:\/\/api.w.org\/{rel}","templated":true}]}}