{"id":28894,"date":"2025-09-12T09:04:27","date_gmt":"2025-09-12T09:04:27","guid":{"rendered":"https:\/\/boreait.com\/hr\/?post_type=product&#038;p=28894"},"modified":"2025-09-13T15:22:57","modified_gmt":"2025-09-13T15:22:57","slug":"14-hd-lcd-zaslon-prijenosnog-racunala-1600x900-za-hp-probook-640-g1-840-g1-440-g2-445-g2","status":"publish","type":"product","link":"https:\/\/boreait.com\/hr\/product\/14-hd-lcd-zaslon-prijenosnog-racunala-1600x900-za-hp-probook-640-g1-840-g1-440-g2-445-g2\/","title":{"rendered":"14&#8243; HD+ LCD zaslon prijenosnog ra\u010dunala 1600&#215;900 za HP ProBook 640 G1 840 G1 440 G2 445 G2"},"content":{"rendered":"<p data-start=\"500\" data-end=\"814\">Nadogradite ili zamijenite zaslon prijenosnog ra\u010dunala ovim <strong data-start=\"549\" data-end=\"584\">14-in\u010dnim HD+ 1600\u00d7900 LCD zaslonom<\/strong>, dizajniranim za savr\u0161enu kompatibilnost s <strong data-start=\"626\" data-end=\"675\">HP ProBook 640 G1, 840 G1, 440 G2 i 445 G2<\/strong>. Ovaj zaslon nudi o\u0161tar, jasan do\u017eivljaj gledanja, \u0161to ga \u010dini idealnim zamjenskim dijelom za o\u0161te\u0107ene, napuknute ili treperave zaslone.<\/p>\n<p data-start=\"816\" data-end=\"834\"><strong data-start=\"816\" data-end=\"832\">Klju\u010dni detalji:<\/strong><\/p>\n<ul data-start=\"835\" data-end=\"1058\">\n<li data-start=\"835\" data-end=\"865\">\n<p data-start=\"837\" data-end=\"865\">Veli\u010dina zaslona: <strong data-start=\"850\" data-end=\"863\">14,0 in\u010da<\/strong><\/p>\n<\/li>\n<li data-start=\"866\" data-end=\"900\">\n<p data-start=\"868\" data-end=\"900\">Rezolucija: <strong data-start=\"880\" data-end=\"898\">HD+ 1600 \u00d7 900<\/strong><\/p>\n<\/li>\n<li data-start=\"901\" data-end=\"946\">\n<p data-start=\"903\" data-end=\"946\">Stanje: rabljeno, radi<\/p>\n<\/li>\n<li data-start=\"947\" data-end=\"1007\">\n<p data-start=\"949\" data-end=\"1007\">Kompatibilnost: HP ProBook 640 G1, 840 G1, 440 G2, 445 G2<\/p>\n<\/li>\n<li data-start=\"1008\" data-end=\"1058\">\n<p data-start=\"1010\" data-end=\"1058\">Model: B140RT02.3<\/p>\n<\/li>\n<\/ul>\n<p data-start=\"1060\" data-end=\"1286\">Ova LCD plo\u010da pouzdan je <strong data-start=\"1089\" data-end=\"1104\">dio prijenosnog ra\u010dunala<\/strong> za vra\u0107anje pune kvalitete prikaza va\u0161eg ure\u0111aja. Bez obzira koristite li svoje prijenosno ra\u010dunalo za rad, u\u010denje ili zabavu, ova zamjena osigurava o\u0161tre slike i pouzdane performanse.<\/p>\n<p data-start=\"1288\" data-end=\"1487\">\ud83d\udcf8 <strong data-start=\"1291\" data-end=\"1300\">Napomena:<\/strong> Prikazane fotografije stvarne su slike to\u010dno onog dijela koji \u0107ete dobiti.<br data-start=\"1367\" data-end=\"1370\" \/>\ud83d\udcac Upute za instalaciju nisu uklju\u010dene, ali ako trebate pomo\u0107, mo\u017eete nam izravno poslati poruku za podr\u0161ku.<\/p>\n","protected":false},"excerpt":{"rendered":"<p>Visokokvalitetni 14&#8243; HD+ (1600\u00d7900) zamjenski LCD zaslon za HP ProBook 640 G1, 840 G1, 440 G2 i 445 G2. Kompatibilan s modelima B140RTN03.0 i B140RTN02.3.<\/p>\n","protected":false},"featured_media":28962,"template":"","meta":[],"product_brand":[],"product_cat":[73,56],"product_tag":[60],"class_list":{"0":"post-28894","1":"product","2":"type-product","3":"status-publish","4":"has-post-thumbnail","6":"product_cat-73","7":"product_cat-laptop-screens-lcd-panels","8":"product_tag-hp","10":"first","11":"instock","12":"taxable","13":"shipping-taxable","14":"purchasable","15":"product-type-simple"},"_links":{"self":[{"href":"https:\/\/boreait.com\/hr\/wp-json\/wp\/v2\/product\/28894","targetHints":{"allow":["GET"]}}],"collection":[{"href":"https:\/\/boreait.com\/hr\/wp-json\/wp\/v2\/product"}],"about":[{"href":"https:\/\/boreait.com\/hr\/wp-json\/wp\/v2\/types\/product"}],"wp:featuredmedia":[{"embeddable":true,"href":"https:\/\/boreait.com\/hr\/wp-json\/wp\/v2\/media\/28962"}],"wp:attachment":[{"href":"https:\/\/boreait.com\/hr\/wp-json\/wp\/v2\/media?parent=28894"}],"wp:term":[{"taxonomy":"product_brand","embeddable":true,"href":"https:\/\/boreait.com\/hr\/wp-json\/wp\/v2\/product_brand?post=28894"},{"taxonomy":"product_cat","embeddable":true,"href":"https:\/\/boreait.com\/hr\/wp-json\/wp\/v2\/product_cat?post=28894"},{"taxonomy":"product_tag","embeddable":true,"href":"https:\/\/boreait.com\/hr\/wp-json\/wp\/v2\/product_tag?post=28894"}],"curies":[{"name":"wp","href":"https:\/\/api.w.org\/{rel}","templated":true}]}}