{"id":28893,"date":"2025-09-12T09:04:27","date_gmt":"2025-09-12T09:04:27","guid":{"rendered":"https:\/\/boreait.com\/hr\/?post_type=product&#038;p=28893"},"modified":"2025-09-13T15:18:33","modified_gmt":"2025-09-13T15:18:33","slug":"komplet-sarki-zaslona-lijevog-i-desnog-hp-elitebook-820-g3-prijenosnog-racunala-zamjenski-dijelovi","status":"publish","type":"product","link":"https:\/\/boreait.com\/hr\/product\/komplet-sarki-zaslona-lijevog-i-desnog-hp-elitebook-820-g3-prijenosnog-racunala-zamjenski-dijelovi\/","title":{"rendered":"Komplet \u0161arki zaslona lijevog i desnog HP EliteBook 820 G3 prijenosnog ra\u010dunala \u2013 zamjenski dijelovi"},"content":{"rendered":"<p data-start=\"674\" data-end=\"1024\">Nadogradite ili popravite svoj HP EliteBook 820 G3 ovim <strong data-start=\"727\" data-end=\"756\">kompletnim kompletom \u0161arki zaslona<\/strong>. Ovi <strong data-start=\"764\" data-end=\"793\">visokokvalitetni dijelovi prijenosnog ra\u010dunala<\/strong> uklju\u010duju i lijeve i desne \u0161arke, dizajnirane posebno za seriju 820 G3. Ako su va\u0161e trenutne \u0161arke labave, slomljene ili ote\u017eavaju otvaranje i zatvaranje poklopca, idealno je rje\u0161enje zamijeniti ih ovim setom.<\/p>\n<p data-start=\"1026\" data-end=\"1051\">\u2705 <strong data-start=\"1028\" data-end=\"1049\">Zna\u010dajke proizvoda:<\/strong><\/p>\n<ul data-start=\"1052\" data-end=\"1303\">\n<li data-start=\"1052\" data-end=\"1097\">\n<p data-start=\"1054\" data-end=\"1097\">Kompatibilni model: <strong data-start=\"1072\" data-end=\"1095\">HP EliteBook 820 G3<\/strong><\/p>\n<\/li>\n<li data-start=\"1098\" data-end=\"1142\">\n<p data-start=\"1100\" data-end=\"1142\">Uklju\u010duje: <strong data-start=\"1110\" data-end=\"1140\">Lijevi &amp; \u0160arke desnog zaslona<\/strong><\/p>\n<\/li>\n<li data-start=\"1143\" data-end=\"1199\">\n<p data-start=\"1145\" data-end=\"1199\">Uvjet: Pouzdani, testirani zamjenski dijelovi prijenosnog ra\u010dunala<\/p>\n<\/li>\n<li data-start=\"1200\" data-end=\"1246\">\n<p data-start=\"1202\" data-end=\"1246\">Vra\u0107a glatko i stabilno kretanje zaslona<\/p>\n<\/li>\n<li data-start=\"1247\" data-end=\"1303\">\n<p data-start=\"1249\" data-end=\"1303\">Prikazane fotografije stvarnih su \u0161arki koje \u0107ete dobiti<\/p>\n<\/li>\n<\/ul>\n<p data-start=\"1305\" data-end=\"1549\">Ove \u0161arke proizvedene su tako da odgovaraju izvornom dizajnu, osiguravaju\u0107i pravilno pristajanje i izdr\u017eljivost za dugotrajnu upotrebu. Iako upute za instalaciju nisu prilo\u017eene, slobodno nas kontaktirajte izravno ako trebate upute prije kupnje.<\/p>\n<p data-start=\"1551\" data-end=\"1670\">\ud83d\udce6 <strong data-start=\"1554\" data-end=\"1563\">Napomena:<\/strong> Sve slike proizvoda stvarne su fotografije dijelova na zalihi \u2014 ono \u0161to vidite to\u010dno je ono \u0161to \u0107e biti isporu\u010deno.<\/p>\n","protected":false},"excerpt":{"rendered":"<p data-start=\"413\" data-end=\"625\"><em data-start=\"413\" data-end=\"623\">Kompatibilni set \u0161arki zaslona prijenosnog ra\u010dunala HP EliteBook 820 G3 (lijevo &amp; desno). Izdr\u017eljivi zamjenski dijelovi za prijenosno ra\u010dunalo dizajnirani za glatko otvaranje i zatvaranje zaslona. Originalne fotografije to\u010dnih stavki koje \u0107ete dobiti.<\/em><\/p>\n","protected":false},"featured_media":28961,"template":"","meta":[],"product_brand":[],"product_cat":[54],"product_tag":[60],"class_list":{"0":"post-28893","1":"product","2":"type-product","3":"status-publish","4":"has-post-thumbnail","6":"product_cat-screen-hinge","7":"product_tag-hp","9":"first","10":"instock","11":"taxable","12":"shipping-taxable","13":"purchasable","14":"product-type-simple"},"_links":{"self":[{"href":"https:\/\/boreait.com\/hr\/wp-json\/wp\/v2\/product\/28893","targetHints":{"allow":["GET"]}}],"collection":[{"href":"https:\/\/boreait.com\/hr\/wp-json\/wp\/v2\/product"}],"about":[{"href":"https:\/\/boreait.com\/hr\/wp-json\/wp\/v2\/types\/product"}],"wp:featuredmedia":[{"embeddable":true,"href":"https:\/\/boreait.com\/hr\/wp-json\/wp\/v2\/media\/28961"}],"wp:attachment":[{"href":"https:\/\/boreait.com\/hr\/wp-json\/wp\/v2\/media?parent=28893"}],"wp:term":[{"taxonomy":"product_brand","embeddable":true,"href":"https:\/\/boreait.com\/hr\/wp-json\/wp\/v2\/product_brand?post=28893"},{"taxonomy":"product_cat","embeddable":true,"href":"https:\/\/boreait.com\/hr\/wp-json\/wp\/v2\/product_cat?post=28893"},{"taxonomy":"product_tag","embeddable":true,"href":"https:\/\/boreait.com\/hr\/wp-json\/wp\/v2\/product_tag?post=28893"}],"curies":[{"name":"wp","href":"https:\/\/api.w.org\/{rel}","templated":true}]}}