{"id":28885,"date":"2025-09-12T09:03:54","date_gmt":"2025-09-12T09:03:54","guid":{"rendered":"https:\/\/boreait.com\/hr\/?post_type=product&#038;p=28885"},"modified":"2026-02-09T12:05:55","modified_gmt":"2026-02-09T12:05:55","slug":"hp-elitebook-745-g3-840-g3-ploca-s-gumbom-za-napajanje-s-kabelom-821169-001-dijelovi-prijenosnog-racunala","status":"publish","type":"product","link":"https:\/\/boreait.com\/hr\/product\/hp-elitebook-745-g3-840-g3-ploca-s-gumbom-za-napajanje-s-kabelom-821169-001-dijelovi-prijenosnog-racunala\/","title":{"rendered":"HP EliteBook 745 G3 840 G3 plo\u010da s gumbom za napajanje s kabelom 821169-001 Dijelovi prijenosnog ra\u010dunala"},"content":{"rendered":"<p data-start=\"662\" data-end=\"816\">Nadogradite ili popravite svoj HP EliteBook ovom <strong data-start=\"708\" data-end=\"749\">originalnom plo\u010dom s gumbom za uklju\u010divanje i kabelom<\/strong>, kompatibilnim s <strong data-start=\"772\" data-end=\"806\">HP EliteBook 745 G3 i 840 G3<\/strong> serijom.<\/p>\n<ul data-start=\"818\" data-end=\"1019\">\n<li data-start=\"818\" data-end=\"864\">\n<p data-start=\"820\" data-end=\"864\"><strong data-start=\"820\" data-end=\"837\">Brojevi dijelova:<\/strong> 821169-001, 6050A2727401<\/p>\n<\/li>\n<li data-start=\"865\" data-end=\"932\">\n<p data-start=\"867\" data-end=\"932\"><strong data-start=\"867\" data-end=\"881\">Uvjet:<\/strong> Originalni dio prijenosnog ra\u010dunala, testiran i potpuno funkcionalan<\/p>\n<\/li>\n<li data-start=\"933\" data-end=\"1019\">\n<p data-start=\"935\" data-end=\"1019\"><strong data-start=\"935\" data-end=\"953\">Kompatibilnost:<\/strong> Dizajnirano posebno za modele HP EliteBook 745 G3 i 840 G3<\/p>\n<\/li>\n<\/ul>\n<p data-start=\"1021\" data-end=\"1208\">Ova zamjenska plo\u010da idealna je ako va\u0161a trenutna tipka za uklju\u010divanje\/isklju\u010divanje ne reagira ili je o\u0161te\u0107ena. Sve fotografije u ovom popisu prikazuju stvarni proizvod, tako da to\u010dno znate \u0161to \u0107ete dobiti.<\/p>\n<p data-start=\"1210\" data-end=\"1334\">\ud83d\udce6 <strong data-start=\"1213\" data-end=\"1227\">Va\u017eno:<\/strong> Upute za instalaciju nisu dane, ali ako trebate dodatnu pomo\u0107, slobodno nas kontaktirajte.<\/p>\n<p data-start=\"1336\" data-end=\"1495\">U Siggmu smo specijalizirani za <strong data-start=\"1368\" data-end=\"1392\">kvalitetne dijelove za prijenosna ra\u010dunala<\/strong> koji se pa\u017eljivo isporu\u010duju \u0161irom svijeta, poma\u017eu\u0107i vam da vratite performanse svog ure\u0111aja pomo\u0107u pouzdanih komponenti.<\/p>\n","protected":false},"excerpt":{"rendered":"<p>Originalna plo\u010da HP EliteBook 745 G3 \/ 840 G3 s gumbom za napajanje s kabelom (821169-001, 6050A2727401). Testiran, pouzdan i spreman za zamjenu. Prave fotografije to\u010dno onog dijela koji \u0107ete dobiti.<\/p>\n","protected":false},"featured_media":28953,"template":"","meta":[],"product_brand":[],"product_cat":[62],"product_tag":[60],"class_list":{"0":"post-28885","1":"product","2":"type-product","3":"status-publish","4":"has-post-thumbnail","6":"product_cat-motherboards-board-parts","7":"product_tag-hp","9":"first","10":"instock","11":"taxable","12":"shipping-taxable","13":"purchasable","14":"product-type-simple"},"_links":{"self":[{"href":"https:\/\/boreait.com\/hr\/wp-json\/wp\/v2\/product\/28885","targetHints":{"allow":["GET"]}}],"collection":[{"href":"https:\/\/boreait.com\/hr\/wp-json\/wp\/v2\/product"}],"about":[{"href":"https:\/\/boreait.com\/hr\/wp-json\/wp\/v2\/types\/product"}],"wp:featuredmedia":[{"embeddable":true,"href":"https:\/\/boreait.com\/hr\/wp-json\/wp\/v2\/media\/28953"}],"wp:attachment":[{"href":"https:\/\/boreait.com\/hr\/wp-json\/wp\/v2\/media?parent=28885"}],"wp:term":[{"taxonomy":"product_brand","embeddable":true,"href":"https:\/\/boreait.com\/hr\/wp-json\/wp\/v2\/product_brand?post=28885"},{"taxonomy":"product_cat","embeddable":true,"href":"https:\/\/boreait.com\/hr\/wp-json\/wp\/v2\/product_cat?post=28885"},{"taxonomy":"product_tag","embeddable":true,"href":"https:\/\/boreait.com\/hr\/wp-json\/wp\/v2\/product_tag?post=28885"}],"curies":[{"name":"wp","href":"https:\/\/api.w.org\/{rel}","templated":true}]}}