{"id":28878,"date":"2025-09-12T09:03:26","date_gmt":"2025-09-12T09:03:26","guid":{"rendered":"https:\/\/boreait.com\/hr\/?post_type=product&#038;p=28878"},"modified":"2026-02-09T12:05:34","modified_gmt":"2026-02-09T12:05:34","slug":"hp-elitebook-745-840-g3-base-plate-bottom-cover-821164-001-dijelovi-prijenosnog-racunala","status":"publish","type":"product","link":"https:\/\/boreait.com\/hr\/product\/hp-elitebook-745-840-g3-base-plate-bottom-cover-821164-001-dijelovi-prijenosnog-racunala\/","title":{"rendered":"HP EliteBook 745\/840 G3 Base Plate Bottom Cover 821164-001 Dijelovi prijenosnog ra\u010dunala"},"content":{"rendered":"<p data-start=\"495\" data-end=\"774\">Nadogradite ili zamijenite svoj HP EliteBook 745\/840 G3 ovom <strong data-start=\"553\" data-end=\"609\">originalnom HP SPS baznom plo\u010dom (Broj dijela: 821164-001)<\/strong>. Ovaj donji poklopac dizajniran je da savr\u0161eno pristaje i podr\u017eava unutarnju strukturu va\u0161eg prijenosnog ra\u010dunala, \u0161to ga \u010dini pouzdanim rje\u0161enjem za popravke ili projekte obnove.<\/p>\n<p data-start=\"776\" data-end=\"1017\">Bez obzira jeste li tehni\u010dar, preprodava\u010d ili krajnji korisnik, ovaj dio osigurava da va\u0161 ure\u0111aj vrati profesionalni izgled i snagu. Sve fotografije u ovom popisu prikazuju <strong data-start=\"940\" data-end=\"978\">to\u010dan dio prijenosnog ra\u010dunala koji \u0107ete dobiti<\/strong>, tako da to\u010dno znate \u0161to mo\u017eete o\u010dekivati.<\/p>\n<p data-start=\"1019\" data-end=\"1228\">\u2714 <strong data-start=\"1021\" data-end=\"1042\">Kompatibilni modeli<\/strong>: HP EliteBook 745 G3, 840 G3<br data-start=\"1071\" data-end=\"1074\" \/>\u2714 <strong data-start=\"1076\" data-end=\"1091\">Broj dijela<\/strong>: 821164-001<br data-start=\"1103\" data-end=\"1106\" \/>\u2714 <strong data-start=\"1108\" data-end=\"1120\">Kategorija<\/strong>: Dijelovi prijenosnog ra\u010dunala \u2013 osnovna plo\u010da \/ donji poklopac<br data-start=\"1162\" data-end=\"1165\" \/>\u2714 <strong data-start=\"1167\" data-end=\"1180\">Stanje<\/strong>: rabljeno, testirano iu izvrsnom radnom stanju<\/p>\n<p data-start=\"1230\" data-end=\"1372\">\ud83d\udca1 Napomena: upute za instalaciju nisu uklju\u010dene. Ako trebate dodatne smjernice, slobodno nam po\u0161aljite poruku i rado \u0107emo vam pomo\u0107i.<\/p>\n","protected":false},"excerpt":{"rendered":"<p>Originalna bazna plo\u010da HP EliteBook 745\/840 G3 (br. dijela 821164-001). Idealan zamjenski donji poklopac za vra\u0107anje trajnosti i strukture. Uklju\u010dene su prave fotografije proizvoda.<\/p>\n","protected":false},"featured_media":28944,"template":"","meta":[],"product_brand":[],"product_cat":[51],"product_tag":[60],"class_list":{"0":"post-28878","1":"product","2":"type-product","3":"status-publish","4":"has-post-thumbnail","6":"product_cat-laptop-housing","7":"product_tag-hp","9":"first","10":"instock","11":"taxable","12":"shipping-taxable","13":"purchasable","14":"product-type-simple"},"_links":{"self":[{"href":"https:\/\/boreait.com\/hr\/wp-json\/wp\/v2\/product\/28878","targetHints":{"allow":["GET"]}}],"collection":[{"href":"https:\/\/boreait.com\/hr\/wp-json\/wp\/v2\/product"}],"about":[{"href":"https:\/\/boreait.com\/hr\/wp-json\/wp\/v2\/types\/product"}],"wp:featuredmedia":[{"embeddable":true,"href":"https:\/\/boreait.com\/hr\/wp-json\/wp\/v2\/media\/28944"}],"wp:attachment":[{"href":"https:\/\/boreait.com\/hr\/wp-json\/wp\/v2\/media?parent=28878"}],"wp:term":[{"taxonomy":"product_brand","embeddable":true,"href":"https:\/\/boreait.com\/hr\/wp-json\/wp\/v2\/product_brand?post=28878"},{"taxonomy":"product_cat","embeddable":true,"href":"https:\/\/boreait.com\/hr\/wp-json\/wp\/v2\/product_cat?post=28878"},{"taxonomy":"product_tag","embeddable":true,"href":"https:\/\/boreait.com\/hr\/wp-json\/wp\/v2\/product_tag?post=28878"}],"curies":[{"name":"wp","href":"https:\/\/api.w.org\/{rel}","templated":true}]}}