{"id":28873,"date":"2025-09-12T09:02:58","date_gmt":"2025-09-12T09:02:58","guid":{"rendered":"https:\/\/boreait.com\/hr\/?post_type=product&#038;p=28873"},"modified":"2026-02-09T12:05:10","modified_gmt":"2026-02-09T12:05:10","slug":"hp-elitebook-840-okvir-lcd-zaslona-821160-001-6070b1198601-oem-dijelovi-prijenosnog-racunala","status":"publish","type":"product","link":"https:\/\/boreait.com\/hr\/product\/hp-elitebook-840-okvir-lcd-zaslona-821160-001-6070b1198601-oem-dijelovi-prijenosnog-racunala\/","title":{"rendered":"HP EliteBook 840 okvir LCD zaslona 821160-001 6070B1198601 OEM dijelovi prijenosnog ra\u010dunala"},"content":{"rendered":"<p data-start=\"671\" data-end=\"810\">Nadogradite ili popravite svoj HP EliteBook 840 ovim <strong data-start=\"721\" data-end=\"755\">originalnim OEM okvirom LCD zaslona<\/strong>, dizajniranim za precizno pristajanje i profesionalnu zavr\u0161nu obradu.<\/p>\n<ul data-start=\"811\" data-end=\"1003\">\n<li data-start=\"811\" data-end=\"860\">\n<p data-start=\"813\" data-end=\"860\"><strong data-start=\"813\" data-end=\"834\">Kompatibilni model:<\/strong> HP EliteBook 840 series<\/p>\n<\/li>\n<li data-start=\"861\" data-end=\"907\">\n<p data-start=\"863\" data-end=\"907\"><strong data-start=\"863\" data-end=\"880\">Brojevi dijelova:<\/strong> 821160-001, 6070B1198601<\/p>\n<\/li>\n<li data-start=\"908\" data-end=\"955\">\n<p data-start=\"910\" data-end=\"955\"><strong data-start=\"910\" data-end=\"924\">Stanje:<\/strong> Originalni OEM zamjenski dio<\/p>\n<\/li>\n<li data-start=\"956\" data-end=\"1003\">\n<p data-start=\"958\" data-end=\"1003\"><strong data-start=\"958\" data-end=\"971\">Kategorija:<\/strong> Dijelovi prijenosnih ra\u010dunala \u2013 okviri zaslona<\/p>\n<\/li>\n<\/ul>\n<p data-start=\"1005\" data-end=\"1180\">Ovaj je okvir idealan ako je va\u0161 trenutni okvir napuknut, o\u0161te\u0107en ili nedostaje. Budu\u0107i da je OEM dio, osigurava izdr\u017eljivost i besprijekorno pristajanje ba\u0161 kao i originalni tvorni\u010dki dizajn.<\/p>\n<p data-start=\"1182\" data-end=\"1314\">\u2714 100% autenti\u010dan HP dio<br data-start=\"1206\" data-end=\"1209\" \/>\u2714 Uklju\u010dene prave fotografije proizvoda \u2013 dobit \u0107ete to\u010dno ono \u0161to vidite<br data-start=\"1279\" data-end=\"1282\" \/>\u2714 Dostupna dostava diljem svijeta<\/p>\n<p data-start=\"1316\" data-end=\"1426\">\ud83d\udccc <strong data-start=\"1319\" data-end=\"1328\">Napomena:<\/strong> Ne dajemo upute za instalaciju, ali ako trebate upute, slobodno nas kontaktirajte.<\/p>\n","protected":false},"excerpt":{"rendered":"<p>Originalni okvir LCD zaslona OEM HP EliteBook 840 (Brojevi dijelova: 821160-001, 6070B1198601). Savr\u0161en zamjenski dio za prijenosno ra\u010dunalo za vra\u0107anje okvira zaslona u izvorno stanje.<\/p>\n","protected":false},"featured_media":28937,"template":"","meta":[],"product_brand":[],"product_cat":[51],"product_tag":[60],"class_list":{"0":"post-28873","1":"product","2":"type-product","3":"status-publish","4":"has-post-thumbnail","6":"product_cat-laptop-housing","7":"product_tag-hp","9":"first","10":"instock","11":"taxable","12":"shipping-taxable","13":"purchasable","14":"product-type-simple"},"_links":{"self":[{"href":"https:\/\/boreait.com\/hr\/wp-json\/wp\/v2\/product\/28873","targetHints":{"allow":["GET"]}}],"collection":[{"href":"https:\/\/boreait.com\/hr\/wp-json\/wp\/v2\/product"}],"about":[{"href":"https:\/\/boreait.com\/hr\/wp-json\/wp\/v2\/types\/product"}],"wp:featuredmedia":[{"embeddable":true,"href":"https:\/\/boreait.com\/hr\/wp-json\/wp\/v2\/media\/28937"}],"wp:attachment":[{"href":"https:\/\/boreait.com\/hr\/wp-json\/wp\/v2\/media?parent=28873"}],"wp:term":[{"taxonomy":"product_brand","embeddable":true,"href":"https:\/\/boreait.com\/hr\/wp-json\/wp\/v2\/product_brand?post=28873"},{"taxonomy":"product_cat","embeddable":true,"href":"https:\/\/boreait.com\/hr\/wp-json\/wp\/v2\/product_cat?post=28873"},{"taxonomy":"product_tag","embeddable":true,"href":"https:\/\/boreait.com\/hr\/wp-json\/wp\/v2\/product_tag?post=28873"}],"curies":[{"name":"wp","href":"https:\/\/api.w.org\/{rel}","templated":true}]}}