{"id":28860,"date":"2025-09-12T09:01:55","date_gmt":"2025-09-12T09:01:55","guid":{"rendered":"https:\/\/boreait.com\/hr\/?post_type=product&#038;p=28860"},"modified":"2025-09-13T15:18:33","modified_gmt":"2025-09-13T15:18:33","slug":"zamjenski-dijelovi-prijenosnog-racunala-hp-elitebook-840-g3-sarke-lijevo-i-desno","status":"publish","type":"product","link":"https:\/\/boreait.com\/hr\/product\/zamjenski-dijelovi-prijenosnog-racunala-hp-elitebook-840-g3-sarke-lijevo-i-desno\/","title":{"rendered":"Zamjenski dijelovi prijenosnog ra\u010dunala HP EliteBook 840 G3 \u0161arke lijevo i desno"},"content":{"rendered":"<p data-start=\"553\" data-end=\"893\">Tra\u017eite originalne <strong data-start=\"573\" data-end=\"589\">dijelove za prijenosno ra\u010dunalo<\/strong> za popravak va\u0161eg HP EliteBook 840 G3?<br data-start=\"625\" data-end=\"628\" \/>Ovaj komplet \u0161arki lijeve i desne je visokokvalitetna zamjena dizajnirana posebno za <strong data-start=\"718\" data-end=\"741\">HP EliteBook 840 G3<\/strong>serija. Ako su va\u0161e trenutne \u0161arke labave, slomljene ili uzrokuju probleme s prikazom, ti \u0107e dijelovi vratiti izdr\u017eljivost i stabilnost va\u0161eg prijenosnog ra\u010dunala.<\/p>\n<p data-start=\"895\" data-end=\"917\"><strong data-start=\"895\" data-end=\"915\">Pojedinosti o proizvodu:<\/strong><\/p>\n<ul data-start=\"918\" data-end=\"1131\">\n<li data-start=\"918\" data-end=\"959\">\n<p data-start=\"920\" data-end=\"959\">Kompatibilni model: HP EliteBook 840 G3<\/p>\n<\/li>\n<li data-start=\"960\" data-end=\"1005\">\n<p data-start=\"962\" data-end=\"1005\">Vrsta dijela: Lijevi &amp; Desni set \u0161arki za prijenosno ra\u010dunalo<\/p>\n<\/li>\n<li data-start=\"1006\" data-end=\"1073\">\n<p data-start=\"1008\" data-end=\"1073\">Stanje: rabljeno, ali potpuno testirano iu izvrsnom radnom stanju<\/p>\n<\/li>\n<li data-start=\"1074\" data-end=\"1131\">\n<p data-start=\"1076\" data-end=\"1131\">Fotografije: stvarne fotografije to\u010dnih dijelova koje \u0107ete dobiti<\/p>\n<\/li>\n<\/ul>\n<p data-start=\"1133\" data-end=\"1163\"><strong data-start=\"1133\" data-end=\"1161\">Za\u0161to odabrati ovaj proizvod?<\/strong><\/p>\n<ul data-start=\"1164\" data-end=\"1361\">\n<li data-start=\"1164\" data-end=\"1206\">\n<p data-start=\"1166\" data-end=\"1206\">Vra\u0107a glatko kretanje zaslona prijenosnog ra\u010dunala<\/p>\n<\/li>\n<li data-start=\"1207\" data-end=\"1260\">\n<p data-start=\"1209\" data-end=\"1260\">Sprije\u010dava daljnje o\u0161te\u0107enje zaslona i ku\u0107i\u0161ta<\/p>\n<\/li>\n<li data-start=\"1261\" data-end=\"1317\">\n<p data-start=\"1263\" data-end=\"1317\">Isplativ na\u010din za produljenje vijeka va\u0161eg prijenosnog ra\u010dunala<\/p>\n<\/li>\n<li data-start=\"1318\" data-end=\"1361\">\n<p data-start=\"1320\" data-end=\"1361\">Originalna zamjena za HP dijelove prijenosnog ra\u010dunala<\/p>\n<\/li>\n<\/ul>\n<p data-start=\"1363\" data-end=\"1470\">Napomena: upute za instalaciju nisu uklju\u010dene. Ako trebate pomo\u0107, slobodno nam po\u0161aljite poruku.<\/p>\n","protected":false},"excerpt":{"rendered":"<p>Pouzdani lijevi i desni set \u0161arki za HP EliteBook 840 G3. Savr\u0161ena zamjena za glatko otvaranje i zatvaranje prijenosnog ra\u010dunala.<\/p>\n","protected":false},"featured_media":28923,"template":"","meta":[],"product_brand":[],"product_cat":[54],"product_tag":[60],"class_list":{"0":"post-28860","1":"product","2":"type-product","3":"status-publish","4":"has-post-thumbnail","6":"product_cat-screen-hinge","7":"product_tag-hp","9":"first","10":"instock","11":"taxable","12":"shipping-taxable","13":"purchasable","14":"product-type-simple"},"_links":{"self":[{"href":"https:\/\/boreait.com\/hr\/wp-json\/wp\/v2\/product\/28860","targetHints":{"allow":["GET"]}}],"collection":[{"href":"https:\/\/boreait.com\/hr\/wp-json\/wp\/v2\/product"}],"about":[{"href":"https:\/\/boreait.com\/hr\/wp-json\/wp\/v2\/types\/product"}],"wp:featuredmedia":[{"embeddable":true,"href":"https:\/\/boreait.com\/hr\/wp-json\/wp\/v2\/media\/28923"}],"wp:attachment":[{"href":"https:\/\/boreait.com\/hr\/wp-json\/wp\/v2\/media?parent=28860"}],"wp:term":[{"taxonomy":"product_brand","embeddable":true,"href":"https:\/\/boreait.com\/hr\/wp-json\/wp\/v2\/product_brand?post=28860"},{"taxonomy":"product_cat","embeddable":true,"href":"https:\/\/boreait.com\/hr\/wp-json\/wp\/v2\/product_cat?post=28860"},{"taxonomy":"product_tag","embeddable":true,"href":"https:\/\/boreait.com\/hr\/wp-json\/wp\/v2\/product_tag?post=28860"}],"curies":[{"name":"wp","href":"https:\/\/api.w.org\/{rel}","templated":true}]}}