{"id":28854,"date":"2025-09-12T09:01:22","date_gmt":"2025-09-12T09:01:22","guid":{"rendered":"https:\/\/boreait.com\/hr\/?post_type=product&#038;p=28854"},"modified":"2025-09-13T15:23:24","modified_gmt":"2025-09-13T15:23:24","slug":"125-lcd-zaslon-prijenosnog-racunala-lp125wf4-spb1-hb125wx1-201-b125xtn02-0-dell-latitude-e7240-e7250-e5240-e5250-30pin-edp","status":"publish","type":"product","link":"https:\/\/boreait.com\/hr\/product\/125-lcd-zaslon-prijenosnog-racunala-lp125wf4-spb1-hb125wx1-201-b125xtn02-0-dell-latitude-e7240-e7250-e5240-e5250-30pin-edp\/","title":{"rendered":"12,5&#8243; LCD zaslon prijenosnog ra\u010dunala LP125WF4 SPB1 HB125WX1-201 B125XTN02.0 Dell Latitude E7240 E7250 E5240 E5250 30pin eDP"},"content":{"rendered":"<p data-start=\"604\" data-end=\"945\">Nadogradite zaslon svog prijenosnog ra\u010dunala s ovim vrhunskim <strong data-start=\"650\" data-end=\"677\">12,5&#8243; HD\u00a0 LCD zaslonom za prijenosno ra\u010dunalo<\/strong>, dizajniranim kao pouzdana zamjena za nekoliko modela Dell Latitude. Ovaj zaslon je kompatibilan s brojevima <strong data-start=\"792\" data-end=\"856\">LP125WF4 (SPB1), HB125WX1-201, HB125WX1-100 i B125XTN02.0<\/strong>, \u0161to ga \u010dini savr\u0161enim za Dell Latitude <strong data-start=\"900\" data-end=\"934\">E7240, E7250, E5240 i Prijenosna ra\u010dunala E5250<\/strong>.<\/p>\n<p data-start=\"947\" data-end=\"968\">\u2705 <strong data-start=\"949\" data-end=\"966\">Klju\u010dne zna\u010dajke:<\/strong><\/p>\n<ul data-start=\"969\" data-end=\"1238\">\n<li data-start=\"969\" data-end=\"1001\">\n<p data-start=\"971\" data-end=\"1001\">Veli\u010dina zaslona: <strong data-start=\"984\" data-end=\"999\">12,5 in\u010da \/ HD\u00a0<\/strong><\/p>\n<\/li>\n<li data-start=\"1002\" data-end=\"1069\">\n<p data-start=\"1004\" data-end=\"1069\">Kompatibilni modeli: <strong data-start=\"1023\" data-end=\"1067\">Dell Latitude E7240, E7250, E5240, E5250<\/strong><\/p>\n<\/li>\n<li data-start=\"1070\" data-end=\"1148\">\n<p data-start=\"1072\" data-end=\"1148\">Brojevi dijelova: <strong data-start=\"1086\" data-end=\"1146\">LP125WF4 (SPB1), HB125WX1-201, HB125WX1-100, B125XTN02.0<\/strong><\/p>\n<\/li>\n<li data-start=\"1149\" data-end=\"1178\">\n<p data-start=\"1151\" data-end=\"1178\">Konektor: <strong data-start=\"1162\" data-end=\"1176\">30-pinski eDP<\/strong><\/p>\n<\/li>\n<li data-start=\"1179\" data-end=\"1207\">\n<p data-start=\"1181\" data-end=\"1207\">Stanje: <strong>Rabljeno (100% radi, provjerite slike)<\/strong><\/p>\n<\/li>\n<li data-start=\"1208\" data-end=\"1238\">\n<p data-start=\"1210\" data-end=\"1238\">Kategorija: <strong data-start=\"1220\" data-end=\"1236\">Dijelovi prijenosnih ra\u010dunala<\/strong><\/p>\n<\/li>\n<\/ul>\n<p data-start=\"1240\" data-end=\"1363\">Ovaj zaslon nudi izvrsnu svjetlinu, jasne slike i glatke performanse, osiguravaju\u0107i da va\u0161e prijenosno ra\u010dunalo radi kao novo.<\/p>\n<p data-start=\"1365\" data-end=\"1387\">\ud83d\udce6 <strong data-start=\"1368\" data-end=\"1385\">\u0160to dobivate:<\/strong><\/p>\n<ul data-start=\"1388\" data-end=\"1520\">\n<li data-start=\"1388\" data-end=\"1432\">\n<p data-start=\"1390\" data-end=\"1432\">1 x originalni zamjenski LCD zaslon od 12,5&#8243;<\/p>\n<\/li>\n<li data-start=\"1433\" data-end=\"1520\">\n<p data-start=\"1435\" data-end=\"1520\">Prave fotografije prikazane su u popisu \u2013 dobit \u0107ete to\u010dno onaj dio koji je prikazan na slici.<\/p>\n<\/li>\n<\/ul>\n<p data-start=\"1522\" data-end=\"1649\">\ud83d\udca1 <strong data-start=\"1525\" data-end=\"1534\">Napomena:<\/strong> upute za instalaciju nisu uklju\u010dene, ali ako trebate daljnje upute, mo\u017eete nam poslati poruku za pomo\u0107.<\/p>\n<p data-start=\"1651\" data-end=\"1814\">Bez obzira na to je li va\u0161 stari zaslon napuknut, zatamnjen ili ima problema s prikazom, ovaj visokokvalitetni <strong data-start=\"1737\" data-end=\"1752\">dio prijenosnog ra\u010dunala<\/strong> idealno je rje\u0161enje za vra\u0107anje performansi va\u0161eg ure\u0111aja.<\/p>\n","protected":false},"excerpt":{"rendered":"<p>Visokokvalitetni 12,5&#8243; zamjenski LCD zaslon za prijenosno ra\u010dunalo kompatibilan s Dell Latitude E7240, E7250, E5240 i E5250. Sadr\u017ei 30-pinski eDP konektor za o\u0161tre performanse prikaza.<\/p>\n","protected":false},"featured_media":28920,"template":"","meta":[],"product_brand":[],"product_cat":[56,90],"product_tag":[],"class_list":{"0":"post-28854","1":"product","2":"type-product","3":"status-publish","4":"has-post-thumbnail","6":"product_cat-laptop-screens-lcd-panels","7":"product_cat-12-5","9":"first","10":"instock","11":"taxable","12":"shipping-taxable","13":"purchasable","14":"product-type-simple"},"_links":{"self":[{"href":"https:\/\/boreait.com\/hr\/wp-json\/wp\/v2\/product\/28854","targetHints":{"allow":["GET"]}}],"collection":[{"href":"https:\/\/boreait.com\/hr\/wp-json\/wp\/v2\/product"}],"about":[{"href":"https:\/\/boreait.com\/hr\/wp-json\/wp\/v2\/types\/product"}],"wp:featuredmedia":[{"embeddable":true,"href":"https:\/\/boreait.com\/hr\/wp-json\/wp\/v2\/media\/28920"}],"wp:attachment":[{"href":"https:\/\/boreait.com\/hr\/wp-json\/wp\/v2\/media?parent=28854"}],"wp:term":[{"taxonomy":"product_brand","embeddable":true,"href":"https:\/\/boreait.com\/hr\/wp-json\/wp\/v2\/product_brand?post=28854"},{"taxonomy":"product_cat","embeddable":true,"href":"https:\/\/boreait.com\/hr\/wp-json\/wp\/v2\/product_cat?post=28854"},{"taxonomy":"product_tag","embeddable":true,"href":"https:\/\/boreait.com\/hr\/wp-json\/wp\/v2\/product_tag?post=28854"}],"curies":[{"name":"wp","href":"https:\/\/api.w.org\/{rel}","templated":true}]}}