{"id":28825,"date":"2025-09-12T08:59:08","date_gmt":"2025-09-12T08:59:08","guid":{"rendered":"https:\/\/boreait.com\/hr\/?post_type=product&#038;p=28825"},"modified":"2025-09-13T15:19:24","modified_gmt":"2025-09-13T15:19:24","slug":"zamjena-prednje-i-straznje-kamere-za-dijelove-prijenosnog-racunala-microsoft-surface-pro-4-1724","status":"publish","type":"product","link":"https:\/\/boreait.com\/hr\/product\/zamjena-prednje-i-straznje-kamere-za-dijelove-prijenosnog-racunala-microsoft-surface-pro-4-1724\/","title":{"rendered":"Zamjena prednje i stra\u017enje kamere za dijelove prijenosnog ra\u010dunala Microsoft Surface Pro 4 1724"},"content":{"rendered":"<p data-start=\"657\" data-end=\"950\">Nadogradite ili popravite svoj Microsoft Surface Pro 4 ovim originalnim kompletom fotoaparata, dizajniranim posebno za <strong data-start=\"760\" data-end=\"774\">Model 1724<\/strong>. Ovaj paket uklju\u010duje <strong data-start=\"807\" data-end=\"839\">prednju i stra\u017enju kameru<\/strong>, \u0161to ga \u010dini savr\u0161enim rje\u0161enjem ako su kamere va\u0161eg ure\u0111aja o\u0161te\u0107ene, neispravne ili ne rade kako bi trebale.<\/p>\n<p data-start=\"952\" data-end=\"1162\">Ovo su <strong data-start=\"962\" data-end=\"997\">originalni Microsoftovi dijelovi prijenosnog ra\u010dunala<\/strong>, pa\u017eljivo testirani kako bi se osigurala puna funkcionalnost. Fotografije u ovom popisu stvarne su slike stvarnih artikala koje \u0107ete dobiti \u2014 nema skladi\u0161nih slika, nema iznena\u0111enja.<\/p>\n<p data-start=\"1164\" data-end=\"1352\">\u2714 Kompatibilno s: Microsoft Surface Pro 4 (1724)<br data-start=\"1213\" data-end=\"1216\" \/>\u2714 Uklju\u010duje: prednje i stra\u017enje module kamere<br data-start=\"1257\" data-end=\"1260\" \/>\u2714 Stanje: originalno, testirano i potpuno funkcionalan<br data-start=\"1311\" data-end=\"1314\" \/>\u2714 Idealno za: Zamjene ili popravke<\/p>\n<p data-start=\"1354\" data-end=\"1527\">Napomena: Ovaj popis ne uklju\u010duje upute za instalaciju korak po korak. Ako trebate pomo\u0107 tijekom zamjene, slobodno nam po\u0161aljite poruku i pru\u017eit \u0107emo vam smjernice.<\/p>\n<p data-start=\"1529\" data-end=\"1644\">Vratite svoj Surface Pro 4 u \u017eivot jasnim videopozivima i o\u0161trim fotografijama koriste\u0107i ove autenti\u010dne dijelove prijenosnog ra\u010dunala.<\/p>\n","protected":false},"excerpt":{"rendered":"<p>Zamjenski set prednje i stra\u017enje kamere za Microsoft Surface Pro 4 (model 1724). 100% originalni dijelovi za laptop, testirani i spremni za ugradnju. Prave fotografije pokazuju to\u010dno ono \u0161to \u0107ete dobiti.<\/p>\n","protected":false},"featured_media":28888,"template":"","meta":[],"product_brand":[],"product_cat":[58],"product_tag":[139],"class_list":{"0":"post-28825","1":"product","2":"type-product","3":"status-publish","4":"has-post-thumbnail","6":"product_cat-laptop-camera","7":"product_tag-microsoft","9":"first","10":"instock","11":"taxable","12":"shipping-taxable","13":"purchasable","14":"product-type-simple"},"_links":{"self":[{"href":"https:\/\/boreait.com\/hr\/wp-json\/wp\/v2\/product\/28825","targetHints":{"allow":["GET"]}}],"collection":[{"href":"https:\/\/boreait.com\/hr\/wp-json\/wp\/v2\/product"}],"about":[{"href":"https:\/\/boreait.com\/hr\/wp-json\/wp\/v2\/types\/product"}],"wp:featuredmedia":[{"embeddable":true,"href":"https:\/\/boreait.com\/hr\/wp-json\/wp\/v2\/media\/28888"}],"wp:attachment":[{"href":"https:\/\/boreait.com\/hr\/wp-json\/wp\/v2\/media?parent=28825"}],"wp:term":[{"taxonomy":"product_brand","embeddable":true,"href":"https:\/\/boreait.com\/hr\/wp-json\/wp\/v2\/product_brand?post=28825"},{"taxonomy":"product_cat","embeddable":true,"href":"https:\/\/boreait.com\/hr\/wp-json\/wp\/v2\/product_cat?post=28825"},{"taxonomy":"product_tag","embeddable":true,"href":"https:\/\/boreait.com\/hr\/wp-json\/wp\/v2\/product_tag?post=28825"}],"curies":[{"name":"wp","href":"https:\/\/api.w.org\/{rel}","templated":true}]}}