{"id":28807,"date":"2025-09-12T08:58:14","date_gmt":"2025-09-12T08:58:14","guid":{"rendered":"https:\/\/boreait.com\/hr\/?post_type=product&#038;p=28807"},"modified":"2026-02-09T12:03:25","modified_gmt":"2026-02-09T12:03:25","slug":"dell-8265ngw-wifi-bluetooth-4-2-kartica-802-11ac-867mbps-dijelovi-prijenosnog-racunala-8f3y8","status":"publish","type":"product","link":"https:\/\/boreait.com\/hr\/product\/dell-8265ngw-wifi-bluetooth-4-2-kartica-802-11ac-867mbps-dijelovi-prijenosnog-racunala-8f3y8\/","title":{"rendered":"Dell 8265NGW WiFi Bluetooth 4.2 kartica 802.11ac 867Mbps dijelovi prijenosnog ra\u010dunala 8F3Y8"},"content":{"rendered":"<p data-start=\"590\" data-end=\"883\"><strong data-start=\"594\" data-end=\"662\">Dell 8265NGW WiFi + Bluetooth kartica (brojevi dijelova 8F3Y8 \/ 08F3Y8)<\/strong> je originalna zamjena dizajnirana za prijenosna ra\u010dunala koja trebaju brze i stabilne be\u017ei\u010dne performanse. Kao dio na\u0161e kvalitetne kolekcije <strong data-start=\"780\" data-end=\"796\">dijelova za prijenosna ra\u010dunala<\/strong> u Siggmu, ova kartica pru\u017ea izvrsnu kompatibilnost i u\u010dinkovitost.<\/p>\n<p data-start=\"885\" data-end=\"904\"><strong data-start=\"885\" data-end=\"902\">Klju\u010dne zna\u010dajke:<\/strong><\/p>\n<ul data-start=\"905\" data-end=\"1220\">\n<li data-start=\"905\" data-end=\"928\">\n<p data-start=\"907\" data-end=\"928\">Model: Dell 8265NGW<\/p>\n<\/li>\n<li data-start=\"929\" data-end=\"986\">\n<p data-start=\"931\" data-end=\"986\">Be\u017ei\u010dni standard: dvopojasni 802.11ac (2,4 GHz i 5 GHz)<\/p>\n<\/li>\n<li data-start=\"987\" data-end=\"1060\">\n<p data-start=\"989\" data-end=\"1060\">Brzina: do 867 Mbps za glatko pregledavanje, strujanje i rad na mre\u017ei<\/p>\n<\/li>\n<li data-start=\"1061\" data-end=\"1156\">\n<p data-start=\"1063\" data-end=\"1156\">Bluetooth: verzija 4.2 za jednostavno uparivanje s mi\u0161evima, tipkovnicama, slu\u0161alicama i drugim ure\u0111ajima<\/p>\n<\/li>\n<li data-start=\"1157\" data-end=\"1194\">\n<p data-start=\"1159\" data-end=\"1194\">Dell brojevi dijelova: 8F3Y8 \/ 08F3Y8<\/p>\n<\/li>\n<li data-start=\"1195\" data-end=\"1220\">\n<p data-start=\"1197\" data-end=\"1220\">Faktor oblika: M.2 2230<\/p>\n<\/li>\n<\/ul>\n<p data-start=\"1222\" data-end=\"1249\"><strong data-start=\"1222\" data-end=\"1247\">Za\u0161to odabrati ovu karticu?<\/strong><\/p>\n<ul data-start=\"1250\" data-end=\"1522\">\n<li data-start=\"1250\" data-end=\"1305\">\n<p data-start=\"1252\" data-end=\"1305\">Originalni Dell zamjenski dio \u2014 testiran i pouzdan<\/p>\n<\/li>\n<li data-start=\"1306\" data-end=\"1384\">\n<p data-start=\"1308\" data-end=\"1384\">Idealno za obnavljanje ili nadogradnju be\u017ei\u010dnih mogu\u0107nosti u kompatibilnim prijenosnim ra\u010dunalima<\/p>\n<\/li>\n<li data-start=\"1385\" data-end=\"1459\">\n<p data-start=\"1387\" data-end=\"1459\">Podr\u017eava moderne WiFi i Bluetooth standarde za besprijekornu vezu<\/p>\n<\/li>\n<li data-start=\"1460\" data-end=\"1522\">\n<p data-start=\"1462\" data-end=\"1522\">Kompaktni M.2 dizajn za u\u010dinkovito pristajanje i jednostavnu instalaciju<\/p>\n<\/li>\n<\/ul>\n<p data-start=\"1524\" data-end=\"1542\"><strong data-start=\"1524\" data-end=\"1540\">Napomena:<\/strong><\/p>\n<ul data-start=\"1543\" data-end=\"1724\">\n<li data-start=\"1543\" data-end=\"1644\">\n<p data-start=\"1545\" data-end=\"1644\">Upute za instalaciju nisu uklju\u010dene, ali ako trebate upute, mo\u017eete nas kontaktirati u bilo kojem trenutku.<\/p>\n<\/li>\n<li data-start=\"1645\" data-end=\"1724\">\n<p data-start=\"1647\" data-end=\"1724\">Sve slike proizvoda su <strong data-start=\"1670\" data-end=\"1685\">prave fotografije<\/strong> to\u010dnih dijelova koje \u0107ete dobiti.<\/p>\n<\/li>\n<\/ul>\n<p data-start=\"1726\" data-end=\"1947\">U Siggmu smo specijalizirani za visokokvalitetne <strong data-start=\"1767\" data-end=\"1783\">dijelove za prijenosna ra\u010dunala<\/strong> za kupce diljem Europe i svijeta. Bilo da mijenjate neispravnu karticu ili nadogra\u0111ujete svoju be\u017ei\u010dnu izvedbu, Dell 8265NGW je pouzdano rje\u0161enje.<\/p>\n","protected":false},"excerpt":{"rendered":"<p>Nadogradite povezivost prijenosnog ra\u010dunala be\u017ei\u010dnom karticom Dell 8265NGW. Podr\u017eava dvopojasni WiFi 802.11ac brzine do 867Mbps i Bluetooth 4.2, pru\u017eaju\u0107i pouzdane performanse za glatko pregledavanje, strujanje i uparivanje ure\u0111aja.<\/p>\n","protected":false},"featured_media":28871,"template":"","meta":[],"product_brand":[],"product_cat":[62],"product_tag":[52],"class_list":{"0":"post-28807","1":"product","2":"type-product","3":"status-publish","4":"has-post-thumbnail","6":"product_cat-motherboards-board-parts","7":"product_tag-dell","9":"first","10":"instock","11":"taxable","12":"shipping-taxable","13":"purchasable","14":"product-type-simple"},"_links":{"self":[{"href":"https:\/\/boreait.com\/hr\/wp-json\/wp\/v2\/product\/28807","targetHints":{"allow":["GET"]}}],"collection":[{"href":"https:\/\/boreait.com\/hr\/wp-json\/wp\/v2\/product"}],"about":[{"href":"https:\/\/boreait.com\/hr\/wp-json\/wp\/v2\/types\/product"}],"wp:featuredmedia":[{"embeddable":true,"href":"https:\/\/boreait.com\/hr\/wp-json\/wp\/v2\/media\/28871"}],"wp:attachment":[{"href":"https:\/\/boreait.com\/hr\/wp-json\/wp\/v2\/media?parent=28807"}],"wp:term":[{"taxonomy":"product_brand","embeddable":true,"href":"https:\/\/boreait.com\/hr\/wp-json\/wp\/v2\/product_brand?post=28807"},{"taxonomy":"product_cat","embeddable":true,"href":"https:\/\/boreait.com\/hr\/wp-json\/wp\/v2\/product_cat?post=28807"},{"taxonomy":"product_tag","embeddable":true,"href":"https:\/\/boreait.com\/hr\/wp-json\/wp\/v2\/product_tag?post=28807"}],"curies":[{"name":"wp","href":"https:\/\/api.w.org\/{rel}","templated":true}]}}