{"id":28804,"date":"2025-09-12T08:58:14","date_gmt":"2025-09-12T08:58:14","guid":{"rendered":"https:\/\/boreait.com\/hr\/?post_type=product&#038;p=28804"},"modified":"2025-09-13T15:20:27","modified_gmt":"2025-09-13T15:20:27","slug":"zvucnici-za-prijenosna-racunala-dell-latitude-e5480-e5490-5480-5491-07y2tf-korisceni-originalni-zamjenski-dijelovi-za-prijenosna-racunala","status":"publish","type":"product","link":"https:\/\/boreait.com\/hr\/product\/zvucnici-za-prijenosna-racunala-dell-latitude-e5480-e5490-5480-5491-07y2tf-korisceni-originalni-zamjenski-dijelovi-za-prijenosna-racunala\/","title":{"rendered":"Zvu\u010dnici za prijenosna ra\u010dunala Dell Latitude E5480 E5490 5480 5491 07Y2TF \u2013 KORI\u0160\u0106ENI originalni zamjenski dijelovi za prijenosna ra\u010dunala"},"content":{"rendered":"<p data-start=\"508\" data-end=\"701\">Nadogradite ili vratite svoj zvuk pomo\u0107u ovih <strong data-start=\"549\" data-end=\"596\">originalnih zvu\u010dnika za prijenosna ra\u010dunala Dell Latitude E5480 E5490 5480 5491 07Y2TF<\/strong>. Ovaj originalni set <strong data-start=\"618\" data-end=\"639\">rabljenih dijelova prijenosnog ra\u010dunala<\/strong> pa\u017eljivo je testiran kako bi se osiguralo potpuno radno stanje.<\/p>\n<ul data-start=\"703\" data-end=\"916\">\n<li data-start=\"703\" data-end=\"751\">\n<p data-start=\"705\" data-end=\"751\"><strong data-start=\"705\" data-end=\"722\">Kompatibilnost<\/strong>: serija Dell Latitude E5480 E5490 5480 5491 07Y2TF<\/p>\n<\/li>\n<li data-start=\"752\" data-end=\"815\">\n<p data-start=\"754\" data-end=\"815\"><strong data-start=\"754\" data-end=\"767\">Stanje<\/strong>: rabljeno, potpuno testirano i zajam\u010deno funkcionalno<\/p>\n<\/li>\n<li data-start=\"816\" data-end=\"873\">\n<p data-start=\"818\" data-end=\"873\"><strong data-start=\"818\" data-end=\"826\">Vrsta<\/strong>: lijevi i desni unutarnji zvu\u010dnici za prijenosno ra\u010dunalo<\/p>\n<\/li>\n<li data-start=\"874\" data-end=\"916\">\n<p data-start=\"876\" data-end=\"916\"><strong data-start=\"876\" data-end=\"888\">Kategorija<\/strong>: Zamjenski dijelovi prijenosnog ra\u010dunala<\/p>\n<\/li>\n<\/ul>\n<p data-start=\"918\" data-end=\"1126\">Ovi zvu\u010dnici za prijenosno ra\u010dunalo savr\u0161eni su ako su va\u0161i trenutni zvu\u010dnici izobli\u010deni, napuknuti ili uop\u0107e ne rade. Ugradnja originalnih Dell dijelova osigurava najbolju prilagodbu i performanse u usporedbi s generi\u010dkim zamjenama.<\/p>\n<p data-start=\"1128\" data-end=\"1261\">\ud83d\udccc <strong data-start=\"1131\" data-end=\"1140\">Napomena:<\/strong> ne pru\u017eamo upute za instalaciju korak po korak, ali ako trebate pomo\u0107 ili smjernice, mo\u017eete nam poslati poruku u bilo kojem trenutku.<\/p>\n<p data-start=\"1263\" data-end=\"1334\">\ud83d\udcf8 <strong data-start=\"1266\" data-end=\"1332\">Prikazane fotografije stvarne su slike zvu\u010dnika koje \u0107ete dobiti.<\/strong><\/p>\n<p data-start=\"1336\" data-end=\"1446\">Vratite o\u0161tar i jasan zvuk na svoj Dell Latitude 5490 pomo\u0107u ovih pouzdanih zamjenskih zvu\u010dnika za prijenosno ra\u010dunalo.<\/p>\n","protected":false},"excerpt":{"rendered":"<p>Originalni rabljeni zvu\u010dnici za laptop Dell Latitude E5480 E5490 5480 5491 07Y2TF, potpuno testirani i rade. Idealna zamjena za vra\u0107anje jasnog zvuka na va\u0161 ure\u0111aj.<\/p>\n","protected":false},"featured_media":28863,"template":"","meta":[],"product_brand":[],"product_cat":[53],"product_tag":[52],"class_list":{"0":"post-28804","1":"product","2":"type-product","3":"status-publish","4":"has-post-thumbnail","6":"product_cat-laptop-speakers","7":"product_tag-dell","9":"first","10":"instock","11":"taxable","12":"shipping-taxable","13":"purchasable","14":"product-type-simple"},"_links":{"self":[{"href":"https:\/\/boreait.com\/hr\/wp-json\/wp\/v2\/product\/28804","targetHints":{"allow":["GET"]}}],"collection":[{"href":"https:\/\/boreait.com\/hr\/wp-json\/wp\/v2\/product"}],"about":[{"href":"https:\/\/boreait.com\/hr\/wp-json\/wp\/v2\/types\/product"}],"wp:featuredmedia":[{"embeddable":true,"href":"https:\/\/boreait.com\/hr\/wp-json\/wp\/v2\/media\/28863"}],"wp:attachment":[{"href":"https:\/\/boreait.com\/hr\/wp-json\/wp\/v2\/media?parent=28804"}],"wp:term":[{"taxonomy":"product_brand","embeddable":true,"href":"https:\/\/boreait.com\/hr\/wp-json\/wp\/v2\/product_brand?post=28804"},{"taxonomy":"product_cat","embeddable":true,"href":"https:\/\/boreait.com\/hr\/wp-json\/wp\/v2\/product_cat?post=28804"},{"taxonomy":"product_tag","embeddable":true,"href":"https:\/\/boreait.com\/hr\/wp-json\/wp\/v2\/product_tag?post=28804"}],"curies":[{"name":"wp","href":"https:\/\/api.w.org\/{rel}","templated":true}]}}