{"id":28795,"date":"2025-09-12T08:57:49","date_gmt":"2025-09-12T08:57:49","guid":{"rendered":"https:\/\/boreait.com\/hr\/?post_type=product&#038;p=28795"},"modified":"2025-09-13T15:20:46","modified_gmt":"2025-09-13T15:20:46","slug":"oslonac-za-ruku-prijenosnog-racunala-za-dell-latitude-7490-0ywcyh-ywcyh-originalni-zamjenski-dijelovi-za-prijenosna-racunala","status":"publish","type":"product","link":"https:\/\/boreait.com\/hr\/product\/oslonac-za-ruku-prijenosnog-racunala-za-dell-latitude-7490-0ywcyh-ywcyh-originalni-zamjenski-dijelovi-za-prijenosna-racunala\/","title":{"rendered":"Oslonac za ruku prijenosnog ra\u010dunala za Dell Latitude 7490 0YWCYH YWCYH | Originalni zamjenski dijelovi za prijenosna ra\u010dunala"},"content":{"rendered":"<p data-start=\"516\" data-end=\"828\">Ovaj <strong data-start=\"521\" data-end=\"580\">oslonac za ruku prijenosnog ra\u010dunala za Dell Latitude 7490 (0YWCYH \/ YWCYH)<\/strong> je originalni zamjenski dio, idealan za popravak ili obnovu va\u0161eg prijenosnog ra\u010dunala. S vremenom se oslonci za dlanove mogu istro\u0161iti ili o\u0161tetiti, \u0161to utje\u010de na izgled i upotrebljivost va\u0161eg ure\u0111aja. Ova zamjena osigurava da se va\u0161e prijenosno ra\u010dunalo opet osje\u0107a kao novo.<\/p>\n<p data-start=\"830\" data-end=\"1032\">\u2714 <strong data-start=\"832\" data-end=\"852\">Kompatibilni model<\/strong>: Dell Latitude 7490<br data-start=\"872\" data-end=\"875\" \/>\u2714 <strong data-start=\"877\" data-end=\"893\">Brojevi dijelova<\/strong>: 0YWCYH, YWCYH<br data-start=\"908\" data-end=\"911\" \/>\u2714 <strong data-start=\"913\" data-end=\"926\">Stanje<\/strong>: Originalno, testirano i u izvrsnom radnom stanju<br data-start=\"976\" data-end=\"979\" \/>\u2714 <strong data-start=\"981\" data-end=\"993\">Kategorija<\/strong>: Dijelovi prijenosnog ra\u010dunala \u2013 Zamjena oslonca za dlan<\/p>\n<p data-start=\"1034\" data-end=\"1203\">Bez obzira na to popravljate li svoj ure\u0111aj za profesionalnu upotrebu ili za osobnu udobnost, ovaj oslonac za dlan napravljen je tako da odgovara kvaliteti i odgovara originalnoj Dellovoj komponenti.<\/p>\n<p data-start=\"1205\" data-end=\"1231\">\ud83d\udca1 <strong data-start=\"1208\" data-end=\"1228\">Napomene za kupce<\/strong>:<\/p>\n<ul data-start=\"1232\" data-end=\"1422\">\n<li data-start=\"1232\" data-end=\"1308\">\n<p data-start=\"1234\" data-end=\"1308\">Fotografije u ovom popisu su stvarne i prikazuju stvarni dio koji \u0107ete dobiti.<\/p>\n<\/li>\n<li data-start=\"1309\" data-end=\"1422\">\n<p data-start=\"1311\" data-end=\"1422\">Upute za instalaciju nisu uklju\u010dene, ali ako trebate pomo\u0107, slobodno nam po\u0161aljite poruku za smjernice.<\/p>\n<\/li>\n<\/ul>\n<p data-start=\"1424\" data-end=\"1566\">Vratite svoje prijenosno ra\u010dunalo u \u017eivot s pouzdanim, visokokvalitetnim <strong data-start=\"1483\" data-end=\"1499\">dijelovima za prijenosna ra\u010dunala<\/strong> tvrtke Siggmo \u2014 koji slu\u017ee kupcima diljem Europe i svijeta.<\/p>\n","protected":false},"excerpt":{"rendered":"<p>Nadogradite svoj Dell Latitude 7490 ovim originalnim osloncem za dlan (broj dijela 0YWCYH \/ YWCYH). Visokokvalitetni zamjenski dio za prijenosno ra\u010dunalo dizajniran za vra\u0107anje udobnosti i izdr\u017eljivosti va\u0161em ure\u0111aju.<\/p>\n","protected":false},"featured_media":28852,"template":"","meta":[],"product_brand":[],"product_cat":[51],"product_tag":[52],"class_list":{"0":"post-28795","1":"product","2":"type-product","3":"status-publish","4":"has-post-thumbnail","6":"product_cat-laptop-housing","7":"product_tag-dell","9":"first","10":"instock","11":"taxable","12":"shipping-taxable","13":"purchasable","14":"product-type-simple"},"_links":{"self":[{"href":"https:\/\/boreait.com\/hr\/wp-json\/wp\/v2\/product\/28795","targetHints":{"allow":["GET"]}}],"collection":[{"href":"https:\/\/boreait.com\/hr\/wp-json\/wp\/v2\/product"}],"about":[{"href":"https:\/\/boreait.com\/hr\/wp-json\/wp\/v2\/types\/product"}],"wp:featuredmedia":[{"embeddable":true,"href":"https:\/\/boreait.com\/hr\/wp-json\/wp\/v2\/media\/28852"}],"wp:attachment":[{"href":"https:\/\/boreait.com\/hr\/wp-json\/wp\/v2\/media?parent=28795"}],"wp:term":[{"taxonomy":"product_brand","embeddable":true,"href":"https:\/\/boreait.com\/hr\/wp-json\/wp\/v2\/product_brand?post=28795"},{"taxonomy":"product_cat","embeddable":true,"href":"https:\/\/boreait.com\/hr\/wp-json\/wp\/v2\/product_cat?post=28795"},{"taxonomy":"product_tag","embeddable":true,"href":"https:\/\/boreait.com\/hr\/wp-json\/wp\/v2\/product_tag?post=28795"}],"curies":[{"name":"wp","href":"https:\/\/api.w.org\/{rel}","templated":true}]}}