{"id":28769,"date":"2025-09-12T08:56:35","date_gmt":"2025-09-12T08:56:35","guid":{"rendered":"https:\/\/boreait.com\/hr\/?post_type=product&#038;p=28769"},"modified":"2025-09-13T15:20:48","modified_gmt":"2025-09-13T15:20:48","slug":"originalni-lenovo-thinkpad-t510-w510-lcd-straznji-poklopac-75y4526-zamjenski-dio-prijenosnog-racunala","status":"publish","type":"product","link":"https:\/\/boreait.com\/hr\/product\/originalni-lenovo-thinkpad-t510-w510-lcd-straznji-poklopac-75y4526-zamjenski-dio-prijenosnog-racunala\/","title":{"rendered":"Originalni Lenovo ThinkPad T510 W510 LCD stra\u017enji poklopac 75Y4526 Zamjenski dio prijenosnog ra\u010dunala"},"content":{"rendered":"<p data-start=\"627\" data-end=\"809\">Nadogradite ili zamijenite o\u0161te\u0107enu masku prijenosnog ra\u010dunala ovom <strong data-start=\"682\" data-end=\"724\">originalnom Lenovo ThinkPad LCD stra\u017enjom maskom<\/strong>, broj dijela <strong data-start=\"738\" data-end=\"749\">75Y4526<\/strong>, napravljenom posebno za <strong data-start=\"773\" data-end=\"806\">Serije ThinkPad T510 i W510<\/strong>.<\/p>\n<p data-start=\"811\" data-end=\"1053\">Ova visokokvalitetna zamjena originalni je Lenovo dio koji osigurava savr\u0161eno pristajanje i dugotrajnu izdr\u017eljivost. Stra\u017enji poklopac \u0161titi va\u0161 LCD zaslon, daju\u0107i va\u0161em prijenosnom ra\u010dunalu svje\u017e, profesionalan izgled, a istovremeno odr\u017eava njegov strukturni integritet.<\/p>\n<p data-start=\"1055\" data-end=\"1246\">\u2705 <strong data-start=\"1057\" data-end=\"1078\">Kompatibilni modeli<\/strong>: Lenovo ThinkPad T510, W510<br data-start=\"1106\" data-end=\"1109\" \/>\u2705 <strong data-start=\"1111\" data-end=\"1126\">Broj dijela<\/strong>: 75Y4526<br data-start=\"1135\" data-end=\"1138\" \/>\u2705 <strong data-start=\"1140\" data-end=\"1153\">Stanje<\/strong>: Originalno i originalno, pa\u017eljivo pregledano<br data-start=\"1196\" data-end=\"1199\" \/>\u2705 <strong data-start=\"1201\" data-end=\"1213\">Kategorija<\/strong>: Dijelovi prijenosnog ra\u010dunala \u2013 stra\u017enji poklopac LCD-a<\/p>\n<p data-start=\"1248\" data-end=\"1275\"><strong data-start=\"1248\" data-end=\"1273\">Za\u0161to odabrati ovaj dio?<\/strong><\/p>\n<ul data-start=\"1276\" data-end=\"1496\">\n<li data-start=\"1276\" data-end=\"1316\">\n<p data-start=\"1278\" data-end=\"1316\">100% originalni Lenovo zamjenski dio<\/p>\n<\/li>\n<li data-start=\"1317\" data-end=\"1379\">\n<p data-start=\"1319\" data-end=\"1379\">Dizajniran za savr\u0161enu kompatibilnost s ThinkPad T510\/W510<\/p>\n<\/li>\n<li data-start=\"1380\" data-end=\"1441\">\n<p data-start=\"1382\" data-end=\"1441\">Pouzdana za\u0161tita i izdr\u017eljivost za zaslon va\u0161eg prijenosnog ra\u010dunala<\/p>\n<\/li>\n<li data-start=\"1442\" data-end=\"1496\">\n<p data-start=\"1444\" data-end=\"1496\">Idealno za projekte popravka, nadogradnje ili restauracije<\/p>\n<\/li>\n<\/ul>\n<p data-start=\"1498\" data-end=\"1696\">\ud83d\udd39 Imajte na umu: ovaj popis je za <strong data-start=\"1538\" data-end=\"1561\">samo stra\u017enji poklopac LCD-a<\/strong> (ne kompletan sklop zaslona). Nema uputa za instalaciju, ali ako trebate dodatnu pomo\u0107, slobodno nam po\u0161aljite poruku.<\/p>\n<p data-start=\"1698\" data-end=\"1815\">\ud83d\udd39 Fotografije u popisu su <strong data-start=\"1727\" data-end=\"1780\">prave slike stvarnog dijela koji \u0107ete dobiti<\/strong>, tako da mo\u017eete kupovati s povjerenjem.<\/p>\n","protected":false},"excerpt":{"rendered":"<p>Neka va\u0161 ThinkPad izgleda profesionalno uz ovaj originalni Lenovo LCD stra\u017enji poklopac za modele T510 i W510. Izvorni broj dijela 75Y4526, dizajniran za savr\u0161eno pristajanje i pouzdanu izdr\u017eljivost.<\/p>\n","protected":false},"featured_media":28831,"template":"","meta":[],"product_brand":[],"product_cat":[51],"product_tag":[61],"class_list":{"0":"post-28769","1":"product","2":"type-product","3":"status-publish","4":"has-post-thumbnail","6":"product_cat-laptop-housing","7":"product_tag-lenovo","9":"first","10":"instock","11":"taxable","12":"shipping-taxable","13":"purchasable","14":"product-type-simple"},"_links":{"self":[{"href":"https:\/\/boreait.com\/hr\/wp-json\/wp\/v2\/product\/28769","targetHints":{"allow":["GET"]}}],"collection":[{"href":"https:\/\/boreait.com\/hr\/wp-json\/wp\/v2\/product"}],"about":[{"href":"https:\/\/boreait.com\/hr\/wp-json\/wp\/v2\/types\/product"}],"wp:featuredmedia":[{"embeddable":true,"href":"https:\/\/boreait.com\/hr\/wp-json\/wp\/v2\/media\/28831"}],"wp:attachment":[{"href":"https:\/\/boreait.com\/hr\/wp-json\/wp\/v2\/media?parent=28769"}],"wp:term":[{"taxonomy":"product_brand","embeddable":true,"href":"https:\/\/boreait.com\/hr\/wp-json\/wp\/v2\/product_brand?post=28769"},{"taxonomy":"product_cat","embeddable":true,"href":"https:\/\/boreait.com\/hr\/wp-json\/wp\/v2\/product_cat?post=28769"},{"taxonomy":"product_tag","embeddable":true,"href":"https:\/\/boreait.com\/hr\/wp-json\/wp\/v2\/product_tag?post=28769"}],"curies":[{"name":"wp","href":"https:\/\/api.w.org\/{rel}","templated":true}]}}