{"id":28768,"date":"2025-09-12T08:56:34","date_gmt":"2025-09-12T08:56:34","guid":{"rendered":"https:\/\/boreait.com\/hr\/?post_type=product&#038;p=28768"},"modified":"2025-09-13T15:17:59","modified_gmt":"2025-09-13T15:17:59","slug":"60y3212-originalna-lenovo-bluetooth-ploca-za-thinkpad-t410s-originalni-dio-prijenosnog-racunala","status":"publish","type":"product","link":"https:\/\/boreait.com\/hr\/product\/60y3212-originalna-lenovo-bluetooth-ploca-za-thinkpad-t410s-originalni-dio-prijenosnog-racunala\/","title":{"rendered":"60Y3212 Originalna Lenovo Bluetooth plo\u010da za ThinkPad T410s \u2013 originalni dio prijenosnog ra\u010dunala"},"content":{"rendered":"<p data-start=\"505\" data-end=\"771\">Nadogradite ili zamijenite svoj Lenovo ThinkPad T410s Bluetooth povezivanje ovom <strong data-start=\"584\" data-end=\"639\">originalnom Lenovo Bluetooth plo\u010dom, broj dijela 60Y3212<\/strong>. Ovo je <strong data-start=\"652\" data-end=\"683\">originalni dio prijenosnog ra\u010dunala Lenovo<\/strong>, a ne zamjena tre\u0107e strane, \u010dime se osigurava potpuna kompatibilnost i pouzdan rad.<\/p>\n<p data-start=\"773\" data-end=\"959\">\u2714 <strong data-start=\"775\" data-end=\"796\">FRU \/ broj dijela<\/strong>: 60Y3212<br data-start=\"805\" data-end=\"808\" \/>\u2714 <strong data-start=\"810\" data-end=\"827\">Kompatibilnost<\/strong>: Lenovo ThinkPad Serija T410s<br data-start=\"857\" data-end=\"860\" \/>\u2714 <strong data-start=\"862\" data-end=\"875\">Stanje<\/strong>: originalan, testiran i potpuno funkcionalan<br data-start=\"911\" data-end=\"914\" \/>\u2714 <strong data-start=\"916\" data-end=\"924\">Vrsta<\/strong>: interni Bluetooth modul plo\u010de<\/p>\n<p data-start=\"961\" data-end=\"1204\">Ovaj dio za prijenosno ra\u010dunalo idealan je ako je va\u0161a trenutna Bluetooth plo\u010da neispravna, nedostaje je ili je treba zamijeniti. Kao originalna Lenovo komponenta, jam\u010di stabilne performanse, pravilno pristajanje i dugotrajnu pouzdanost u usporedbi s generi\u010dkim alternativama.<\/p>\n<p data-start=\"1206\" data-end=\"1424\">\ud83d\udcf7 <strong data-start=\"1209\" data-end=\"1285\">Fotografije u ovom popisu stvarne su slike dijela koji \u0107ete dobiti.<\/strong><br data-start=\"1285\" data-end=\"1288\" \/>Ne dajemo upute za instalaciju, ali ako trebate daljnje upute o ovom dijelu prijenosnog ra\u010dunala, slobodno po\u0161aljite poruku nas bilo kada.<\/p>\n","protected":false},"excerpt":{"rendered":"<p>Originalna Lenovo Bluetooth plo\u010da (FRU 60Y3212) za ThinkPad T410s. 100% originalni laptop dio, testiran i potpuno funkcionalan.<\/p>\n","protected":false},"featured_media":28830,"template":"","meta":[],"product_brand":[],"product_cat":[62],"product_tag":[61],"class_list":{"0":"post-28768","1":"product","2":"type-product","3":"status-publish","4":"has-post-thumbnail","6":"product_cat-motherboards-board-parts","7":"product_tag-lenovo","9":"first","10":"instock","11":"taxable","12":"shipping-taxable","13":"purchasable","14":"product-type-simple"},"_links":{"self":[{"href":"https:\/\/boreait.com\/hr\/wp-json\/wp\/v2\/product\/28768","targetHints":{"allow":["GET"]}}],"collection":[{"href":"https:\/\/boreait.com\/hr\/wp-json\/wp\/v2\/product"}],"about":[{"href":"https:\/\/boreait.com\/hr\/wp-json\/wp\/v2\/types\/product"}],"wp:featuredmedia":[{"embeddable":true,"href":"https:\/\/boreait.com\/hr\/wp-json\/wp\/v2\/media\/28830"}],"wp:attachment":[{"href":"https:\/\/boreait.com\/hr\/wp-json\/wp\/v2\/media?parent=28768"}],"wp:term":[{"taxonomy":"product_brand","embeddable":true,"href":"https:\/\/boreait.com\/hr\/wp-json\/wp\/v2\/product_brand?post=28768"},{"taxonomy":"product_cat","embeddable":true,"href":"https:\/\/boreait.com\/hr\/wp-json\/wp\/v2\/product_cat?post=28768"},{"taxonomy":"product_tag","embeddable":true,"href":"https:\/\/boreait.com\/hr\/wp-json\/wp\/v2\/product_tag?post=28768"}],"curies":[{"name":"wp","href":"https:\/\/api.w.org\/{rel}","templated":true}]}}