{"id":28761,"date":"2025-09-12T08:56:11","date_gmt":"2025-09-12T08:56:11","guid":{"rendered":"https:\/\/boreait.com\/hr\/?post_type=product&#038;p=28761"},"modified":"2025-09-13T15:18:33","modified_gmt":"2025-09-13T15:18:33","slug":"komplet-sarki-lijevog-i-desnog-prijenosnog-racunala-lenovo-thinkpad-t510-w510-zamjenski-dijelovi","status":"publish","type":"product","link":"https:\/\/boreait.com\/hr\/product\/komplet-sarki-lijevog-i-desnog-prijenosnog-racunala-lenovo-thinkpad-t510-w510-zamjenski-dijelovi\/","title":{"rendered":"Komplet \u0161arki lijevog i desnog prijenosnog ra\u010dunala Lenovo ThinkPad T510 W510 \u2013 zamjenski dijelovi"},"content":{"rendered":"<p data-start=\"579\" data-end=\"835\">Nadogradite ili popravite svoj Lenovo ThinkPad ovim <strong data-start=\"628\" data-end=\"652\">setom \u0161arki za prijenosna ra\u010dunala<\/strong>, potpuno kompatibilnim s <strong data-start=\"676\" data-end=\"707\">modelima Lenovo T510 i W510<\/strong>. Ove su \u0161arke osmi\u0161ljene za glatko otvaranje i zatvaranje poklopca prijenosnog ra\u010dunala, osiguravaju\u0107i stabilnost i dugotrajnu upotrebu.<\/p>\n<p data-start=\"837\" data-end=\"860\"><strong data-start=\"837\" data-end=\"858\">Zna\u010dajke proizvoda:<\/strong><\/p>\n<ul data-start=\"861\" data-end=\"1116\">\n<li data-start=\"861\" data-end=\"911\">\n<p data-start=\"863\" data-end=\"911\">Kompatibilni modeli: Lenovo ThinkPad T510 \/ W510<\/p>\n<\/li>\n<li data-start=\"912\" data-end=\"954\">\n<p data-start=\"914\" data-end=\"954\">Uklju\u010duje: lijeve i desne \u0161arke (par)<\/p>\n<\/li>\n<li data-start=\"955\" data-end=\"1006\">\n<p data-start=\"957\" data-end=\"1006\">Visokokvalitetna izrada za izdr\u017eljivost i stabilnost<\/p>\n<\/li>\n<li data-start=\"1007\" data-end=\"1075\">\n<p data-start=\"1009\" data-end=\"1075\">Savr\u0161eni dijelovi prijenosnog ra\u010dunala za zamjenu istro\u0161enih, polomljenih ili olabavljenih \u0161arki<\/p>\n<\/li>\n<li data-start=\"1076\" data-end=\"1116\">\n<p data-start=\"1078\" data-end=\"1116\">Lako pristajanje \u2013 nisu potrebne izmjene<\/p>\n<\/li>\n<\/ul>\n<p data-start=\"1118\" data-end=\"1409\"><strong data-start=\"1118\" data-end=\"1146\">Za\u0161to odabrati ovaj proizvod?<\/strong><br data-start=\"1146\" data-end=\"1149\" \/>Ako vam se poklopac prijenosnog ra\u010dunala \u010dini labavim, krutim ili ne mo\u017ee ostati uspravan, naju\u010dinkovitije je rje\u0161enje zamijeniti \u0161arke. Ovi <strong data-start=\"1270\" data-end=\"1286\">dijelovi prijenosnog ra\u010dunala<\/strong> testirani su i pa\u017eljivo nabavljeni kako bi se osigurala pouzdanost. Fotografije u ovom popisu odnose se na stvarne stavke koje \u0107ete dobiti.<\/p>\n<p data-start=\"1411\" data-end=\"1520\">\ud83d\udca1 <em data-start=\"1414\" data-end=\"1428\">Napomena:<\/em> upute za instalaciju nisu uklju\u010dene. Ako trebate pomo\u0107, mo\u017eete nam poslati poruku u bilo kojem trenutku.<\/p>\n","protected":false},"excerpt":{"rendered":"<p>Originalne \u0161arke prijenosnog ra\u010dunala Lenovo ThinkPad T510 \/ W510 (lijevi i desni set). Izdr\u017eljivi zamjenski dio za glatko otvaranje i zatvaranje zaslona.<\/p>\n","protected":false},"featured_media":28828,"template":"","meta":[],"product_brand":[],"product_cat":[54],"product_tag":[61],"class_list":{"0":"post-28761","1":"product","2":"type-product","3":"status-publish","4":"has-post-thumbnail","6":"product_cat-screen-hinge","7":"product_tag-lenovo","9":"first","10":"instock","11":"taxable","12":"shipping-taxable","13":"purchasable","14":"product-type-simple"},"_links":{"self":[{"href":"https:\/\/boreait.com\/hr\/wp-json\/wp\/v2\/product\/28761","targetHints":{"allow":["GET"]}}],"collection":[{"href":"https:\/\/boreait.com\/hr\/wp-json\/wp\/v2\/product"}],"about":[{"href":"https:\/\/boreait.com\/hr\/wp-json\/wp\/v2\/types\/product"}],"wp:featuredmedia":[{"embeddable":true,"href":"https:\/\/boreait.com\/hr\/wp-json\/wp\/v2\/media\/28828"}],"wp:attachment":[{"href":"https:\/\/boreait.com\/hr\/wp-json\/wp\/v2\/media?parent=28761"}],"wp:term":[{"taxonomy":"product_brand","embeddable":true,"href":"https:\/\/boreait.com\/hr\/wp-json\/wp\/v2\/product_brand?post=28761"},{"taxonomy":"product_cat","embeddable":true,"href":"https:\/\/boreait.com\/hr\/wp-json\/wp\/v2\/product_cat?post=28761"},{"taxonomy":"product_tag","embeddable":true,"href":"https:\/\/boreait.com\/hr\/wp-json\/wp\/v2\/product_tag?post=28761"}],"curies":[{"name":"wp","href":"https:\/\/api.w.org\/{rel}","templated":true}]}}