{"id":28755,"date":"2025-09-12T08:56:10","date_gmt":"2025-09-12T08:56:10","guid":{"rendered":"https:\/\/boreait.com\/hr\/?post_type=product&#038;p=28755"},"modified":"2025-09-13T15:20:50","modified_gmt":"2025-09-13T15:20:50","slug":"hdd-poklopac-tvrdog-diska-caddy-rails-ibm-lenovo-t510-t510i-t520-t520i-60y5500-koristeni-dijelovi-za-prijenosna-racunala","status":"publish","type":"product","link":"https:\/\/boreait.com\/hr\/product\/hdd-poklopac-tvrdog-diska-caddy-rails-ibm-lenovo-t510-t510i-t520-t520i-60y5500-koristeni-dijelovi-za-prijenosna-racunala\/","title":{"rendered":"HDD Poklopac tvrdog diska Caddy Rails IBM Lenovo T510 T510i T520 T520i 60Y5500 \u2013 Kori\u0161teni dijelovi za prijenosna ra\u010dunala"},"content":{"rendered":"<p data-start=\"613\" data-end=\"798\">Ovaj popis je za <strong data-start=\"636\" data-end=\"686\">originalni HDD Hard Drive Cover Caddy s \u0161inama<\/strong> dizajniran za IBM Lenovo ThinkPad modele <strong data-start=\"727\" data-end=\"759\">T510, T510i, T520 i T520i<\/strong>. FRU broj dijela je <strong data-start=\"784\" data-end=\"795\">60Y5500<\/strong>.<\/p>\n<p data-start=\"800\" data-end=\"1192\">\u2705 <strong data-start=\"802\" data-end=\"816\">Stanje:<\/strong> Kori\u0161teno, ali potpuno funkcionalno iu dobrom radnom stanju.<br data-start=\"869\" data-end=\"872\" \/>\u2705 <strong data-start=\"874\" data-end=\"892\">Kompatibilnost:<\/strong> Odgovara Lenovo ThinkPad T510 \/ T510i \/ T520 \/ T520i.<br data-start=\"942\" data-end=\"945\" \/>\u2705 <strong data-start=\"947\" data-end=\"963\">Broj dijela:<\/strong> FRU 60Y5500.<br data-start=\"976\" data-end=\"979\" \/>\u2705 <strong data-start=\"981\" data-end=\"998\">Originalni dio:<\/strong> Ovo nije naknadni dio; to je originalni Lenovo dio za pouzdano pristajanje i performanse.<br data-start=\"1096\" data-end=\"1099\" \/>\u2705 <strong data-start=\"1101\" data-end=\"1112\">Fotografije:<\/strong> Prikazane slike stvarne su slike to\u010dno onog dijela prijenosnog ra\u010dunala koji \u0107ete dobiti.<\/p>\n<p data-start=\"1194\" data-end=\"1422\">Ovaj poklopac tvrdog diska s vodilicama neophodan je za sigurnu instalaciju ili zamjenu HDD-a u va\u0161em prijenosnom ra\u010dunalu ThinkPad. Bilo da popravljate sustav ili zamjenjujete dio koji nedostaje, ovaj originalni nosa\u010d jam\u010di pravilno pristajanje.<\/p>\n<p data-start=\"1424\" data-end=\"1553\">\ud83d\udd27 Napomena: <strong data-start=\"1440\" data-end=\"1486\">upute za instalaciju nisu uklju\u010dene.<\/strong> Ako vam je potrebna pomo\u0107, slobodno nam po\u0161aljite poruku za smjernice.<\/p>\n<p data-start=\"1555\" data-end=\"1684\">Ovaj je proizvod dio na\u0161eg asortimana <strong data-start=\"1592\" data-end=\"1616\">kvalitetnih dijelova za prijenosna ra\u010dunala<\/strong>, testiran i spreman za isporuku diljem svijeta iz na\u0161eg skladi\u0161ta u Europi.<\/p>\n","protected":false},"excerpt":{"rendered":"<p>Rabljeni originalni nosa\u010d tvrdog diska s \u0161inama, kompatibilan s IBM Lenovo ThinkPad T510, T510i, T520 i T520i (FRU 60Y5500). 100% originalni dio za laptop, testiran i spreman za zamjenu.<\/p>\n","protected":false},"featured_media":28812,"template":"","meta":[],"product_brand":[],"product_cat":[51],"product_tag":[61],"class_list":{"0":"post-28755","1":"product","2":"type-product","3":"status-publish","4":"has-post-thumbnail","6":"product_cat-laptop-housing","7":"product_tag-lenovo","9":"first","10":"instock","11":"taxable","12":"shipping-taxable","13":"purchasable","14":"product-type-simple"},"_links":{"self":[{"href":"https:\/\/boreait.com\/hr\/wp-json\/wp\/v2\/product\/28755","targetHints":{"allow":["GET"]}}],"collection":[{"href":"https:\/\/boreait.com\/hr\/wp-json\/wp\/v2\/product"}],"about":[{"href":"https:\/\/boreait.com\/hr\/wp-json\/wp\/v2\/types\/product"}],"wp:featuredmedia":[{"embeddable":true,"href":"https:\/\/boreait.com\/hr\/wp-json\/wp\/v2\/media\/28812"}],"wp:attachment":[{"href":"https:\/\/boreait.com\/hr\/wp-json\/wp\/v2\/media?parent=28755"}],"wp:term":[{"taxonomy":"product_brand","embeddable":true,"href":"https:\/\/boreait.com\/hr\/wp-json\/wp\/v2\/product_brand?post=28755"},{"taxonomy":"product_cat","embeddable":true,"href":"https:\/\/boreait.com\/hr\/wp-json\/wp\/v2\/product_cat?post=28755"},{"taxonomy":"product_tag","embeddable":true,"href":"https:\/\/boreait.com\/hr\/wp-json\/wp\/v2\/product_tag?post=28755"}],"curies":[{"name":"wp","href":"https:\/\/api.w.org\/{rel}","templated":true}]}}