{"id":28751,"date":"2025-09-12T08:56:10","date_gmt":"2025-09-12T08:56:10","guid":{"rendered":"https:\/\/boreait.com\/hr\/?post_type=product&#038;p=28751"},"modified":"2026-02-09T11:00:31","modified_gmt":"2026-02-09T11:00:31","slug":"lenovo-thinkpad-w530-memory-ram-cover-door-60y5501-koristen-originalni-dio-prijenosnog-racunala","status":"publish","type":"product","link":"https:\/\/boreait.com\/hr\/product\/lenovo-thinkpad-w530-memory-ram-cover-door-60y5501-koristen-originalni-dio-prijenosnog-racunala\/","title":{"rendered":"Lenovo ThinkPad W530 Memory RAM Cover Door 60Y5501 Kori\u0161ten originalni dio prijenosnog ra\u010dunala"},"content":{"rendered":"<p data-start=\"551\" data-end=\"776\">Ovo je <strong data-start=\"561\" data-end=\"638\">originalni Lenovo ThinkPad W530 Memory RAM Cover Door (Broj dijela: 60Y5501)<\/strong>, pa\u017eljivo uklonjen s originalnog stroja. To je <strong data-start=\"692\" data-end=\"712\">rabljeni dio prijenosnog ra\u010dunala<\/strong>, potpuno testiran i potvr\u0111eno da je u dobrom radnom stanju.<\/p>\n<p data-start=\"778\" data-end=\"1025\">Ako je va\u0161 trenutni poklopac RAM-a napuknut, izgubljen ili o\u0161te\u0107en, ovaj zamjenski poklopac je savr\u0161eno rje\u0161enje za vra\u0107anje za\u0161tite i stabilnosti va\u0161eg ThinkPada W530. Poklopac sigurno \u0161titi memorijske module, osiguravaju\u0107i izdr\u017eljivost i pravilno pristajanje.<\/p>\n<p data-start=\"1027\" data-end=\"1051\">\u2705 <strong data-start=\"1029\" data-end=\"1049\">Pojedinosti o proizvodu:<\/strong><\/p>\n<ul data-start=\"1052\" data-end=\"1262\">\n<li data-start=\"1052\" data-end=\"1069\">\n<p data-start=\"1054\" data-end=\"1069\">Robna marka: Lenovo<\/p>\n<\/li>\n<li data-start=\"1070\" data-end=\"1108\">\n<p data-start=\"1072\" data-end=\"1108\">Kompatibilnost modela: ThinkPad W530<\/p>\n<\/li>\n<li data-start=\"1109\" data-end=\"1133\">\n<p data-start=\"1111\" data-end=\"1133\">Broj dijela: 60Y5501<\/p>\n<\/li>\n<li data-start=\"1134\" data-end=\"1167\">\n<p data-start=\"1136\" data-end=\"1167\">Vrsta: Poklopac za memoriju\/RAM<\/p>\n<\/li>\n<li data-start=\"1168\" data-end=\"1211\">\n<p data-start=\"1170\" data-end=\"1211\">Stanje: rabljeno, testirano i funkcionalno<\/p>\n<\/li>\n<li data-start=\"1212\" data-end=\"1262\">\n<p data-start=\"1214\" data-end=\"1262\">Boja: crna (standardna zavr\u0161na obrada Lenovo ThinkPad)<\/p>\n<\/li>\n<\/ul>\n<p data-start=\"1264\" data-end=\"1294\">\ud83d\udd39 <strong data-start=\"1267\" data-end=\"1292\">Za\u0161to odabrati ovaj dio?<\/strong><\/p>\n<ul data-start=\"1295\" data-end=\"1532\">\n<li data-start=\"1295\" data-end=\"1343\">\n<p data-start=\"1297\" data-end=\"1343\">100% originalni Lenovo dio \u2013 ne naknadno.<\/p>\n<\/li>\n<li data-start=\"1344\" data-end=\"1411\">\n<p data-start=\"1346\" data-end=\"1411\">Pru\u017ea odgovaraju\u0107u za\u0161titu i protok zraka za odjeljak RAM-a.<\/p>\n<\/li>\n<li data-start=\"1412\" data-end=\"1465\">\n<p data-start=\"1414\" data-end=\"1465\">Poma\u017ee da dijelovi va\u0161eg prijenosnog ra\u010dunala ostanu sigurni i na mjestu.<\/p>\n<\/li>\n<li data-start=\"1466\" data-end=\"1532\">\n<p data-start=\"1468\" data-end=\"1532\">U\u010dinkovit na\u010din za produljenje vijeka trajanja va\u0161eg ThinkPad W530.<\/p>\n<\/li>\n<\/ul>\n<p data-start=\"1534\" data-end=\"1739\">\ud83d\udcf7 <strong data-start=\"1537\" data-end=\"1546\">Napomena:<\/strong> Fotografije s popisa stvarne su slike to\u010dno onog dijela koji \u0107ete dobiti \u2013 nema slika iz skladi\u0161ta.<br data-start=\"1637\" data-end=\"1640\" \/>\ud83d\udcac Upute za instalaciju nisu uklju\u010dene, ali ako su vam potrebne upute, slobodno nam po\u0161aljite poruku.<\/p>\n","protected":false},"excerpt":{"rendered":"<p>Vrata poklopca originalne memorije RAM Lenovo ThinkPad W530 (Br. dijela 60Y5501). Kori\u0161ten, testiran iu dobrom radnom stanju &#8211; idealno za zamjenu va\u0161eg poklopca RAM-a koji nedostaje ili je o\u0161te\u0107en.<\/p>\n","protected":false},"featured_media":28800,"template":"","meta":[],"product_brand":[],"product_cat":[51],"product_tag":[],"class_list":{"0":"post-28751","1":"product","2":"type-product","3":"status-publish","4":"has-post-thumbnail","6":"product_cat-laptop-housing","8":"first","9":"instock","10":"taxable","11":"shipping-taxable","12":"purchasable","13":"product-type-simple"},"_links":{"self":[{"href":"https:\/\/boreait.com\/hr\/wp-json\/wp\/v2\/product\/28751","targetHints":{"allow":["GET"]}}],"collection":[{"href":"https:\/\/boreait.com\/hr\/wp-json\/wp\/v2\/product"}],"about":[{"href":"https:\/\/boreait.com\/hr\/wp-json\/wp\/v2\/types\/product"}],"wp:featuredmedia":[{"embeddable":true,"href":"https:\/\/boreait.com\/hr\/wp-json\/wp\/v2\/media\/28800"}],"wp:attachment":[{"href":"https:\/\/boreait.com\/hr\/wp-json\/wp\/v2\/media?parent=28751"}],"wp:term":[{"taxonomy":"product_brand","embeddable":true,"href":"https:\/\/boreait.com\/hr\/wp-json\/wp\/v2\/product_brand?post=28751"},{"taxonomy":"product_cat","embeddable":true,"href":"https:\/\/boreait.com\/hr\/wp-json\/wp\/v2\/product_cat?post=28751"},{"taxonomy":"product_tag","embeddable":true,"href":"https:\/\/boreait.com\/hr\/wp-json\/wp\/v2\/product_tag?post=28751"}],"curies":[{"name":"wp","href":"https:\/\/api.w.org\/{rel}","templated":true}]}}