{"id":28747,"date":"2025-09-12T08:56:09","date_gmt":"2025-09-12T08:56:09","guid":{"rendered":"https:\/\/boreait.com\/hr\/?post_type=product&#038;p=28747"},"modified":"2026-02-09T11:00:00","modified_gmt":"2026-02-09T11:00:00","slug":"dijelovi-prijenosnog-racunala-dell-latitude-5480-utor-za-utor-za-citac-pametnih-kartica-17n6j","status":"publish","type":"product","link":"https:\/\/boreait.com\/hr\/product\/dijelovi-prijenosnog-racunala-dell-latitude-5480-utor-za-utor-za-citac-pametnih-kartica-17n6j\/","title":{"rendered":"Dijelovi prijenosnog ra\u010dunala Dell Latitude 5480 utor za utor za \u010dita\u010d pametnih kartica 17N6J"},"content":{"rendered":"<p>Ovo je originalna strujna plo\u010da s utorom za \u010dita\u010d pametnih kartica Dell Latitude 5480 s brojem dijela 17N6J.<\/p>\n<p> Dizajnirana posebno za seriju Dell Latitude 5480, ova zamjenska plo\u010da osigurava punu kompatibilnost i stabilne performanse.<\/p>\n<p>\u2714 100% originalni dio prijenosnog ra\u010dunala Dell<\/p>\n<p>\u2714 Kompatibilan s modelima Dell Latitude 5480<\/p>\n<p>\u2714 Broj dijela: 17N6J<\/p>\n<p>\u2714 Prave fotografije \u2013 dobit \u0107ete to\u010dno prikazanu stavku<\/p>\n<p>\u2714 Pouzdan izbor za popravak ili zamjenu<\/p>\n<p>Bez obzira na to je li va\u0161 \u010dita\u010d pametnih kartica prestao raditi ili obnavljate Dell Latitude 5480, ova tiskana plo\u010da je savr\u0161eno rje\u0161enje. Svi artikli su pa\u017eljivo pregledani i testirani na kvalitetu prije otpreme.<\/p>\n<p>**Napomena:** Ovaj popis uklju\u010duje samo sklopnu plo\u010du utora za \u010dita\u010d pametnih kartica. Nema uputa za instalaciju, ali ako trebate pomo\u0107 ili smjernice, slobodno nam se obratite u bilo kojem trenutku.<\/p>\n<p>Na\u0161e fotografije su stvarne i prikazuju to\u010dan proizvod koji \u0107ete dobiti.<\/p>\n","protected":false},"excerpt":{"rendered":"<p>Originalna strujna plo\u010da utora za \u010dita\u010d pametnih kartica Dell Latitude 5480 (17N6J). Testiran, pouzdan i idealan zamjenski dio za laptop.<\/p>\n","protected":false},"featured_media":28799,"template":"","meta":[],"product_brand":[],"product_cat":[51],"product_tag":[52],"class_list":{"0":"post-28747","1":"product","2":"type-product","3":"status-publish","4":"has-post-thumbnail","6":"product_cat-laptop-housing","7":"product_tag-dell","9":"first","10":"instock","11":"taxable","12":"shipping-taxable","13":"purchasable","14":"product-type-simple"},"_links":{"self":[{"href":"https:\/\/boreait.com\/hr\/wp-json\/wp\/v2\/product\/28747","targetHints":{"allow":["GET"]}}],"collection":[{"href":"https:\/\/boreait.com\/hr\/wp-json\/wp\/v2\/product"}],"about":[{"href":"https:\/\/boreait.com\/hr\/wp-json\/wp\/v2\/types\/product"}],"wp:featuredmedia":[{"embeddable":true,"href":"https:\/\/boreait.com\/hr\/wp-json\/wp\/v2\/media\/28799"}],"wp:attachment":[{"href":"https:\/\/boreait.com\/hr\/wp-json\/wp\/v2\/media?parent=28747"}],"wp:term":[{"taxonomy":"product_brand","embeddable":true,"href":"https:\/\/boreait.com\/hr\/wp-json\/wp\/v2\/product_brand?post=28747"},{"taxonomy":"product_cat","embeddable":true,"href":"https:\/\/boreait.com\/hr\/wp-json\/wp\/v2\/product_cat?post=28747"},{"taxonomy":"product_tag","embeddable":true,"href":"https:\/\/boreait.com\/hr\/wp-json\/wp\/v2\/product_tag?post=28747"}],"curies":[{"name":"wp","href":"https:\/\/api.w.org\/{rel}","templated":true}]}}