{"id":28741,"date":"2025-09-12T08:56:08","date_gmt":"2025-09-12T08:56:08","guid":{"rendered":"https:\/\/boreait.com\/hr\/?post_type=product&#038;p=28741"},"modified":"2025-09-13T15:20:51","modified_gmt":"2025-09-13T15:20:51","slug":"okvir-tipkovnice-dell-latitude-5490-originalni-zamjenski-dijelovi-za-prijenosno-racunalo-rabljeno","status":"publish","type":"product","link":"https:\/\/boreait.com\/hr\/product\/okvir-tipkovnice-dell-latitude-5490-originalni-zamjenski-dijelovi-za-prijenosno-racunalo-rabljeno\/","title":{"rendered":"Okvir tipkovnice Dell Latitude 5490 &#8211; originalni zamjenski dijelovi za prijenosno ra\u010dunalo &#8211; rabljeno"},"content":{"rendered":"<p>Ovo je originalni okvir tipkovnice Dell Latitude 5490, dostupan kao rabljeni originalni dio u dobrom radnom stanju. To je savr\u0161en izbor ako \u017eelite zamijeniti o\u0161te\u0107eni ili istro\u0161eni okvir na prijenosnom ra\u010dunalu Latitude 5490.<\/p>\n<p>Kao i kod svih na\u0161ih dijelova prijenosnih ra\u010dunala, prikazane fotografije stvarne su slike to\u010dno onog proizvoda koji \u0107ete dobiti, tako da mo\u017eete kupovati s povjerenjem. Ovaj okvir odgovara modelu Dell Latitude 5490 i pouzdan je OEM dio dizajniran da savr\u0161eno odgovara va\u0161em prijenosnom ra\u010dunalu.<\/p>\n<p>\u2714 Kompatibilni model: Dell Latitude 5490 \/ UK &#8211; Europa<\/p>\n<p>\u2714 Stanje: Kori\u0161teno, testirano iu dobrom stanju<\/p>\n<p>\u2714 Kategorija: Dijelovi prijenosnog ra\u010dunala \u2013 okvir tipkovnice\/obloga oslonca za dlan<\/p>\n<p>Imajte na umu da upute za instalaciju nisu prilo\u017eene, ali ako trebate pomo\u0107, mo\u017eete nam poslati poruku za pomo\u0107.<\/p>\n","protected":false},"excerpt":{"rendered":"<p>Originalni okvir tipkovnice Dell Latitude 5490, kori\u0161ten ali u dobrom stanju. Idealan dio za laptop za zamjenu i popravke.<\/p>\n","protected":false},"featured_media":28781,"template":"","meta":[],"product_brand":[],"product_cat":[51],"product_tag":[52],"class_list":{"0":"post-28741","1":"product","2":"type-product","3":"status-publish","4":"has-post-thumbnail","6":"product_cat-laptop-housing","7":"product_tag-dell","9":"first","10":"instock","11":"taxable","12":"shipping-taxable","13":"purchasable","14":"product-type-simple"},"_links":{"self":[{"href":"https:\/\/boreait.com\/hr\/wp-json\/wp\/v2\/product\/28741","targetHints":{"allow":["GET"]}}],"collection":[{"href":"https:\/\/boreait.com\/hr\/wp-json\/wp\/v2\/product"}],"about":[{"href":"https:\/\/boreait.com\/hr\/wp-json\/wp\/v2\/types\/product"}],"wp:featuredmedia":[{"embeddable":true,"href":"https:\/\/boreait.com\/hr\/wp-json\/wp\/v2\/media\/28781"}],"wp:attachment":[{"href":"https:\/\/boreait.com\/hr\/wp-json\/wp\/v2\/media?parent=28741"}],"wp:term":[{"taxonomy":"product_brand","embeddable":true,"href":"https:\/\/boreait.com\/hr\/wp-json\/wp\/v2\/product_brand?post=28741"},{"taxonomy":"product_cat","embeddable":true,"href":"https:\/\/boreait.com\/hr\/wp-json\/wp\/v2\/product_cat?post=28741"},{"taxonomy":"product_tag","embeddable":true,"href":"https:\/\/boreait.com\/hr\/wp-json\/wp\/v2\/product_tag?post=28741"}],"curies":[{"name":"wp","href":"https:\/\/api.w.org\/{rel}","templated":true}]}}