{"id":28738,"date":"2025-09-12T08:56:07","date_gmt":"2025-09-12T08:56:07","guid":{"rendered":"https:\/\/boreait.com\/hr\/?post_type=product&#038;p=28738"},"modified":"2025-09-13T15:20:52","modified_gmt":"2025-09-13T15:20:52","slug":"dell-latitude-e5490-5490-lcd-poklopac-s-prednjim-okvirom-0vrwjm-vrwjm-dijelovi-prijenosnog-racunala","status":"publish","type":"product","link":"https:\/\/boreait.com\/hr\/product\/dell-latitude-e5490-5490-lcd-poklopac-s-prednjim-okvirom-0vrwjm-vrwjm-dijelovi-prijenosnog-racunala\/","title":{"rendered":"Dell Latitude E5490 5490 LCD poklopac s prednjim okvirom 0VRWJM VRWJM | Dijelovi prijenosnog ra\u010dunala"},"content":{"rendered":"<p data-start=\"552\" data-end=\"845\">Ovo je <strong data-start=\"562\" data-end=\"628\">originalni Dell Latitude E5490 \/ 5490 LCD poklopac s prednjim okvirom<\/strong>, broj dijela <strong data-start=\"642\" data-end=\"660\">0VRWJM \/ VRWJM<\/strong>.<br data-start=\"661\" data-end=\"664\" \/>To je <strong data-start=\"672\" data-end=\"702\">rabljeni, originalni dio prijenosnog ra\u010dunala<\/strong> pa\u017eljivo pregledan u pogledu kvalitete. Okvir s okvirom nalazi se oko zaslona, \u200b\u200b\u0161titi rubove i daje va\u0161em prijenosnom ra\u010dunalu \u010dist, dovr\u0161en izgled.<\/p>\n<h3 data-start=\"847\" data-end=\"863\">Klju\u010dni detalji:<\/h3>\n<ul data-start=\"864\" data-end=\"1217\">\n<li data-start=\"864\" data-end=\"917\">\n<p data-start=\"866\" data-end=\"917\"><strong data-start=\"866\" data-end=\"887\">Kompatibilni modeli<\/strong>: Dell Latitude E5490 \/ 5490<\/p>\n<\/li>\n<li data-start=\"918\" data-end=\"953\">\n<p data-start=\"920\" data-end=\"953\"><strong data-start=\"920\" data-end=\"936\">Brojevi dijelova<\/strong>: 0VRWJM, VRWJM<\/p>\n<\/li>\n<li data-start=\"954\" data-end=\"1021\">\n<p data-start=\"956\" data-end=\"1021\"><strong data-start=\"956\" data-end=\"969\">Stanje<\/strong>: Kori\u0161teno \u2013 potpuno funkcionalno, dobro kozmeti\u010dko stanje<\/p>\n<\/li>\n<li data-start=\"1022\" data-end=\"1079\">\n<p data-start=\"1024\" data-end=\"1079\"><strong data-start=\"1024\" data-end=\"1032\">Vrsta<\/strong>: poklopac okvira prednjeg okvira LCD-a (obrub zaslona)<\/p>\n<\/li>\n<li data-start=\"1080\" data-end=\"1132\">\n<p data-start=\"1082\" data-end=\"1132\"><strong data-start=\"1082\" data-end=\"1098\">Autenti\u010dnost<\/strong>: 100% originalni dio prijenosnog ra\u010dunala Dell<\/p>\n<\/li>\n<li data-start=\"1133\" data-end=\"1217\">\n<p data-start=\"1135\" data-end=\"1217\"><strong data-start=\"1135\" data-end=\"1145\">Fotografije<\/strong>: Slike u ovom popisu predstavljaju stvarni dio koji \u0107ete dobiti<\/p>\n<\/li>\n<\/ul>\n<p data-start=\"1219\" data-end=\"1423\">Ovaj zamjenski okvir idealan je ako je va\u0161 trenutni <strong data-start=\"1274\" data-end=\"1306\">napuknut, o\u0161te\u0107en ili nedostaje<\/strong>.<br data-start=\"1307\" data-end=\"1310\" \/>To je <strong data-start=\"1319\" data-end=\"1344\">bitni dio prijenosnog ra\u010dunala<\/strong> za za\u0161titu podru\u010dja zaslona i odr\u017eavanje profesionalnog izgleda va\u0161eg ure\u0111aja.<\/p>\n<p data-start=\"1425\" data-end=\"1550\">\ud83d\udccc <strong data-start=\"1428\" data-end=\"1436\">Napomena<\/strong>: Ne pru\u017eamo detaljne upute za instalaciju, ali ako trebate pomo\u0107, slobodno nam po\u0161aljite poruku.<\/p>\n","protected":false},"excerpt":{"rendered":"<p>Rabljeni originalni Dell Latitude E5490 \/ 5490 LCD poklopac s prednjim okvirom (0VRWJM \/ VRWJM). Originalni dio za laptop, testiran iu dobrom stanju.<\/p>\n","protected":false},"featured_media":28774,"template":"","meta":[],"product_brand":[],"product_cat":[51],"product_tag":[52],"class_list":{"0":"post-28738","1":"product","2":"type-product","3":"status-publish","4":"has-post-thumbnail","6":"product_cat-laptop-housing","7":"product_tag-dell","9":"first","10":"instock","11":"taxable","12":"shipping-taxable","13":"purchasable","14":"product-type-simple"},"_links":{"self":[{"href":"https:\/\/boreait.com\/hr\/wp-json\/wp\/v2\/product\/28738","targetHints":{"allow":["GET"]}}],"collection":[{"href":"https:\/\/boreait.com\/hr\/wp-json\/wp\/v2\/product"}],"about":[{"href":"https:\/\/boreait.com\/hr\/wp-json\/wp\/v2\/types\/product"}],"wp:featuredmedia":[{"embeddable":true,"href":"https:\/\/boreait.com\/hr\/wp-json\/wp\/v2\/media\/28774"}],"wp:attachment":[{"href":"https:\/\/boreait.com\/hr\/wp-json\/wp\/v2\/media?parent=28738"}],"wp:term":[{"taxonomy":"product_brand","embeddable":true,"href":"https:\/\/boreait.com\/hr\/wp-json\/wp\/v2\/product_brand?post=28738"},{"taxonomy":"product_cat","embeddable":true,"href":"https:\/\/boreait.com\/hr\/wp-json\/wp\/v2\/product_cat?post=28738"},{"taxonomy":"product_tag","embeddable":true,"href":"https:\/\/boreait.com\/hr\/wp-json\/wp\/v2\/product_tag?post=28738"}],"curies":[{"name":"wp","href":"https:\/\/api.w.org\/{rel}","templated":true}]}}