{"id":28630,"date":"2025-07-25T13:57:08","date_gmt":"2025-07-25T13:57:08","guid":{"rendered":"https:\/\/boreait.com\/hr\/?post_type=product&#038;p=28630"},"modified":"2025-10-15T12:03:39","modified_gmt":"2025-10-15T12:03:39","slug":"lenovo-ideapad-gaming-3-15imh05-lcd-15-6-fhd-ips-mat-30pin-zaslon-novo","status":"publish","type":"product","link":"https:\/\/boreait.com\/hr\/product\/lenovo-ideapad-gaming-3-15imh05-lcd-15-6-fhd-ips-mat-30pin-zaslon-novo\/","title":{"rendered":"Lenovo IdeaPad Gaming 3 15IMH05 LCD 15.6&#8243; FHD IPS Mat 30Pin zaslon NOVO"},"content":{"rendered":"<p data-start=\"812\" data-end=\"1119\"><strong>Stvarni model LCD zaslona: B156HAN02.1 &#8211; potpuno kompatibilan s Lenovo IdeaPad Gaming 3 15IMH05, 81Y4013QSC<\/strong><\/p>\n<p data-start=\"812\" data-end=\"1119\">Zamijenite o\u0161te\u0107eni ili neispravan zaslon prijenosnog ra\u010dunala ovim <strong data-start=\"867\" data-end=\"910\">visokokvalitetnim, potpuno novim LCD panelom od 15,6&#8243;<\/strong> dizajniranim posebno za <strong data-start=\"941\" data-end=\"996\">Lenovo IdeaPad Gaming 3 15IMH05 (Model: 81Y4013QSC)<\/strong>Bez obzira jeste li igra\u010d, kreator sadr\u017eaja ili povremeni korisnik, ovaj zaslon nudi zadivljuju\u0107u jasno\u0107u i impresivne slike sa:<\/p>\n<p>.<\/p>\n<ul data-start=\"1121\" data-end=\"1511\">\n<li data-start=\"1121\" data-end=\"1198\">\n<p data-start=\"1123\" data-end=\"1198\"><strong data-start=\"1123\" data-end=\"1157\">Puna HD rezolucija (1920&#215;1080)<\/strong> \u2013 U\u017eivajte u o\u0161trim detaljima i o\u0161trim slikama.<\/p>\n<\/li>\n<li data-start=\"1199\" data-end=\"1276\">\n<p data-start=\"1201\" data-end=\"1276\"><strong data-start=\"1201\" data-end=\"1219\">IPS tehnologija<\/strong> \u2013 \u0161iroki kutovi gledanja i precizna reprodukcija boja.<\/p>\n<\/li>\n<li data-start=\"1277\" data-end=\"1373\">\n<p data-start=\"1279\" data-end=\"1373\"><strong data-start=\"1279\" data-end=\"1306\">Mat zavr\u0161na obrada protiv odsjaja<\/strong> \u2013 Smanjuje refleksije za ugodnije iskustvo gledanja.<\/p>\n<\/li>\n<li data-start=\"1374\" data-end=\"1447\">\n<p data-start=\"1376\" data-end=\"1447\"><strong data-start=\"1376\" data-end=\"1400\">30-pinski eDP konektor<\/strong> \u2013 Potpuno kompatibilan s va\u0161im izvornim postavkama.<\/p>\n<\/li>\n<li data-start=\"1448\" data-end=\"1511\">\n<p data-start=\"1450\" data-end=\"1511\"><strong data-start=\"1450\" data-end=\"1473\">Stanje: 100% novo<\/strong> \u2013 Nikad kori\u0161teno, spremno za instalaciju.<\/p>\n<\/li>\n<\/ul>\n<p data-start=\"1513\" data-end=\"1715\"><strong data-start=\"1513\" data-end=\"1606\">Prije naru\u010divanja provjerite veli\u010dinu postoje\u0107eg zaslona, razlu\u010divost i vrstu priklju\u010dka.<\/strong> Ovaj proizvod <strong data-start=\"1625\" data-end=\"1649\">ne uklju\u010duje nosa\u010de<\/strong> ili dodatni hardver. Preporu\u010da se profesionalna instalacija.<\/p>\n<p data-start=\"1717\" data-end=\"1827\">Idealno za korisnike koji \u017eele vratiti svoje prijenosno ra\u010dunalo u stanje kao novo bez ugro\u017eavanja kvalitete zaslona.<\/p>\n","protected":false},"excerpt":{"rendered":"<p data-start=\"321\" data-end=\"501\">Potpuno novi 15,6&#8243; Full HD mat LCD zaslon zamjena za Lenovo IdeaPad Gaming 3 15IMH05 (model 81Y4013QSC). Sadr\u017ei \u017eivopisan IPS panel, 30-pinski eDP konektor i povr\u0161inu protiv odsjaja\u2014savr\u0161eno za igra\u010de i napredne korisnike koji tra\u017ee kristalno \u010distu sliku vizualni elementi.<\/p>\n","protected":false},"featured_media":27743,"template":"","meta":[],"product_brand":[],"product_cat":[57,56],"product_tag":[],"class_list":{"0":"post-28630","1":"product","2":"type-product","3":"status-publish","4":"has-post-thumbnail","6":"product_cat-15-6","7":"product_cat-laptop-screens-lcd-panels","9":"first","10":"instock","11":"taxable","12":"shipping-taxable","13":"purchasable","14":"product-type-simple"},"_links":{"self":[{"href":"https:\/\/boreait.com\/hr\/wp-json\/wp\/v2\/product\/28630","targetHints":{"allow":["GET"]}}],"collection":[{"href":"https:\/\/boreait.com\/hr\/wp-json\/wp\/v2\/product"}],"about":[{"href":"https:\/\/boreait.com\/hr\/wp-json\/wp\/v2\/types\/product"}],"wp:featuredmedia":[{"embeddable":true,"href":"https:\/\/boreait.com\/hr\/wp-json\/wp\/v2\/media\/27743"}],"wp:attachment":[{"href":"https:\/\/boreait.com\/hr\/wp-json\/wp\/v2\/media?parent=28630"}],"wp:term":[{"taxonomy":"product_brand","embeddable":true,"href":"https:\/\/boreait.com\/hr\/wp-json\/wp\/v2\/product_brand?post=28630"},{"taxonomy":"product_cat","embeddable":true,"href":"https:\/\/boreait.com\/hr\/wp-json\/wp\/v2\/product_cat?post=28630"},{"taxonomy":"product_tag","embeddable":true,"href":"https:\/\/boreait.com\/hr\/wp-json\/wp\/v2\/product_tag?post=28630"}],"curies":[{"name":"wp","href":"https:\/\/api.w.org\/{rel}","templated":true}]}}