{"id":28606,"date":"2025-07-25T13:56:18","date_gmt":"2025-07-25T13:56:18","guid":{"rendered":"https:\/\/boreait.com\/hr\/?post_type=product&#038;p=28606"},"modified":"2026-02-09T10:59:02","modified_gmt":"2026-02-09T10:59:02","slug":"717222-252-maticna-ploca-prijenosnog-racunala-lenovo-prodavac-originalnih-testiranih-dijelova-prijenosnih-racunala-u-eu","status":"publish","type":"product","link":"https:\/\/boreait.com\/hr\/product\/717222-252-maticna-ploca-prijenosnog-racunala-lenovo-prodavac-originalnih-testiranih-dijelova-prijenosnih-racunala-u-eu\/","title":{"rendered":"717222-252 Mati\u010dna plo\u010da prijenosnog ra\u010dunala Lenovo | Prodava\u010d originalnih testiranih dijelova prijenosnih ra\u010dunala u EU"},"content":{"rendered":"<p data-start=\"621\" data-end=\"843\">Tra\u017eite originalnu zamjensku mati\u010dnu plo\u010du za svoje prijenosno ra\u010dunalo Lenovo? Ova <strong data-start=\"696\" data-end=\"729\">717222-252 mati\u010dna plo\u010da Lenovo<\/strong> originalni je, visokokvalitetni dio za prijenosno ra\u010dunalo koji je u potpunosti testiran i potvr\u0111en u pogledu performansi i pouzdanosti.<\/p>\n<p data-start=\"845\" data-end=\"1117\">Idealna za vra\u0107anje funkcionalnosti va\u0161em Lenovo sustavu, ova je plo\u010da savr\u0161ena za rje\u0161avanje problema s pokretanjem, nestankom struje ili drugim gre\u0161kama povezanim s mati\u010dnom plo\u010dom. Bilo da ste servisna radionica, preprodava\u010d ili entuzijast DIY tehnike, ovo je pouzdana opcija za va\u0161 projekt popravka.<\/p>\n<h3 data-start=\"1119\" data-end=\"1138\">\ud83d\udd27 Klju\u010dni detalji:<\/h3>\n<ul data-start=\"1139\" data-end=\"1474\">\n<li data-start=\"1139\" data-end=\"1170\">\n<p data-start=\"1141\" data-end=\"1170\"><strong data-start=\"1141\" data-end=\"1157\">Broj dijela:<\/strong> 717222-252<\/p>\n<\/li>\n<li data-start=\"1171\" data-end=\"1252\">\n<p data-start=\"1173\" data-end=\"1252\"><strong data-start=\"1173\" data-end=\"1197\">Kompatibilnost robne marke:<\/strong> prijenosna ra\u010dunala Lenovo (provjerite kompatibilnost prije kupnje)<\/p>\n<\/li>\n<li data-start=\"1253\" data-end=\"1302\">\n<p data-start=\"1255\" data-end=\"1302\"><strong data-start=\"1255\" data-end=\"1269\">Stanje:<\/strong> rabljeno, potpuno funkcionalno, testirano<\/p>\n<\/li>\n<li data-start=\"1303\" data-end=\"1366\">\n<p data-start=\"1305\" data-end=\"1366\"><strong data-start=\"1305\" data-end=\"1316\">Fotografije:<\/strong> Dobit \u0107ete prave slike mati\u010dne plo\u010de<\/p>\n<\/li>\n<li data-start=\"1367\" data-end=\"1474\">\n<p data-start=\"1369\" data-end=\"1474\"><strong data-start=\"1369\" data-end=\"1386\">Instalacija:<\/strong> Upute nisu dane, ali rado \u0107emo vam pomo\u0107i s osnovnim upitima\u2014samo nam po\u0161aljite poruku!<\/p>\n<\/li>\n<\/ul>\n<p data-start=\"1476\" data-end=\"1721\">Specijalizirani smo za <strong data-start=\"1493\" data-end=\"1509\">dijelove za prijenosna ra\u010dunala<\/strong> i razumijemo koliko je va\u017eno dobiti to\u010dno onu komponentu koju tra\u017eite. Zato svaki proizvod koji navodimo, uklju\u010duju\u0107i ovu mati\u010dnu plo\u010du, dolazi sa stvarnim fotografijama\u2014ono \u0161to vidite to\u010dno je ono \u0161to \u0107ete i dobiti.<\/p>\n<p data-start=\"1723\" data-end=\"1795\">\ud83d\udce6 <strong data-start=\"1726\" data-end=\"1755\">Brza dostava iz Europe<\/strong><br data-start=\"1755\" data-end=\"1758\" \/>\ud83d\udcac <strong data-start=\"1761\" data-end=\"1795\">Pitanja? Po\u0161aljite nam poruku bilo kada!<\/strong><\/p>\n","protected":false},"excerpt":{"rendered":"<p>Originalna mati\u010dna plo\u010da prijenosnog ra\u010dunala Lenovo s brojem dijela 717222-252. Originalan, testiran i spreman za instalaciju. Brodovi iz EU.<\/p>\n","protected":false},"featured_media":28656,"template":"","meta":[],"product_brand":[],"product_cat":[62],"product_tag":[],"class_list":{"0":"post-28606","1":"product","2":"type-product","3":"status-publish","4":"has-post-thumbnail","6":"product_cat-motherboards-board-parts","8":"first","9":"instock","10":"taxable","11":"shipping-taxable","12":"purchasable","13":"product-type-simple"},"_links":{"self":[{"href":"https:\/\/boreait.com\/hr\/wp-json\/wp\/v2\/product\/28606","targetHints":{"allow":["GET"]}}],"collection":[{"href":"https:\/\/boreait.com\/hr\/wp-json\/wp\/v2\/product"}],"about":[{"href":"https:\/\/boreait.com\/hr\/wp-json\/wp\/v2\/types\/product"}],"wp:featuredmedia":[{"embeddable":true,"href":"https:\/\/boreait.com\/hr\/wp-json\/wp\/v2\/media\/28656"}],"wp:attachment":[{"href":"https:\/\/boreait.com\/hr\/wp-json\/wp\/v2\/media?parent=28606"}],"wp:term":[{"taxonomy":"product_brand","embeddable":true,"href":"https:\/\/boreait.com\/hr\/wp-json\/wp\/v2\/product_brand?post=28606"},{"taxonomy":"product_cat","embeddable":true,"href":"https:\/\/boreait.com\/hr\/wp-json\/wp\/v2\/product_cat?post=28606"},{"taxonomy":"product_tag","embeddable":true,"href":"https:\/\/boreait.com\/hr\/wp-json\/wp\/v2\/product_tag?post=28606"}],"curies":[{"name":"wp","href":"https:\/\/api.w.org\/{rel}","templated":true}]}}