{"id":28592,"date":"2025-07-25T13:55:54","date_gmt":"2025-07-25T13:55:54","guid":{"rendered":"https:\/\/boreait.com\/hr\/?post_type=product&#038;p=28592"},"modified":"2025-07-25T13:57:57","modified_gmt":"2025-07-25T13:57:57","slug":"ibm-390x-pci-modemska-kartica-za-prijenosno-racunalo-10l1296-originalni-dio-za-prijenosno-racunalo","status":"publish","type":"product","link":"https:\/\/boreait.com\/hr\/product\/ibm-390x-pci-modemska-kartica-za-prijenosno-racunalo-10l1296-originalni-dio-za-prijenosno-racunalo\/","title":{"rendered":"IBM 390X PCI modemska kartica za prijenosno ra\u010dunalo 10L1296 \u2013 originalni dio za prijenosno ra\u010dunalo"},"content":{"rendered":"<p data-start=\"661\" data-end=\"888\">Tra\u017eite zamjensku <strong data-start=\"687\" data-end=\"705\">PCI modemsku karticu<\/strong> za svoje staro prijenosno ra\u010dunalo IBM ThinkPad 390X? Ovo je <strong data-start=\"761\" data-end=\"796\">originalna IBM 10L1296 modemska kartica<\/strong>, testirana i spremna za instalaciju\u2014idealna za obnavljanje ili popravak va\u0161eg klasi\u010dnog ThinkPad sustava.<\/p>\n<p data-start=\"890\" data-end=\"1055\">Ovaj je dio savr\u0161en za kolekcionare prijenosnih ra\u010dunala, popravlja\u010de ili tehni\u010dare koji rade na popravcima naslije\u0111enih prijenosnih ra\u010dunala. To je <strong data-start=\"1004\" data-end=\"1027\">originalni dio prijenosnog ra\u010dunala<\/strong>, a ne generi\u010dka alternativa.<\/p>\n<p data-start=\"1057\" data-end=\"1376\">\u2714\ufe0f <strong data-start=\"1060\" data-end=\"1080\">Kompatibilni model<\/strong>: IBM ThinkPad 390X<br data-start=\"1099\" data-end=\"1102\" \/>\u2714\ufe0f <strong data-start=\"1105\" data-end=\"1120\">Broj dijela<\/strong>: 10L1296<br data-start=\"1129\" data-end=\"1132\" \/>\u2714\ufe0f <strong data-start=\"1135\" data-end=\"1143\">Vrsta<\/strong>: Interna PCI modemska kartica<br data-start=\"1168\" data-end=\"1171\" \/>\u2714\ufe0f <strong data-start=\"1174\" data-end=\"1187\">Stanje<\/strong>: rabljeno, potpuno funkcionalno<br data-start=\"1211\" data-end=\"1214\" \/>\u2714\ufe0f <strong data-start=\"1217\" data-end=\"1227\">Regija<\/strong>: Dostava iz Europe, dostupna dostava diljem svijeta<br data-start=\"1276\" data-end=\"1279\" \/>\u2714\ufe0f <strong data-start=\"1282\" data-end=\"1292\">Fotografije<\/strong>: fotografije stvarnih stavki \u2014 nema slika iz skladi\u0161ta. Ono \u0161to vidite je upravo ono \u0161to \u0107ete i primiti.<\/p>\n<hr data-start=\"1378\" data-end=\"1381\" \/>\n<p data-start=\"1383\" data-end=\"1486\"><strong data-start=\"1383\" data-end=\"1392\">Napomena:<\/strong> upute za instalaciju nisu prilo\u017eene, ali slobodno nam po\u0161aljite poruku ako trebate upute.<\/p>\n<p data-start=\"1488\" data-end=\"1630\">Bilo da restaurirate klasi\u010dni stroj ili tra\u017eite <strong data-start=\"1543\" data-end=\"1572\">dijelove prijenosnog ra\u010dunala koje je te\u0161ko prona\u0107i<\/strong>, ova originalna PCI modemska kartica pomo\u0107i \u0107e vam da obavite posao.<\/p>\n","protected":false},"excerpt":{"rendered":"<p>Originalna IBM 390X PCI modemska kartica (10L1296) za starinska prijenosna ra\u010dunala ThinkPad. Fotografije stvarnih dijelova\u2014ono \u0161to vidite to i dobivate.<\/p>\n","protected":false},"featured_media":28647,"template":"","meta":[],"product_brand":[],"product_cat":[62],"product_tag":[],"class_list":{"0":"post-28592","1":"product","2":"type-product","3":"status-publish","4":"has-post-thumbnail","6":"product_cat-motherboards-board-parts","8":"first","9":"instock","10":"taxable","11":"shipping-taxable","12":"purchasable","13":"product-type-simple"},"_links":{"self":[{"href":"https:\/\/boreait.com\/hr\/wp-json\/wp\/v2\/product\/28592","targetHints":{"allow":["GET"]}}],"collection":[{"href":"https:\/\/boreait.com\/hr\/wp-json\/wp\/v2\/product"}],"about":[{"href":"https:\/\/boreait.com\/hr\/wp-json\/wp\/v2\/types\/product"}],"wp:featuredmedia":[{"embeddable":true,"href":"https:\/\/boreait.com\/hr\/wp-json\/wp\/v2\/media\/28647"}],"wp:attachment":[{"href":"https:\/\/boreait.com\/hr\/wp-json\/wp\/v2\/media?parent=28592"}],"wp:term":[{"taxonomy":"product_brand","embeddable":true,"href":"https:\/\/boreait.com\/hr\/wp-json\/wp\/v2\/product_brand?post=28592"},{"taxonomy":"product_cat","embeddable":true,"href":"https:\/\/boreait.com\/hr\/wp-json\/wp\/v2\/product_cat?post=28592"},{"taxonomy":"product_tag","embeddable":true,"href":"https:\/\/boreait.com\/hr\/wp-json\/wp\/v2\/product_tag?post=28592"}],"curies":[{"name":"wp","href":"https:\/\/api.w.org\/{rel}","templated":true}]}}