{"id":28567,"date":"2025-07-25T13:55:09","date_gmt":"2025-07-25T13:55:09","guid":{"rendered":"https:\/\/boreait.com\/hr\/?post_type=product&#038;p=28567"},"modified":"2026-02-09T10:11:30","modified_gmt":"2026-02-09T10:11:30","slug":"ibm-lenovo-thinkpad-r50e-modemska-ploca-39t0061-za-x40-originalni-dio-prijenosnog-racunala","status":"publish","type":"product","link":"https:\/\/boreait.com\/hr\/product\/ibm-lenovo-thinkpad-r50e-modemska-ploca-39t0061-za-x40-originalni-dio-prijenosnog-racunala\/","title":{"rendered":"IBM Lenovo ThinkPad R50e Modemska plo\u010da 39T0061 za X40 \u2013 originalni dio prijenosnog ra\u010dunala"},"content":{"rendered":"<p data-start=\"438\" data-end=\"737\">Tra\u017eite pouzdanu zamjenu za modemsku plo\u010du svog prijenosnog ra\u010dunala? Ova <strong data-start=\"509\" data-end=\"580\">originalna plo\u010da za modem IBM Lenovo ThinkPad R50e (Broj dijela: 39T0061)<\/strong> je upravo ono \u0161to trebate. Posebno dizajniran za <strong data-start=\"633\" data-end=\"658\">ThinkPad X40 i R50e<\/strong> modele, ovaj originalni dio osigurava punu kompatibilnost i optimalnu izvedbu.<\/p>\n<p data-start=\"739\" data-end=\"759\">\ud83d\udca1 <strong data-start=\"742\" data-end=\"759\">Klju\u010dne zna\u010dajke:<\/strong><\/p>\n<ul data-start=\"760\" data-end=\"1068\">\n<li data-start=\"760\" data-end=\"787\">\n<p data-start=\"762\" data-end=\"787\"><strong data-start=\"762\" data-end=\"771\">Brand<\/strong>: IBM \/ Lenovo<\/p>\n<\/li>\n<li data-start=\"788\" data-end=\"835\">\n<p data-start=\"790\" data-end=\"835\"><strong data-start=\"790\" data-end=\"813\">Kompatibilnost modela<\/strong>: ThinkPad R50e, X40<\/p>\n<\/li>\n<li data-start=\"836\" data-end=\"870\">\n<p data-start=\"838\" data-end=\"870\"><strong data-start=\"838\" data-end=\"859\">Broj dijela (P\/N)<\/strong>: 39T0061<\/p>\n<\/li>\n<li data-start=\"871\" data-end=\"905\">\n<p data-start=\"873\" data-end=\"905\"><strong data-start=\"873\" data-end=\"881\">Vrsta<\/strong>: interna modemska plo\u010da<\/p>\n<\/li>\n<li data-start=\"906\" data-end=\"959\">\n<p data-start=\"908\" data-end=\"959\"><strong data-start=\"908\" data-end=\"921\">Stanje<\/strong>: Kori\u0161teno \u2013 potpuno testirano i funkcionalno<\/p>\n<\/li>\n<li data-start=\"960\" data-end=\"1023\">\n<p data-start=\"962\" data-end=\"1023\"><strong data-start=\"962\" data-end=\"978\">Autenti\u010dnost<\/strong>: 100% original, nije klon ili naknadno tr\u017ei\u0161te<\/p>\n<\/li>\n<li data-start=\"1024\" data-end=\"1068\">\n<p data-start=\"1026\" data-end=\"1068\"><strong data-start=\"1026\" data-end=\"1038\">Dostava<\/strong>: dostupna je dostava diljem svijeta<\/p>\n<\/li>\n<\/ul>\n<p data-start=\"1070\" data-end=\"1213\">\ud83d\uddbc <strong data-start=\"1073\" data-end=\"1105\">Ono \u0161to vidite to i dobijete<\/strong>:<br data-start=\"1106\" data-end=\"1109\" \/>Sve fotografije u ovom popisu stvarne su slike stvarne modemske plo\u010de koju \u0107ete dobiti \u2014 nema slika!<\/p>\n<p data-start=\"1215\" data-end=\"1369\">\ud83d\udce9 <strong data-start=\"1218\" data-end=\"1232\">Trebate li pomo\u0107?<\/strong><br data-start=\"1232\" data-end=\"1235\" \/>Iako ne pru\u017eamo upute za instalaciju, slobodno nam po\u0161aljite poruku ako imate pitanja o kompatibilnosti ili trebate smjernice.<\/p>\n<p data-start=\"1371\" data-end=\"1621\">\ud83d\udd27 Bilo da popravljate, nadogra\u0111ujete ili obnavljate svoj klasi\u010dni ThinkPad, ovaj je dio odli\u010dan izbor za va\u0161u kolekciju <strong data-start=\"1484\" data-end=\"1500\">dijelova za prijenosna ra\u010dunala<\/strong>. Naru\u010dite danas na <strong data-start=\"1530\" data-end=\"1544\">siggmo.com<\/strong>, va\u0161em pouzdanom izvoru originalnih komponenti prijenosnih ra\u010dunala u Europi i \u0161irom svijeta.<\/p>\n","protected":false},"excerpt":{"rendered":"<p>Originalna IBM ThinkPad R50e modemska plo\u010da (P\/N: 39T0061), kompatibilna s X40. Potpuno testiran i spreman za ugradnju. Prikazane prave fotografije.<\/p>\n","protected":false},"featured_media":28625,"template":"","meta":[],"product_brand":[],"product_cat":[62],"product_tag":[],"class_list":{"0":"post-28567","1":"product","2":"type-product","3":"status-publish","4":"has-post-thumbnail","6":"product_cat-motherboards-board-parts","8":"first","9":"instock","10":"taxable","11":"shipping-taxable","12":"purchasable","13":"product-type-simple"},"_links":{"self":[{"href":"https:\/\/boreait.com\/hr\/wp-json\/wp\/v2\/product\/28567","targetHints":{"allow":["GET"]}}],"collection":[{"href":"https:\/\/boreait.com\/hr\/wp-json\/wp\/v2\/product"}],"about":[{"href":"https:\/\/boreait.com\/hr\/wp-json\/wp\/v2\/types\/product"}],"wp:featuredmedia":[{"embeddable":true,"href":"https:\/\/boreait.com\/hr\/wp-json\/wp\/v2\/media\/28625"}],"wp:attachment":[{"href":"https:\/\/boreait.com\/hr\/wp-json\/wp\/v2\/media?parent=28567"}],"wp:term":[{"taxonomy":"product_brand","embeddable":true,"href":"https:\/\/boreait.com\/hr\/wp-json\/wp\/v2\/product_brand?post=28567"},{"taxonomy":"product_cat","embeddable":true,"href":"https:\/\/boreait.com\/hr\/wp-json\/wp\/v2\/product_cat?post=28567"},{"taxonomy":"product_tag","embeddable":true,"href":"https:\/\/boreait.com\/hr\/wp-json\/wp\/v2\/product_tag?post=28567"}],"curies":[{"name":"wp","href":"https:\/\/api.w.org\/{rel}","templated":true}]}}