{"id":28556,"date":"2025-07-25T13:54:47","date_gmt":"2025-07-25T13:54:47","guid":{"rendered":"https:\/\/boreait.com\/hr\/?post_type=product&#038;p=28556"},"modified":"2025-07-25T13:56:48","modified_gmt":"2025-07-25T13:56:48","slug":"a1466-macbook-air-13-2014-set-zvucnika-lijevi-desni-originalni-dijelovi-za-prijenosno-racunalo","status":"publish","type":"product","link":"https:\/\/boreait.com\/hr\/product\/a1466-macbook-air-13-2014-set-zvucnika-lijevi-desni-originalni-dijelovi-za-prijenosno-racunalo\/","title":{"rendered":"A1466 MacBook Air 13&#8243; 2014 set zvu\u010dnika lijevi + desni | Originalni dijelovi za prijenosno ra\u010dunalo"},"content":{"rendered":"<p data-start=\"632\" data-end=\"902\">Vratite svom MacBooku o\u0161tar, jasan zvuk s ovim <strong data-start=\"684\" data-end=\"708\">originalnim kompletom zvu\u010dnika<\/strong> za <strong data-start=\"717\" data-end=\"749\">MacBook Air 13&#8243; (po\u010detak 2014.)<\/strong> model <strong data-start=\"756\" data-end=\"765\">A1466<\/strong>Ovo su <strong data-start=\"781\" data-end=\"817\">lijevi i desni unutarnji zvu\u010dnici<\/strong>, pa\u017eljivo uklonjeni iz radne jedinice i potpuno testirani na kvalitetu i performanse.<\/p>\n<p data-start=\"904\" data-end=\"1098\">Bez obzira na to jesu li va\u0161i trenutni zvu\u010dnici izobli\u010deni, tihi ili o\u0161te\u0107eni, ovaj originalni Apple dio savr\u0161ena je zamjena za vra\u0107anje bogatog zvu\u010dnog iskustva koje je va\u0161 MacBook Air izvorno pru\u017eao.<\/p>\n<h3 data-start=\"1100\" data-end=\"1125\">\u2705 Istaknuti proizvodi:<\/h3>\n<ul data-start=\"1126\" data-end=\"1619\">\n<li data-start=\"1126\" data-end=\"1200\">\n<p data-start=\"1128\" data-end=\"1200\"><strong data-start=\"1128\" data-end=\"1152\">Kompatibilnost modela:<\/strong> MacBook Air 13 in\u010da (po\u010detak 2014.), model A1466<\/p>\n<\/li>\n<li data-start=\"1201\" data-end=\"1243\">\n<p data-start=\"1203\" data-end=\"1243\"><strong data-start=\"1203\" data-end=\"1216\">Uklju\u010duje:<\/strong> set zvu\u010dnika Lijevi + Desni<\/p>\n<\/li>\n<li data-start=\"1244\" data-end=\"1326\">\n<p data-start=\"1246\" data-end=\"1326\"><strong data-start=\"1246\" data-end=\"1260\">Stanje:<\/strong> rabljeno, ali potpuno funkcionalno \u2013 uklju\u010dene prave fotografije stvarnog artikla<\/p>\n<\/li>\n<li data-start=\"1327\" data-end=\"1425\">\n<p data-start=\"1329\" data-end=\"1425\"><strong data-start=\"1329\" data-end=\"1346\">Instalacija:<\/strong> Preporu\u010duje se profesionalna instalacija \u2013 slobodno nam po\u0161aljite poruku za smjernice<\/p>\n<\/li>\n<li data-start=\"1426\" data-end=\"1492\">\n<p data-start=\"1428\" data-end=\"1492\"><strong data-start=\"1428\" data-end=\"1441\">Dostava:<\/strong> Dostavljamo iz Europe i nudimo dostavu diljem svijeta<\/p>\n<\/li>\n<li data-start=\"1493\" data-end=\"1619\">\n<p data-start=\"1495\" data-end=\"1619\"><strong data-start=\"1495\" data-end=\"1511\">Savr\u0161eno za:<\/strong> tehni\u010dare za popravak, obnavlja\u010de prijenosnih ra\u010dunala i sve koji trebaju visokokvalitetne <strong data-start=\"1585\" data-end=\"1601\">dijelove prijenosnih ra\u010dunala<\/strong> za Apple ure\u0111aje<\/p>\n<\/li>\n<\/ul>\n<p data-start=\"1621\" data-end=\"1846\">Ako tra\u017eite <strong data-start=\"1643\" data-end=\"1659\">dijelove za prijenosna ra\u010dunala<\/strong> kojima mo\u017eete vjerovati, ovo je \u010dista, originalna Apple komponenta \u2013 ovdje nema jeftinih zamjena. Dobit \u0107ete to\u010dno ono \u0161to vidite na fotografijama. Jo\u0161 uvijek trebate pomo\u0107? Samo nam po\u0161aljite poruku bilo kada.<\/p>\n","protected":false},"excerpt":{"rendered":"<p data-start=\"393\" data-end=\"551\">Originalni lijevi i desni interni zvu\u010dnik za MacBook Air A1466 (13 in\u010da, po\u010detak 2014.). Potpuno testiran i radi, idealno za vra\u0107anje izvorne kvalitete zvuka.<\/p>\n","protected":false},"featured_media":28620,"template":"","meta":[],"product_brand":[],"product_cat":[53],"product_tag":[],"class_list":{"0":"post-28556","1":"product","2":"type-product","3":"status-publish","4":"has-post-thumbnail","6":"product_cat-laptop-speakers","8":"first","9":"instock","10":"taxable","11":"shipping-taxable","12":"purchasable","13":"product-type-simple"},"_links":{"self":[{"href":"https:\/\/boreait.com\/hr\/wp-json\/wp\/v2\/product\/28556","targetHints":{"allow":["GET"]}}],"collection":[{"href":"https:\/\/boreait.com\/hr\/wp-json\/wp\/v2\/product"}],"about":[{"href":"https:\/\/boreait.com\/hr\/wp-json\/wp\/v2\/types\/product"}],"wp:featuredmedia":[{"embeddable":true,"href":"https:\/\/boreait.com\/hr\/wp-json\/wp\/v2\/media\/28620"}],"wp:attachment":[{"href":"https:\/\/boreait.com\/hr\/wp-json\/wp\/v2\/media?parent=28556"}],"wp:term":[{"taxonomy":"product_brand","embeddable":true,"href":"https:\/\/boreait.com\/hr\/wp-json\/wp\/v2\/product_brand?post=28556"},{"taxonomy":"product_cat","embeddable":true,"href":"https:\/\/boreait.com\/hr\/wp-json\/wp\/v2\/product_cat?post=28556"},{"taxonomy":"product_tag","embeddable":true,"href":"https:\/\/boreait.com\/hr\/wp-json\/wp\/v2\/product_tag?post=28556"}],"curies":[{"name":"wp","href":"https:\/\/api.w.org\/{rel}","templated":true}]}}